{"id":4573,"date":"2016-02-16T11:12:05","date_gmt":"2016-02-16T11:12:05","guid":{"rendered":"http:\/\/www.ddessinparis.fr\/2016\/?page_id=4573"},"modified":"2021-04-28T21:05:21","modified_gmt":"2021-04-28T21:05:21","slug":"coup-de-coeur-2021","status":"publish","type":"page","link":"https:\/\/ddessinparis.com\/2021\/coup-de-coeur-2021\/","title":{"rendered":"Coup de C\u0153ur 2021"},"content":{"rendered":"<div id='full_slider_1'  class='avia-fullwidth-slider main_color avia-shadow   avia-builder-el-0  el_before_av_section  avia-builder-el-first   container_wrap sidebar_right' style=' '  ><div   data-size='featured'  data-lightbox_size='large'  data-animation='slide'  data-conditional_play=''  data-ids='7061'  data-video_counter='0'  data-autoplay='false'  data-bg_slider='false'  data-slide_height=''  data-handle='av_slideshow_full'  data-interval='5'  data-class=' '  data-el_id=''  data-css_id=''  data-scroll_down=''  data-control_layout='av-control-default'  data-custom_markup=''  data-perma_caption=''  data-autoplay_stopper=''  data-image_attachment=''  data-min_height='0px'  data-lazy_loading='disabled'  data-src=''  data-position='top left'  data-repeat='no-repeat'  data-attach='scroll'  data-stretch=''  data-default-height='28.666666666667'  class='avia-slideshow avia-slideshow-1  av-control-default av-default-height-applied avia-slideshow-featured av_slideshow_full   avia-slide-slider '  itemprop=\"image\" itemscope=\"itemscope\" itemtype=\"https:\/\/schema.org\/ImageObject\" ><ul class='avia-slideshow-inner ' style='padding-bottom: 28.666666666667%;' ><li  class=' av-single-slide slide-1 ' ><a href='https:\/\/ddessinparis.com\/2021\/wp-content\/uploads\/2021\/04\/Yann_Bagot._Chaos15_2012._Encre_de_chine_sur_papier_76_x_56_cm-759x1030.jpg' data-rel='slideshow-1' class='avia-slide-wrap '   ><div class = \"caption_fullwidth av-slideshow-caption caption_bottom caption_bottom_framed caption_framed\"><div class = \"container caption_container\"><div class = \"slideshow_caption\"><div class = \"slideshow_inner_caption\"><div class = \"slideshow_align_caption\"><h2  class='avia-caption-title  '  itemprop=\"name\" >Coup de C\u0153ur DDESSIN 2021 \/ Yann Bagot<\/h2><div class='avia-caption-content  '  itemprop=\"description\"  ><p>Yann Bagot,<br \/>\nChaos#15, 2012,<br \/>\nEncre de chine sur papier,<br \/>\n76x56cm,<br \/>\nCourtesy DDESSINPARIS et Yann Bagot<\/p>\n<\/div><\/div><\/div><\/div><\/div><\/div><img class=\"wp-image-7061 avia-img-lazy-loading-not-7061\"  src=\"https:\/\/ddessinparis.com\/2021\/wp-content\/uploads\/2021\/04\/Yann_Bagot._Chaos15_2012._Encre_de_chine_sur_papier_76_x_56_cm-1500x430.jpg\" width=\"1500\" height=\"430\" title='Yann Bagot, Chaos#15, 2012, Encre de chine sur papier, 76x56cm, Courtesy DDESSINPARIS et Yann Bagot' alt=''  itemprop=\"thumbnailUrl\"   \/><\/a><\/li><\/ul><\/div><\/div>\n<div id='av_section_1'  class='avia-section alternate_color avia-section-default avia-no-shadow  avia-bg-style-scroll  avia-builder-el-1  el_after_av_slideshow_full  el_before_av_section   container_wrap sidebar_right' style=' '  ><div class='container' ><div class='template-page content  av-content-small alpha units'><div class='post-entry post-entry-type-page post-entry-4573'><div class='entry-content-wrapper clearfix'>\n<div class=\"flex_column av_one_third  flex_column_div av-zero-column-padding first  avia-builder-el-2  el_before_av_two_third  avia-builder-el-first  \" style='border-radius:0px; '><div  class='avia-image-container  av-styling-  noHover  av-overlay-on-hover   avia-builder-el-3  avia-builder-el-no-sibling  avia-align-center '  itemprop=\"image\" itemscope=\"itemscope\" itemtype=\"https:\/\/schema.org\/ImageObject\"  ><div class='avia-image-container-inner'><div class='avia-image-overlay-wrap'><a href='https:\/\/ddessinparis.com\/2021\/wp-content\/uploads\/2021\/04\/Yann_Bagot._Chaos12_2012._Encre_de_chine_sur_papier_76_x_56_cm-759x1030.jpg' class='avia_image'  ><div class='av-image-caption-overlay'><div class='av-caption-image-overlay-bg' style='opacity:0.4; background-color:#000000; '><\/div><div class='av-image-caption-overlay-position'><div class='av-image-caption-overlay-center' style='color:#ffffff; font-size:12px; '><p>Yann Bagot,<br \/>\nChaos#12, 2012,<br \/>\nEncre de chine sur papier,<br \/>\n76x56cm,<br \/>\nCourtesy DDESSINPARIS et Yann Bagot<\/p>\n<\/div><\/div><\/div><img width=\"759\" height=\"1030\" class='wp-image-7062 avia-img-lazy-loading-not-7062 avia_image' src=\"https:\/\/ddessinparis.com\/2021\/wp-content\/uploads\/2021\/04\/Yann_Bagot._Chaos12_2012._Encre_de_chine_sur_papier_76_x_56_cm-759x1030.jpg\" alt='' title='Yann Bagot, Chaos#12, 2012, Encre de chine sur papier, 76x56cm, Courtesy DDESSINPARIS et Yann Bagot'  itemprop=\"thumbnailUrl\" srcset=\"https:\/\/ddessinparis.com\/2021\/wp-content\/uploads\/2021\/04\/Yann_Bagot._Chaos12_2012._Encre_de_chine_sur_papier_76_x_56_cm-759x1030.jpg 759w, https:\/\/ddessinparis.com\/2021\/wp-content\/uploads\/2021\/04\/Yann_Bagot._Chaos12_2012._Encre_de_chine_sur_papier_76_x_56_cm-221x300.jpg 221w, https:\/\/ddessinparis.com\/2021\/wp-content\/uploads\/2021\/04\/Yann_Bagot._Chaos12_2012._Encre_de_chine_sur_papier_76_x_56_cm-768x1042.jpg 768w, https:\/\/ddessinparis.com\/2021\/wp-content\/uploads\/2021\/04\/Yann_Bagot._Chaos12_2012._Encre_de_chine_sur_papier_76_x_56_cm-1132x1536.jpg 1132w, https:\/\/ddessinparis.com\/2021\/wp-content\/uploads\/2021\/04\/Yann_Bagot._Chaos12_2012._Encre_de_chine_sur_papier_76_x_56_cm-1509x2048.jpg 1509w, https:\/\/ddessinparis.com\/2021\/wp-content\/uploads\/2021\/04\/Yann_Bagot._Chaos12_2012._Encre_de_chine_sur_papier_76_x_56_cm-1105x1500.jpg 1105w, https:\/\/ddessinparis.com\/2021\/wp-content\/uploads\/2021\/04\/Yann_Bagot._Chaos12_2012._Encre_de_chine_sur_papier_76_x_56_cm-520x705.jpg 520w, https:\/\/ddessinparis.com\/2021\/wp-content\/uploads\/2021\/04\/Yann_Bagot._Chaos12_2012._Encre_de_chine_sur_papier_76_x_56_cm-scaled.jpg 1886w\" sizes=\"(max-width: 759px) 100vw, 759px\" \/><\/a><\/div><\/div><\/div><\/div><div class=\"flex_column av_two_third  flex_column_div av-zero-column-padding   avia-builder-el-4  el_after_av_one_third  avia-builder-el-last  \" style='border-radius:0px; '><section class=\"av_textblock_section \"  itemscope=\"itemscope\" itemtype=\"https:\/\/schema.org\/CreativeWork\" ><div class='avia_textblock  '   itemprop=\"text\" ><h3 style=\"text-align: justify;\"><strong><span style=\"color: #00ccff;\"><span style=\"font-size: 18pt;\">Yann Bagot<\/span><br \/>\n<\/span><\/strong><strong><span style=\"font-size: 10pt;\"><span style=\"font-size: 12pt;\">Eve de Medeiros, fondatrice et directrice de DDESSINPARIS, a choisi pour le coup de c\u0153ur du Salon DDESSIN {21} l\u2019artiste Yann Bagot.<\/span> <\/span> <\/strong><\/h3>\n<\/div><\/section><br \/>\n<section class=\"av_textblock_section \"  itemscope=\"itemscope\" itemtype=\"https:\/\/schema.org\/CreativeWork\" ><div class='avia_textblock  '   itemprop=\"text\" ><p style=\"text-align: justify;\">Yann Bagot d\u00e9veloppe une pratique de dessin \u00e0 partir d\u2019exp\u00e9riences in situ au contact de la nature. Au cours de r\u00e9sidences immersives sur le littoral, en for\u00eat, en montagne, il cherche \u00e0 faire corps avec le lieu, \u00e0 vivre l&#8217;intensit\u00e9 de l&#8217;instant.<\/p>\n<p style=\"text-align: justify;\">Mis \u00e0 l&#8217;\u00e9preuve des terrains, ses dessins explorent les r\u00e9actions entre l&#8217;encre de chine, l&#8217;eau et le sel sur le papier. Dessiner au plus pr\u00e8s de la mar\u00e9e montante, \u00e0 la nuit tombante, sous la pluie, plonger les dessins dans la mer ou sous une cascade : les contraintes du plein air activent des choix radicaux, les mouvements naturels font irruption dans les \u0153uvres et bouleversent les trac\u00e9s. En un \u00e9change symbiotique, l&#8217;encre et le papier figent leur empreinte al\u00e9atoire et fugitive.<\/p>\n<p style=\"text-align: justify;\">Des s\u00e9ries de dessins d&#8217;observation cherchent \u00e0 rendre pr\u00e9sente la nature v\u00e9cue : roches, arbres, flots. Fa\u00e7onn\u00e9es dans l&#8217;eau de mer, d&#8217;autres s\u00e9ries se relient \u00e0 l&#8217;obscurit\u00e9 des fronti\u00e8res aquatiques, composent un visage du lointain et de l&#8217;inaccessible : glaciers, eaux souterraines, abysses. R\u00e9alis\u00e9es au sol de l&#8217;atelier, des s\u00e9ries de grands formats tentent de restituer l&#8217;ampleur immersive et l&#8217;intensit\u00e9 physique des \u00e9l\u00e9ments naturels.<\/p>\n<p style=\"text-align: justify;\">Yann Bagot pr\u00e9sente ses \u0153uvres lors d&#8217;expositions personnelles ou collectives en France, en Europe et en Asie. En dialogue avec l&#8217;identit\u00e9 des territoires qui l&#8217;accueillent en r\u00e9sidence, ses dessins se rassemblent en installations dans des lieux o\u00f9 l&#8217;activit\u00e9 humaine a travers\u00e9 l&#8217;Histoire : une crypte m\u00e9rovingienne, une forge m\u00e9di\u00e9vale, un abri de la Premi\u00e8re Guerre mondiale, une fontaine ou encore un s\u00e9maphore.<\/p>\n<p style=\"text-align: justify;\">Il se consacre \u00e9galement \u00e0 la gravure, \u00e0 la cr\u00e9ation de livres d&#8217;artistes et collabore r\u00e9guli\u00e8rement avec des musiciens et des auteurs contemporains. Parall\u00e8lement \u00e0 ses cr\u00e9ations personnelles, il dessine au sein du collectif d&#8217;artistes\u00a0<em>Ensaders<\/em>\u00a0avec lequel il participe \u00e0 des performances, des expositions et conduit des workshops de dessin.<\/p>\n<\/div><\/section><\/p><\/div><\/div><\/div><\/div><!-- close content main div --><\/div><\/div><div id='av_section_2'  class='avia-section main_color avia-section-default avia-no-shadow  avia-bg-style-scroll  avia-builder-el-7  el_after_av_section  avia-builder-el-last   container_wrap sidebar_right' style=' '  ><div class='container' ><div class='template-page content  av-content-small alpha units'><div class='post-entry post-entry-type-page post-entry-4573'><div class='entry-content-wrapper clearfix'><\/div><\/div><\/div><!-- close content main div --><\/div><\/div><div id='after_section_2'  class='main_color av_default_container_wrap container_wrap sidebar_right' style=' '  ><div class='container' ><div class='template-page content  av-content-small alpha units'><div class='post-entry post-entry-type-page post-entry-4573'><div class='entry-content-wrapper clearfix'><\/p>\n","protected":false},"excerpt":{"rendered":"","protected":false},"author":1,"featured_media":0,"parent":0,"menu_order":0,"comment_status":"closed","ping_status":"closed","template":"","meta":[],"_links":{"self":[{"href":"https:\/\/ddessinparis.com\/2021\/wp-json\/wp\/v2\/pages\/4573"}],"collection":[{"href":"https:\/\/ddessinparis.com\/2021\/wp-json\/wp\/v2\/pages"}],"about":[{"href":"https:\/\/ddessinparis.com\/2021\/wp-json\/wp\/v2\/types\/page"}],"author":[{"embeddable":true,"href":"https:\/\/ddessinparis.com\/2021\/wp-json\/wp\/v2\/users\/1"}],"replies":[{"embeddable":true,"href":"https:\/\/ddessinparis.com\/2021\/wp-json\/wp\/v2\/comments?post=4573"}],"version-history":[{"count":65,"href":"https:\/\/ddessinparis.com\/2021\/wp-json\/wp\/v2\/pages\/4573\/revisions"}],"predecessor-version":[{"id":7066,"href":"https:\/\/ddessinparis.com\/2021\/wp-json\/wp\/v2\/pages\/4573\/revisions\/7066"}],"wp:attachment":[{"href":"https:\/\/ddessinparis.com\/2021\/wp-json\/wp\/v2\/media?parent=4573"}],"curies":[{"name":"wp","href":"https:\/\/api.w.org\/{rel}","templated":true}]}}