{"id":5720,"date":"2018-02-07T18:12:21","date_gmt":"2018-02-07T18:12:21","guid":{"rendered":"http:\/\/www.ddessinparis.fr\/2018\/?page_id=5720"},"modified":"2021-05-03T20:36:52","modified_gmt":"2021-05-03T20:36:52","slug":"black-box","status":"publish","type":"page","link":"https:\/\/ddessinparis.com\/2021\/black-box\/","title":{"rendered":"BLACK BOX"},"content":{"rendered":"<div id='full_slider_1'  class='avia-fullwidth-slider main_color avia-shadow   avia-builder-el-0  el_before_av_section  avia-builder-el-first   container_wrap sidebar_right' style=' '  ><div   data-size='featured_large'  data-lightbox_size='large'  data-animation='slide'  data-conditional_play=''  data-ids='7114'  data-video_counter='0'  data-autoplay='false'  data-bg_slider='false'  data-slide_height=''  data-handle='av_slideshow_full'  data-interval='5'  data-class=' '  data-el_id=''  data-css_id=''  data-scroll_down=''  data-control_layout='av-control-default'  data-custom_markup=''  data-perma_caption=''  data-autoplay_stopper=''  data-image_attachment=''  data-min_height='0px'  data-lazy_loading='disabled'  data-src=''  data-position='top left'  data-repeat='no-repeat'  data-attach='scroll'  data-stretch=''  data-default-height='42'  class='avia-slideshow avia-slideshow-1  av-control-default av-default-height-applied avia-slideshow-featured_large av_slideshow_full   avia-slide-slider '  itemprop=\"image\" itemscope=\"itemscope\" itemtype=\"https:\/\/schema.org\/ImageObject\" ><ul class='avia-slideshow-inner ' style='padding-bottom: 42%;' ><li  class=' av-single-slide slide-1 ' ><div data-rel='slideshow-1' class='avia-slide-wrap '   ><div class = \"caption_fullwidth av-slideshow-caption caption_bottom\"><div class = \"container caption_container\"><div class = \"slideshow_caption\"><div class = \"slideshow_inner_caption\"><div class = \"slideshow_align_caption\"><h2  class='avia-caption-title  '  itemprop=\"name\" >Smail Kanout\u00e9 pr\u00e9sente NEVER TWENTY ONE<\/h2><div class='avia-caption-content  '  itemprop=\"description\"  ><p>Cr\u00e9dit photo : Henri Coutant et Sma\u00efl Kanout\u00e9<\/p>\n<\/div><\/div><\/div><\/div><\/div><\/div><img class=\"wp-image-7114 avia-img-lazy-loading-not-7114\"  src=\"https:\/\/ddessinparis.com\/2021\/wp-content\/uploads\/2021\/05\/smail_kanoute-1500x630.jpg\" width=\"1500\" height=\"630\" title='smail_kanoute' alt=''  itemprop=\"thumbnailUrl\"   \/><\/div><\/li><\/ul><\/div><\/div>\n<div id='av_section_1'  class='avia-section header_color avia-section-default avia-no-shadow  avia-bg-style-scroll  avia-builder-el-1  el_after_av_slideshow_full  el_before_av_slideshow_full   av-minimum-height av-minimum-height-custom  container_wrap sidebar_right' style='background-color: #000000;  '  ><div class='container' style='height:100px'><div class='template-page content  av-content-small alpha units'><div class='post-entry post-entry-type-page post-entry-5720'><div class='entry-content-wrapper clearfix'>\n<div class=\"flex_column av_one_half  flex_column_div av-zero-column-padding first  avia-builder-el-2  el_before_av_one_half  avia-builder-el-first  \" style='border-radius:0px; '><section class=\"av_textblock_section \"  itemscope=\"itemscope\" itemtype=\"https:\/\/schema.org\/CreativeWork\" ><div class='avia_textblock  av_inherit_color '  style='color:#ffffff; '  itemprop=\"text\" ><p style=\"text-align: justify;\"><strong>Smail Kanout\u00e9 pr\u00e9sente <\/strong><\/p>\n<p style=\"text-align: justify;\">NEVER TWENTY ONE rend hommage aux jeunes victimes aux Etats-Unis, qui n&#8217;atteindront jamais la majorit\u00e9 \u00e0 cause des armes \u00e0 feu. Cette expression provenant du mouvement Black Lives Matter d\u00e9nonce les d\u00e9c\u00e8s pr\u00e9coces qui rongent notamment les quartiers de New York tel le Bronx.<\/p>\n<p style=\"text-align: justify;\">A travers des t\u00e9moignages de victimes du syst\u00e8me de vente des armes \u00e0 feu, un jeune danseur crie sa rage, la perte de ses proches, son emprisonnement dans ce cercle vicieux qui le pousse \u00e0 jouer avec sa vie. Il devient la cicatrice de ces vies sacrifi\u00e9es, de leurs souvenirs, de leurs mots grav\u00e9s \u00e0 tout jamais dans cette mal\u00e9diction du nombre 21.<\/p>\n<p style=\"text-align: justify;\">Sma\u00efl Kanout\u00e9 a \u00e9crit et co-r\u00e9alis\u00e9 ce court-m\u00e9trage avec son ex-collectif RACINE.<\/p>\n<\/div><\/section><\/div><div class=\"flex_column av_one_half  flex_column_div   avia-builder-el-4  el_after_av_one_half  avia-builder-el-last  \" style='background: #474747; padding:40px; background-color:#474747; border-radius:0px; '><section class=\"av_textblock_section \"  itemscope=\"itemscope\" itemtype=\"https:\/\/schema.org\/CreativeWork\" ><div class='avia_textblock  av_inherit_color '  style='color:#ffffff; '  itemprop=\"text\" ><h2>Black Box<\/h2>\n<\/div><\/section><br \/>\n<section class=\"av_textblock_section \"  itemscope=\"itemscope\" itemtype=\"https:\/\/schema.org\/CreativeWork\" ><div class='avia_textblock  av_inherit_color '  style='color:#ffffff; '  itemprop=\"text\" ><p style=\"text-align: justify;\"><strong>Fid\u00e8le \u00e0 sa vocation de mettre en lumi\u00e8re les nouvelles formes du dessin, et de montrer que les artistes repoussent sans cesse les fronti\u00e8res de ce m\u00e9dium fondateur, DDESSINPARIS proposera une Black Box.<\/strong><\/p>\n<p style=\"text-align: justify;\">Le dessin sortira donc une nouvelle fois de la feuille et s\u2019animera pour venir nous surprendre sur \u00e9cran. A travers la vid\u00e9o qui offre aux artistes un terrain d\u2019exp\u00e9rimentation riche et r\u00e9solument contemporain, cette nouvelle Black Box offrira aux visiteurs de DDESSINPARIS l\u2019exp\u00e9rience immersive du dessin en mouvement.<\/p>\n<p style=\"text-align: justify;\">L\u2019artiste Bastien Faudon pr\u00e9sentera son film d\u2019animation <em>L\u2019espace entre nous <\/em>r\u00e9alis\u00e9 \u00e0 partir de dessins sur papier. Il invite le spectateur a\u0300 appr\u00e9hender les notions d\u2019espace et de temps par une approche sensible, m\u00ealant po\u00e9sie et dessin en mouvement. L\u2019image abstraite devient un support de r\u00e9flexion et de projection dans un univers m\u00e9taphysique o\u00f9 se confondent le r\u00e9el et le virtuel, l\u2019infiniment grand et l\u2019infiniment petit.<\/p>\n<\/div><\/section><\/p><\/div><\/div><\/div><\/div><!-- close content main div --><\/div><\/div><div id='full_slider_2'  class='avia-fullwidth-slider main_color avia-shadow   avia-builder-el-7  el_after_av_section  el_before_av_section   slider-not-first container_wrap sidebar_right' style=' '  ><div   data-size='featured_large'  data-lightbox_size='large'  data-animation='slide'  data-conditional_play=''  data-ids='7101'  data-video_counter='0'  data-autoplay='false'  data-bg_slider='false'  data-slide_height=''  data-handle='av_slideshow_full'  data-interval='5'  data-class=' '  data-el_id=''  data-css_id=''  data-scroll_down=''  data-control_layout='av-control-default'  data-custom_markup=''  data-perma_caption=''  data-autoplay_stopper=''  data-image_attachment=''  data-min_height='0px'  data-lazy_loading='disabled'  data-src=''  data-position='top left'  data-repeat='no-repeat'  data-attach='scroll'  data-stretch=''  data-default-height='42'  class='avia-slideshow avia-slideshow-2  av-control-default av-default-height-applied avia-slideshow-featured_large av_slideshow_full   avia-slide-slider '  itemprop=\"image\" itemscope=\"itemscope\" itemtype=\"https:\/\/schema.org\/ImageObject\" ><ul class='avia-slideshow-inner ' style='padding-bottom: 42%;' ><li  class=' av-single-slide slide-1 ' ><div data-rel='slideshow-2' class='avia-slide-wrap '   ><div class = \"caption_fullwidth av-slideshow-caption caption_bottom\"><div class = \"container caption_container\"><div class = \"slideshow_caption\"><div class = \"slideshow_inner_caption\"><div class = \"slideshow_align_caption\"><h2  class='avia-caption-title  '  itemprop=\"name\" >Bastien Faudon<\/h2><div class='avia-caption-content  '  itemprop=\"description\"  ><p>L\u2019espace entre nous, 2021, dessin d\u2019animation, extrait,<br \/>\nCourtesy DDESSINPARIS et Bastien Faudon<\/p>\n<\/div><\/div><\/div><\/div><\/div><\/div><img class=\"wp-image-7101 avia-img-lazy-loading-not-7101\"  src=\"https:\/\/ddessinparis.com\/2021\/wp-content\/uploads\/2021\/05\/Bastien_Faudon_Black_Box_2021-1500x630.jpg\" width=\"1500\" height=\"630\" title='Bastien_Faudon_Black_Box_2021' alt=''  itemprop=\"thumbnailUrl\"   \/><\/div><\/li><\/ul><\/div><\/div><\/p>\n<div id='av_section_2'  class='avia-section header_color avia-section-default avia-no-shadow  avia-bg-style-scroll  avia-builder-el-8  el_after_av_slideshow_full  avia-builder-el-last   av-minimum-height av-minimum-height-custom  container_wrap sidebar_right' style='background-color: #000000;  '  ><div class='container' style='height:100px'><div class='template-page content  av-content-small alpha units'><div class='post-entry post-entry-type-page post-entry-5720'><div class='entry-content-wrapper clearfix'>\n<div class=\"flex_column av_one_half  flex_column_div av-zero-column-padding first  avia-builder-el-9  el_before_av_one_half  avia-builder-el-first  \" style='border-radius:0px; '><div   data-size='featured_large'  data-lightbox_size='large'  data-animation='fade'  data-conditional_play=''  data-ids='6503'  data-video_counter='0'  data-autoplay='true'  data-bg_slider='false'  data-slide_height=''  data-handle='av_slideshow'  data-interval='5'  data-class=' avia-builder-el-10  avia-builder-el-no-sibling  '  data-el_id=''  data-css_id=''  data-scroll_down=''  data-control_layout='av-control-default'  data-custom_markup=''  data-perma_caption=''  data-autoplay_stopper=''  data-image_attachment=''  data-min_height='0px'  data-lazy_loading='disabled'  data-default-height='42'  class='avia-slideshow avia-slideshow-3  av-control-default av-default-height-applied avia-slideshow-featured_large av_slideshow  avia-builder-el-10  avia-builder-el-no-sibling   avia-fade-slider '  itemprop=\"image\" itemscope=\"itemscope\" itemtype=\"https:\/\/schema.org\/ImageObject\" ><ul class='avia-slideshow-inner ' style='padding-bottom: 42%;' ><li  class=' av-single-slide slide-1 ' ><a href='https:\/\/ddessinparis.com\/2021\/wp-content\/uploads\/2020\/01\/Bastien_Faudon_Azote_2019_Dessin_d_animation_detail_2_Courtesy_DDESSINPARIS_et_Bastien_Faudon-1030x579.jpg' data-rel='slideshow-3' class='avia-slide-wrap '   ><div class=\"avia-caption av-slideshow-caption\"><div class=\"avia-inner-caption\"><div class='avia-caption-content  '  itemprop=\"description\"  ><p>Azote, 2019, dessin d&#8217;animation, extrait, Courtesy DDESSINPARIS et Bastien Faudon (film d\u2019animation pr\u00e9sent\u00e9 en septembre 2020 sur DDESSINPARIS)<\/p>\n<\/div><\/div><\/div><img class=\"wp-image-6503 avia-img-lazy-loading-not-6503\"  src=\"https:\/\/ddessinparis.com\/2021\/wp-content\/uploads\/2020\/01\/Bastien_Faudon_Azote_2019_Dessin_d_animation_detail_2_Courtesy_DDESSINPARIS_et_Bastien_Faudon-1500x630.jpg\" width=\"1500\" height=\"630\" title='Bastien_Faudon_Azote_2019_Dessin_d_animation_detail_2_Courtesy_DDESSINPARIS_et_Bastien_Faudon' alt=''  itemprop=\"thumbnailUrl\"   \/><\/a><\/li><\/ul><\/div><\/div><div class=\"flex_column av_one_half  flex_column_div av-zero-column-padding   avia-builder-el-11  el_after_av_one_half  avia-builder-el-last  \" style='border-radius:0px; '><section class=\"av_textblock_section \"  itemscope=\"itemscope\" itemtype=\"https:\/\/schema.org\/CreativeWork\" ><div class='avia_textblock  av_inherit_color '  style='color:#ffffff; '  itemprop=\"text\" ><p style=\"text-align: justify;\">Le travail de Bastien Faudon emprunte a\u0300 la science son recours permanent a\u0300 la recherche th\u00e9orique et a\u0300 l\u2019exp\u00e9rimentation. Il d\u00e9veloppe ainsi au c\u0153ur de sa d\u00e9marche la pratique du dessin mais aussi celle de l\u2019animation, de la vid\u00e9o et du volume. En prenant la connaissance scientifique comme moteur de cr\u00e9ation, il d\u00e9veloppe une pratique transdisciplinaire qui interroge la place de la recherche artistique et son r\u00f4le dans l\u2019\u00e9mergence de nouvelles id\u00e9es. C\u2019est donc a\u0300 la crois\u00e9e des regards artistique, scientifique et philosophique que se situe sa d\u00e9marche.<\/p>\n<\/div><\/section><\/div>\n<\/div><\/div><\/div><!-- close content main div --><\/div><\/div><div id='after_section_2'  class='main_color av_default_container_wrap container_wrap sidebar_right' style=' '  ><div class='container' ><div class='template-page content  av-content-small alpha units'><div class='post-entry post-entry-type-page post-entry-5720'><div class='entry-content-wrapper clearfix'>\n","protected":false},"excerpt":{"rendered":"","protected":false},"author":1,"featured_media":0,"parent":0,"menu_order":0,"comment_status":"closed","ping_status":"closed","template":"","meta":[],"_links":{"self":[{"href":"https:\/\/ddessinparis.com\/2021\/wp-json\/wp\/v2\/pages\/5720"}],"collection":[{"href":"https:\/\/ddessinparis.com\/2021\/wp-json\/wp\/v2\/pages"}],"about":[{"href":"https:\/\/ddessinparis.com\/2021\/wp-json\/wp\/v2\/types\/page"}],"author":[{"embeddable":true,"href":"https:\/\/ddessinparis.com\/2021\/wp-json\/wp\/v2\/users\/1"}],"replies":[{"embeddable":true,"href":"https:\/\/ddessinparis.com\/2021\/wp-json\/wp\/v2\/comments?post=5720"}],"version-history":[{"count":85,"href":"https:\/\/ddessinparis.com\/2021\/wp-json\/wp\/v2\/pages\/5720\/revisions"}],"predecessor-version":[{"id":7135,"href":"https:\/\/ddessinparis.com\/2021\/wp-json\/wp\/v2\/pages\/5720\/revisions\/7135"}],"wp:attachment":[{"href":"https:\/\/ddessinparis.com\/2021\/wp-json\/wp\/v2\/media?parent=5720"}],"curies":[{"name":"wp","href":"https:\/\/api.w.org\/{rel}","templated":true}]}}