{"id":6387,"date":"2019-12-08T21:53:33","date_gmt":"2019-12-08T21:53:33","guid":{"rendered":"http:\/\/ddessinparis.fr\/2020\/?page_id=6387\/"},"modified":"2021-04-28T14:42:31","modified_gmt":"2021-04-28T14:42:31","slug":"candidatures-galeries-et-institutions","status":"publish","type":"page","link":"https:\/\/ddessinparis.com\/2021\/candidatures-galeries-et-institutions\/","title":{"rendered":"CANDIDATURES GALERIES ET INSTITUTIONS"},"content":{"rendered":"<div id='av_section_1'  class='avia-section main_color avia-section-default avia-no-shadow  avia-bg-style-scroll  avia-builder-el-0  avia-builder-el-no-sibling   container_wrap sidebar_right' style=' '  ><div class='container' ><main  role=\"main\" itemprop=\"mainContentOfPage\"  class='template-page content  av-content-small alpha units'><div class='post-entry post-entry-type-page post-entry-6387'><div class='entry-content-wrapper clearfix'>\n<div class=\"flex_column av_one_fifth  flex_column_div av-zero-column-padding first  avia-builder-el-1  el_before_av_three_fifth  avia-builder-el-first  \" style='border-radius:0px; '><\/div><div class=\"flex_column av_three_fifth  flex_column_div av-zero-column-padding   avia-builder-el-2  el_after_av_one_fifth  el_before_av_one_fifth  \" style='border-radius:0px; '><section class=\"av_textblock_section \"  itemscope=\"itemscope\" itemtype=\"https:\/\/schema.org\/CreativeWork\" ><div class='avia_textblock  '   itemprop=\"text\" ><h3 style=\"text-align: center;\">Vous souhaitez candidater \u00e0 la 10\u00e8me \u00e9dition de DDESSINPARIS, DDESSIN {22} :<\/h3>\n<p style=\"text-align: center;\"><span style=\"font-size: 12pt;\">Merci de demander un dossier de candidature via le formulaire <strong>ci-dessous<\/strong><\/span><strong><span style=\"font-size: 12pt;\">.<br \/>\n<\/span><\/strong>Chaque candidature fera l\u2019objet d\u2019une r\u00e9ponse individuelle et d\u2019un suivi particulier.<\/p>\n<\/div><\/section><br \/>\n<\/p><\/div><div class=\"flex_column av_one_fifth  flex_column_div av-zero-column-padding   avia-builder-el-5  el_after_av_three_fifth  avia-builder-el-last  \" style='border-radius:0px; '><\/div><\/div><\/div><\/main><!-- close content main element --><\/div><\/div><div id='after_section_1'  class='main_color av_default_container_wrap container_wrap sidebar_right' style=' '  ><div class='container' ><div class='template-page content  av-content-small alpha units'><div class='post-entry post-entry-type-page post-entry-6387'><div class='entry-content-wrapper clearfix'>\n","protected":false},"excerpt":{"rendered":"","protected":false},"author":1,"featured_media":0,"parent":0,"menu_order":0,"comment_status":"closed","ping_status":"closed","template":"","meta":[],"_links":{"self":[{"href":"https:\/\/ddessinparis.com\/2021\/wp-json\/wp\/v2\/pages\/6387"}],"collection":[{"href":"https:\/\/ddessinparis.com\/2021\/wp-json\/wp\/v2\/pages"}],"about":[{"href":"https:\/\/ddessinparis.com\/2021\/wp-json\/wp\/v2\/types\/page"}],"author":[{"embeddable":true,"href":"https:\/\/ddessinparis.com\/2021\/wp-json\/wp\/v2\/users\/1"}],"replies":[{"embeddable":true,"href":"https:\/\/ddessinparis.com\/2021\/wp-json\/wp\/v2\/comments?post=6387"}],"version-history":[{"count":4,"href":"https:\/\/ddessinparis.com\/2021\/wp-json\/wp\/v2\/pages\/6387\/revisions"}],"predecessor-version":[{"id":7053,"href":"https:\/\/ddessinparis.com\/2021\/wp-json\/wp\/v2\/pages\/6387\/revisions\/7053"}],"wp:attachment":[{"href":"https:\/\/ddessinparis.com\/2021\/wp-json\/wp\/v2\/media?parent=6387"}],"curies":[{"name":"wp","href":"https:\/\/api.w.org\/{rel}","templated":true}]}}