{"id":6877,"date":"2020-09-25T22:46:21","date_gmt":"2020-09-25T22:46:21","guid":{"rendered":"http:\/\/ddessinparis.fr\/2020\/?page_id=6877"},"modified":"2020-09-27T10:02:30","modified_gmt":"2020-09-27T10:02:30","slug":"laureat-2020","status":"publish","type":"page","link":"https:\/\/ddessinparis.com\/2021\/laureat-2020\/","title":{"rendered":"LAUR\u00c9AT 2020"},"content":{"rendered":"<div id='fullscreen_slider_1'  class='avia-fullscreen-slider main_color   avia-builder-el-0  el_before_av_section  avia-builder-el-first   container_wrap sidebar_right' style=' '  ><a href='#next-section' title='' class='scroll-down-link av-control-default' aria-hidden='true' data-av_icon='\ue877' data-av_iconfont='entypo-fontello'><\/a><div   data-size='no scaling'  data-lightbox_size='large'  data-animation='slide'  data-conditional_play=''  data-ids='6878'  data-video_counter='0'  data-autoplay='true'  data-bg_slider='true'  data-slide_height='100'  data-handle='av_fullscreen'  data-interval='6'  data-class=' '  data-el_id=''  data-css_id='fullscreen_slider_1'  data-scroll_down='aviaTBscroll_down'  data-control_layout='av-control-default'  data-custom_markup=''  data-perma_caption=''  data-autoplay_stopper=''  data-image_attachment=''  data-min_height='0px'  data-lazy_loading='disabled'  data-stretch=''  class='avia-slideshow avia-slideshow-1 av-slider-scroll-down-active av-control-default av-default-height-applied avia-slideshow-no scaling av_fullscreen   avia-slide-slider '  itemprop=\"image\" itemscope=\"itemscope\" itemtype=\"https:\/\/schema.org\/ImageObject\" ><ul class='avia-slideshow-inner ' style='padding-bottom: 105.69105691057%;' ><li style='background-position:center center;' data-img-url='https:\/\/ddessinparis.com\/2021\/wp-content\/uploads\/2020\/09\/DSCF7055-300dpi.jpg' class=' av-single-slide slide-1 ' ><a href='https:\/\/ddessinparis.com\/2021\/wp-content\/uploads\/2020\/09\/DSCF7055-300dpi-975x1030.jpg' data-rel='slideshow-1' class='avia-slide-wrap '   ><div class = \"caption_fullwidth av-slideshow-caption caption_bottom caption_bottom_framed caption_framed\"><div class = \"container caption_container\"><div class = \"slideshow_caption\"><div class = \"slideshow_inner_caption\"><div class = \"slideshow_align_caption\"><h2  class='avia-caption-title  '  itemprop=\"name\" >LOUIS LE KIM<\/h2><div class='avia-caption-content  '  itemprop=\"description\"  ><p>Sans titre, 2019,<br \/>\nMine graphite sur papier,<br \/>\n42,5 x 59 cm,<br \/>\nCourtesy de l&#8217;artiste<\/p>\n<\/div><\/div><\/div><\/div><\/div><\/div><\/a><\/li><\/ul><\/div><\/div>\n<div id='av_section_1'  class='avia-section header_color avia-section-default avia-no-shadow  avia-bg-style-scroll  avia-builder-el-1  el_after_av_fullscreen  el_before_av_three_fifth   container_wrap sidebar_right' style='background-color: #ffffff;  '  ><div class='container' ><div class='template-page content  av-content-small alpha units'><div class='post-entry post-entry-type-page post-entry-6877'><div class='entry-content-wrapper clearfix'>\n<div class=\"flex_column av_one_full  flex_column_div av-zero-column-padding first  avia-builder-el-2  avia-builder-el-no-sibling  \" style='border-radius:0px; '><section class=\"av_textblock_section \"  itemscope=\"itemscope\" itemtype=\"https:\/\/schema.org\/CreativeWork\" ><div class='avia_textblock  av_inherit_color '  style='color:#000000; '  itemprop=\"text\" ><h2>LOUIS LE KIM<\/h2>\n<h3>LAUR\u00c9AT DU PRIX DDESSIN {20}<\/h3>\n<p><strong>Louis Le Kim,\u00a0<\/strong>pr\u00e9sent\u00e9 sur l\u2019\u00e9v\u00e8nement par la\u00a0<strong>Galerie LEYMARIE\u00a0<\/strong>\u2013 qui participe pour la troisi\u00e8me ann\u00e9e cons\u00e9cutive au salon, a \u00e9t\u00e9 d\u00e9sign\u00e9<strong>\u00a0laur\u00e9at du prix\u00a0DDESSINPARIS \/ INSTITUT FRAN\u00c7AIS DE SAINT-LOUIS DU S\u00c9N\u00c9GAL,\u00a0<\/strong>ce jeudi 17 septembre 2020<strong>.<\/strong><\/p>\n<p><strong>Louis Le Kim<\/strong>\u00a0b\u00e9n\u00e9ficiera d\u2019une\u00a0<strong>r\u00e9sidence de cr\u00e9ation,\u00a0<\/strong>pour une dur\u00e9e d\u2019un mois \u00e0 la tr\u00e8s convoit\u00e9e<strong>\u00a0Villa Saint-Louis Ndar<\/strong><strong>. A<\/strong> l\u2019issue de sa r\u00e9sidence, l\u2019artiste aura la possibilit\u00e9 d\u2019exposer son travail \u00e0 la<strong>\u00a0Galerie du Fleuve <\/strong><strong>de<\/strong> <strong>l\u2019<\/strong><strong>Institut fran\u00e7ais de Saint-Louis<\/strong><strong>.<\/strong><strong>\u00a0<\/strong>Il<strong>\u00a0<\/strong>sera \u00e9galement\u00a0<strong>mis \u00e0 l\u2019honneur lors de la prochaine \u00e9dition de DDESSINPARIS<\/strong>, DDESSIN {21}.<\/p>\n<p><strong>Membres du jury 2020 :\u00a0<\/strong><\/p>\n<p><strong>Christine de Chir\u00e9e<\/strong>,\u00a0<strong>Pr\u00e9sidente<\/strong>,\u00a0<em>historienne de l\u2019art et collectionneuse\u00a0<\/em>;\u00a0<strong>Chris Cyrille<\/strong>,\u00a0<em>Commissaire ind\u00e9pendant, critique d\u2019art et po\u00e8te, laur\u00e9at 2020 du prix Aica France de la critique d\u2019art ;\u00a0<\/em><strong>Jacques Deret<\/strong>,\u00a0<em>collectionneur et cofondateur de Art [ ] Collector<\/em>\u00a0;\u00a0<strong>Marianne Dollo<\/strong>,\u00a0<em>collectionneuse et Art advisor\u00a0<\/em>;\u00a0<strong>Jenny Graser<\/strong>,\u00a0<em>conservatrice du d\u00e9partement dessin et estampe du Kupferstichkabinett de Berlin\u00a0<\/em>;\u00a0<strong>Claire Luna<\/strong>,\u00a0<em>commissaire d\u2019exposition et critique d\u2019art<\/em>\u00a0;\u00a0<strong>Edwart Vignot<\/strong>,\u00a0<em>collectionneur, historien de l\u2019art et chroniqueur France T\u00e9l\u00e9visions.<\/em><\/p>\n<p><a href=\"http:\/\/s867460963.onlinehome.fr\/2021\/wp-content\/uploads\/2020\/09\/DDessin20_CPLAUREATS092020.pdf\" target=\"_blank\" rel=\"noopener\"><span style=\"color: #00ffff;\"><span style=\"color: #00ccff;\">T\u00c9L\u00c9CHARGEZ LE COMMUNIQU\u00c9 DE PRESSE<\/span><\/span><\/a><\/p>\n<\/div><\/section><\/div>\n<\/div><\/div><\/div><!-- close content main div --><\/div><\/div><div id='after_section_1'  class='main_color av_default_container_wrap container_wrap sidebar_right' style=' '  ><div class='container' ><div class='template-page content  av-content-small alpha units'><div class='post-entry post-entry-type-page post-entry-6877'><div class='entry-content-wrapper clearfix'>\n<div class=\"flex_column av_three_fifth  flex_column_div av-zero-column-padding first  avia-builder-el-4  el_after_av_section  el_before_av_two_fifth  avia-builder-el-first  \" style='border-radius:0px; '><section class=\"av_textblock_section \"  itemscope=\"itemscope\" itemtype=\"https:\/\/schema.org\/CreativeWork\" ><div class='avia_textblock  av_inherit_color '  style='color:#000000; '  itemprop=\"text\" ><h3 style=\"text-align: justify;\"><strong>Louis Le Kim<\/strong><\/h3>\n<p style=\"text-align: justify;\">Louis Le Kim parcourt le monde entier, du Caucase \u00e0 l\u2019Afrique, en passant par l\u2019Irak ou le\u00a0Kazakhstan,\u00a0\u00e0 la recherche d\u2019espaces inoccup\u00e9s \u2013 friches industrielles, sites miniers ou souterrains d\u00e9sert\u00e9s\u2026 \u2013 qui forment la mati\u00e8re brute d\u2019une \u0153uvre empreinte du silence et de l\u2019absence propres aux sites architecturaux qui l\u2019inspirent.<\/p>\n<p style=\"text-align: justify;\">Cet artiste explorateur arpente des lieux vides, baign\u00e9s de myst\u00e8re, et les d\u00e9pouille de toute fonction, de tout ancrage dans l\u2019espace ou le temps, afin d\u2018ouvrir l\u2019esprit sur ce qu\u2019il appelle une \u00ab\u00a0d\u00e9ambulation contemplative\u00a0dans des espaces non fonctionnels \u00bb.<\/p>\n<p style=\"text-align: justify;\">Et ces assemblages imaginaires \u00e0 l\u2019esth\u00e9tique \u00e9pur\u00e9e sont soustraits \u00e0 toute histoire et toute origine, afin de laisser au regardeur la possibilit\u00e9 de s\u2019approprier l\u2019univers repr\u00e9sent\u00e9.<\/p>\n<p style=\"text-align: justify;\">Louis Le Kim a toujours dessin\u00e9 au graphite des constructions fantasm\u00e9es aux accents brutalistes, utilisant la perspective et les jeux de lumi\u00e8re pour franchir les limites impos\u00e9es par le r\u00e9el, et restituer sa propre vision des lieux explor\u00e9s.<\/p>\n<p style=\"text-align: justify;\">En 2009, l\u2019artiste d\u00e9couvre et arpente notamment les souterrains de Paris (Distribution Electrique, Climatisation, Chauffage Urbain, Telecom, Chemins de Fer, Egouts, Carri\u00e8res, Abris anti bombardements, etc.).<\/p>\n<p style=\"text-align: justify;\">Il entre en \u00e9cole d\u2019art \u00e0 la Villa Arson \u00e0 Nice en 2010, et \u00e9tudie aux Beaux-Arts de Paris en 2013-2014.<\/p>\n<\/div><\/section><\/div>\n<div class=\"flex_column av_two_fifth  flex_column_div av-zero-column-padding   avia-builder-el-6  el_after_av_three_fifth  avia-builder-el-last  \" style='border-radius:0px; '><div   data-size='shop_single'  data-lightbox_size='large'  data-animation='slide'  data-conditional_play=''  data-ids='6882,6883,6884,6885,6886'  data-video_counter='0'  data-autoplay='true'  data-bg_slider='false'  data-slide_height=''  data-handle='av_slideshow'  data-interval='5'  data-class=' avia-builder-el-7  avia-builder-el-no-sibling  '  data-el_id=''  data-css_id=''  data-scroll_down=''  data-control_layout='av-control-default'  data-custom_markup=''  data-perma_caption=''  data-autoplay_stopper=''  data-image_attachment=''  data-min_height='0px'  data-lazy_loading='disabled'  class='avia-slideshow avia-slideshow-2  av-control-default av-default-height-applied avia-slideshow-shop_single av_slideshow  avia-builder-el-7  avia-builder-el-no-sibling   avia-slide-slider '  itemprop=\"image\" itemscope=\"itemscope\" itemtype=\"https:\/\/schema.org\/ImageObject\" ><ul class='avia-slideshow-inner ' style='padding-bottom: 130%;' ><li  class=' slide-1 ' ><div data-rel='slideshow-2' class='avia-slide-wrap '   ><img class=\"wp-image-6882 avia-img-lazy-loading-not-6882\"  src=\"https:\/\/ddessinparis.com\/2021\/wp-content\/uploads\/2020\/09\/03-450x585.jpg\" width=\"450\" height=\"585\" title='03' alt=''  itemprop=\"thumbnailUrl\" srcset=\"https:\/\/ddessinparis.com\/2021\/wp-content\/uploads\/2020\/09\/03-450x585.jpg 450w, https:\/\/ddessinparis.com\/2021\/wp-content\/uploads\/2020\/09\/03-231x300.jpg 231w, https:\/\/ddessinparis.com\/2021\/wp-content\/uploads\/2020\/09\/03-768x999.jpg 768w, https:\/\/ddessinparis.com\/2021\/wp-content\/uploads\/2020\/09\/03-792x1030.jpg 792w, https:\/\/ddessinparis.com\/2021\/wp-content\/uploads\/2020\/09\/03-1154x1500.jpg 1154w, https:\/\/ddessinparis.com\/2021\/wp-content\/uploads\/2020\/09\/03-542x705.jpg 542w\" sizes=\"(max-width: 450px) 100vw, 450px\" \/><\/div><\/li><li  class=' slide-2 ' ><div data-rel='slideshow-2' class='avia-slide-wrap '   ><img class=\"wp-image-6883 avia-img-lazy-loading-not-6883\"  src=\"https:\/\/ddessinparis.com\/2021\/wp-content\/uploads\/2020\/09\/04-450x585.jpg\" width=\"450\" height=\"585\" title='04' alt=''  itemprop=\"thumbnailUrl\" srcset=\"https:\/\/ddessinparis.com\/2021\/wp-content\/uploads\/2020\/09\/04-450x585.jpg 450w, https:\/\/ddessinparis.com\/2021\/wp-content\/uploads\/2020\/09\/04-231x300.jpg 231w, https:\/\/ddessinparis.com\/2021\/wp-content\/uploads\/2020\/09\/04-768x998.jpg 768w, https:\/\/ddessinparis.com\/2021\/wp-content\/uploads\/2020\/09\/04-793x1030.jpg 793w, https:\/\/ddessinparis.com\/2021\/wp-content\/uploads\/2020\/09\/04-1154x1500.jpg 1154w, https:\/\/ddessinparis.com\/2021\/wp-content\/uploads\/2020\/09\/04-543x705.jpg 543w\" sizes=\"(max-width: 450px) 100vw, 450px\" \/><\/div><\/li><li  class=' slide-3 ' ><div data-rel='slideshow-2' class='avia-slide-wrap '   ><img class=\"wp-image-6884 avia-img-lazy-loading-not-6884\"  src=\"https:\/\/ddessinparis.com\/2021\/wp-content\/uploads\/2020\/09\/05-450x588.jpg\" width=\"450\" height=\"588\" title='05' alt=''  itemprop=\"thumbnailUrl\" srcset=\"https:\/\/ddessinparis.com\/2021\/wp-content\/uploads\/2020\/09\/05-450x588.jpg 450w, https:\/\/ddessinparis.com\/2021\/wp-content\/uploads\/2020\/09\/05-230x300.jpg 230w, https:\/\/ddessinparis.com\/2021\/wp-content\/uploads\/2020\/09\/05-768x1003.jpg 768w, https:\/\/ddessinparis.com\/2021\/wp-content\/uploads\/2020\/09\/05-788x1030.jpg 788w, https:\/\/ddessinparis.com\/2021\/wp-content\/uploads\/2020\/09\/05-1148x1500.jpg 1148w, https:\/\/ddessinparis.com\/2021\/wp-content\/uploads\/2020\/09\/05-540x705.jpg 540w, https:\/\/ddessinparis.com\/2021\/wp-content\/uploads\/2020\/09\/05.jpg 1856w\" sizes=\"(max-width: 450px) 100vw, 450px\" \/><\/div><\/li><li  class=' slide-4 ' ><div data-rel='slideshow-2' class='avia-slide-wrap '   ><img class=\"wp-image-6885 avia-img-lazy-loading-not-6885\"  src=\"https:\/\/ddessinparis.com\/2021\/wp-content\/uploads\/2020\/09\/06-450x551.jpg\" width=\"450\" height=\"551\" title='06' alt=''  itemprop=\"thumbnailUrl\" srcset=\"https:\/\/ddessinparis.com\/2021\/wp-content\/uploads\/2020\/09\/06-450x551.jpg 450w, https:\/\/ddessinparis.com\/2021\/wp-content\/uploads\/2020\/09\/06-245x300.jpg 245w, https:\/\/ddessinparis.com\/2021\/wp-content\/uploads\/2020\/09\/06-768x941.jpg 768w, https:\/\/ddessinparis.com\/2021\/wp-content\/uploads\/2020\/09\/06-841x1030.jpg 841w, https:\/\/ddessinparis.com\/2021\/wp-content\/uploads\/2020\/09\/06-1224x1500.jpg 1224w, https:\/\/ddessinparis.com\/2021\/wp-content\/uploads\/2020\/09\/06-575x705.jpg 575w\" sizes=\"(max-width: 450px) 100vw, 450px\" \/><\/div><\/li><li  class=' slide-5 ' ><div data-rel='slideshow-2' class='avia-slide-wrap '   ><img class=\"wp-image-6886 avia-img-lazy-loading-not-6886\"  src=\"https:\/\/ddessinparis.com\/2021\/wp-content\/uploads\/2020\/09\/07-450x593.jpg\" width=\"450\" height=\"593\" title='07' alt=''  itemprop=\"thumbnailUrl\" srcset=\"https:\/\/ddessinparis.com\/2021\/wp-content\/uploads\/2020\/09\/07-450x593.jpg 450w, https:\/\/ddessinparis.com\/2021\/wp-content\/uploads\/2020\/09\/07-228x300.jpg 228w, https:\/\/ddessinparis.com\/2021\/wp-content\/uploads\/2020\/09\/07-768x1012.jpg 768w, https:\/\/ddessinparis.com\/2021\/wp-content\/uploads\/2020\/09\/07-782x1030.jpg 782w, https:\/\/ddessinparis.com\/2021\/wp-content\/uploads\/2020\/09\/07-1138x1500.jpg 1138w, https:\/\/ddessinparis.com\/2021\/wp-content\/uploads\/2020\/09\/07-535x705.jpg 535w, https:\/\/ddessinparis.com\/2021\/wp-content\/uploads\/2020\/09\/07.jpg 1853w\" sizes=\"(max-width: 450px) 100vw, 450px\" \/><\/div><\/li><\/ul><div class='avia-slideshow-arrows avia-slideshow-controls'><a href='#prev' class='prev-slide' aria-hidden='true' data-av_icon='\ue87c' data-av_iconfont='entypo-fontello'>Pr\u00e9c\u00e9dent<\/a><a href='#next' class='next-slide' aria-hidden='true' data-av_icon='\ue87d' data-av_iconfont='entypo-fontello'>Suivant<\/a><\/div><div class='avia-slideshow-dots avia-slideshow-controls'><a href='#1' class='goto-slide active' >1<\/a><a href='#2' class='goto-slide ' >2<\/a><a href='#3' class='goto-slide ' >3<\/a><a href='#4' class='goto-slide ' >4<\/a><a href='#5' class='goto-slide ' >5<\/a><\/div><\/div><\/div>\n","protected":false},"excerpt":{"rendered":"","protected":false},"author":1,"featured_media":0,"parent":0,"menu_order":0,"comment_status":"closed","ping_status":"closed","template":"","meta":[],"_links":{"self":[{"href":"https:\/\/ddessinparis.com\/2021\/wp-json\/wp\/v2\/pages\/6877"}],"collection":[{"href":"https:\/\/ddessinparis.com\/2021\/wp-json\/wp\/v2\/pages"}],"about":[{"href":"https:\/\/ddessinparis.com\/2021\/wp-json\/wp\/v2\/types\/page"}],"author":[{"embeddable":true,"href":"https:\/\/ddessinparis.com\/2021\/wp-json\/wp\/v2\/users\/1"}],"replies":[{"embeddable":true,"href":"https:\/\/ddessinparis.com\/2021\/wp-json\/wp\/v2\/comments?post=6877"}],"version-history":[{"count":8,"href":"https:\/\/ddessinparis.com\/2021\/wp-json\/wp\/v2\/pages\/6877\/revisions"}],"predecessor-version":[{"id":6901,"href":"https:\/\/ddessinparis.com\/2021\/wp-json\/wp\/v2\/pages\/6877\/revisions\/6901"}],"wp:attachment":[{"href":"https:\/\/ddessinparis.com\/2021\/wp-json\/wp\/v2\/media?parent=6877"}],"curies":[{"name":"wp","href":"https:\/\/api.w.org\/{rel}","templated":true}]}}