{"id":7234,"date":"2021-06-11T14:11:17","date_gmt":"2021-06-11T14:11:17","guid":{"rendered":"https:\/\/ddessinparis.com\/?page_id=7234"},"modified":"2021-06-11T15:05:57","modified_gmt":"2021-06-11T15:05:57","slug":"laureate-2021","status":"publish","type":"page","link":"https:\/\/ddessinparis.com\/2021\/laureate-2021\/","title":{"rendered":"LAUR\u00c9ATE 2021"},"content":{"rendered":"<div id='fullscreen_slider_1'  class='avia-fullscreen-slider main_color   avia-builder-el-0  el_before_av_section  avia-builder-el-first   container_wrap sidebar_right' style=' '  ><a href='#next-section' title='' class='scroll-down-link av-control-default' aria-hidden='true' data-av_icon='\ue877' data-av_iconfont='entypo-fontello'><\/a><div   data-size='no scaling'  data-lightbox_size='large'  data-animation='slide'  data-conditional_play=''  data-ids='7235'  data-video_counter='0'  data-autoplay='true'  data-bg_slider='true'  data-slide_height='100'  data-handle='av_fullscreen'  data-interval='6'  data-class=' '  data-el_id=''  data-css_id='fullscreen_slider_1'  data-scroll_down='aviaTBscroll_down'  data-control_layout='av-control-default'  data-custom_markup=''  data-perma_caption=''  data-autoplay_stopper=''  data-image_attachment=''  data-min_height='0px'  data-lazy_loading='disabled'  data-stretch=''  class='avia-slideshow avia-slideshow-1 av-slider-scroll-down-active av-control-default av-default-height-applied avia-slideshow-no scaling av_fullscreen   avia-slide-slider '  itemprop=\"image\" itemscope=\"itemscope\" itemtype=\"https:\/\/schema.org\/ImageObject\" ><ul class='avia-slideshow-inner ' style='padding-bottom: 77.5%;' ><li style='background-position:center center;' data-img-url='https:\/\/ddessinparis.com\/2021\/wp-content\/uploads\/2021\/06\/Saudade-scaled.jpg' class=' av-single-slide slide-1 ' ><a href='https:\/\/ddessinparis.com\/2021\/wp-content\/uploads\/2021\/06\/Saudade-1030x798.jpg' data-rel='slideshow-1' class='avia-slide-wrap '   ><div class = \"caption_fullwidth av-slideshow-caption caption_bottom caption_bottom_framed caption_framed\"><div class = \"container caption_container\"><div class = \"slideshow_caption\"><div class = \"slideshow_inner_caption\"><div class = \"slideshow_align_caption\"><h2  class='avia-caption-title  '  itemprop=\"name\" >Saudade, 2020<\/h2><div class='avia-caption-content  '  itemprop=\"description\"  ><p>RITHIKA MERCHANT<br \/>\nGouache, aquarelle et<br \/>\nencre sur papier<br \/>\n50 x 65 cm \/ 19.6 x 25.5 in<br \/>\nCourtesy de l\u2019artiste<br \/>\net de la Galerie LJ<\/p>\n<\/div><\/div><\/div><\/div><\/div><\/div><\/a><\/li><\/ul><\/div><\/div>\n<div id='av_section_1'  class='avia-section header_color avia-section-default avia-no-shadow  avia-bg-style-scroll  avia-builder-el-1  el_after_av_fullscreen  el_before_av_one_full   container_wrap sidebar_right' style='background-color: #000000;  '  ><div class='container' ><div class='template-page content  av-content-small alpha units'><div class='post-entry post-entry-type-page post-entry-7234'><div class='entry-content-wrapper clearfix'>\n<div class=\"flex_column av_three_fifth  flex_column_div av-zero-column-padding first  avia-builder-el-2  el_before_av_two_fifth  avia-builder-el-first  \" style='border-radius:0px; '><section class=\"av_textblock_section \"  itemscope=\"itemscope\" itemtype=\"https:\/\/schema.org\/CreativeWork\" ><div class='avia_textblock  av_inherit_color '  style='color:#ffffff; '  itemprop=\"text\" ><h2 style=\"text-align: justify;\">RITHIKA MERCHANT<\/h2>\n<h3 style=\"text-align: justify;\">LAUR\u00c9ATE DU PRIX DDESSIN{21}<\/h3>\n<p style=\"text-align: justify;\"><strong><span style=\"font-size: 10.0pt; font-family: Arial;\">Rithika Merchant,\u00a0<\/span><\/strong><span style=\"font-size: 10.0pt; font-family: Arial;\">pr\u00e9sent\u00e9e sur la foire par la\u00a0<strong><span style=\"font-family: Arial;\">Galerie LJ\u00a0<\/span><\/strong>\u2013 qui participe \u00e0 l\u2019\u00e9v\u00e9nement pour la deuxi\u00e8me ann\u00e9e cons\u00e9cutive, a \u00e9t\u00e9 d\u00e9sign\u00e9e<strong><span style=\"font-family: Arial;\">\u00a0laur\u00e9ate du prix\u00a0DDESSINPARIS\/INSTITUT FRAN\u00c7AIS DE SAINT-LOUIS DU S\u00c9N\u00c9GAL,\u00a0<\/span><\/strong>ce jeudi 10 juin 2021<strong><span style=\"font-family: Arial;\">. <\/span><\/strong><\/span><\/p>\n<p style=\"text-align: justify;\"><strong>Elle <\/strong>b\u00e9n\u00e9ficiera d\u2019une\u00a0<strong>r\u00e9sidence de cr\u00e9ation<\/strong> d\u2019un mois \u00e0 la tr\u00e8s convoit\u00e9e<strong>\u00a0Villa Saint-Louis Ndar<\/strong><strong>.\u00a0 A<\/strong> l\u2019issue de sa r\u00e9sidence, l\u2019artiste aura la possibilit\u00e9 d\u2019exposer son travail \u00e0 la<strong>\u00a0Galerie du Fleuve <\/strong><strong>de<\/strong> <strong>l\u2019<\/strong><strong>Institut fran\u00e7ais de Saint-Louis du S\u00e9n\u00e9gal<\/strong><strong>.<\/strong><strong>\u00a0<\/strong>Elle<strong>\u00a0<\/strong>sera \u00e9galement\u00a0<strong>mise \u00e0 l\u2019honneur lors de la prochaine \u00e9dition de DDESSINPARIS<\/strong>, DDESSIN {22}.<\/p>\n<p style=\"text-align: justify;\"><strong>Membres du jury 2021 :\u00a0<\/strong><\/p>\n<p style=\"text-align: justify;\">Pr\u00e9sidence du jury\u00a0:\u00a0<strong>Jean-Gabriel de Bueil <\/strong>&amp;<strong> Stanislas Ract-Madoux<\/strong>, fondateurs de la collection de Bueil &amp; Ract-Madoux (DBRM).<\/p>\n<p style=\"text-align: justify;\"><strong>Yves Badetz<\/strong>, conservateur g\u00e9n\u00e9ral du patrimoine, charg\u00e9 de la cr\u00e9ation au Mobilier National ; <strong>V\u00e9ronique Baton<\/strong>, docteure en histoire de l\u2019art, sp\u00e9cialiste de l\u2019art contemporain et directrice du Grenier \u00e0 Sel \u00e0 Avignon ; <strong>Christine de Chir\u00e9e<\/strong>, historienne de l\u2019art et pr\u00e9sidente du jury l\u2019ann\u00e9e derni\u00e8re ; <strong>Colin Lemoine<\/strong>, historien de l\u2019art, critique d\u2019art et \u00e9crivain ;\u00a0 <strong>Anna Morettini<\/strong>, historienne de l\u2019art et commissaire d\u2019exposition ind\u00e9pendante ;\u00a0<strong>Anne Muraro<\/strong>, historienne de l\u2019art et collectionneuse ; <strong>Chlo\u00e9 Qu\u00e9num<\/strong>, artiste.<\/p>\n<p style=\"text-align: left;\"><a href=\"https:\/\/ddessinparis.com\/2021\/wp-content\/uploads\/2021\/06\/DDessin21_CPLAUREATS062021.pdf\"><span style=\"color: #00ffff;\"><span style=\"color: #00ccff;\">T\u00c9L\u00c9CHARGEZ LE COMMUNIQU\u00c9 DE PRESSE<\/span><\/span><\/a><\/p>\n<\/div><\/section><\/div><div class=\"flex_column av_two_fifth  flex_column_div av-zero-column-padding   avia-builder-el-4  el_after_av_three_fifth  avia-builder-el-last  \" style='border-radius:0px; '><div   data-size='no scaling'  data-lightbox_size='large'  data-animation='slide'  data-conditional_play=''  data-ids='7249'  data-video_counter='0'  data-autoplay='true'  data-bg_slider='false'  data-slide_height=''  data-handle='av_slideshow'  data-interval='5'  data-class=' avia-builder-el-5  avia-builder-el-no-sibling  '  data-el_id=''  data-css_id=''  data-scroll_down=''  data-control_layout='av-control-default'  data-custom_markup=''  data-perma_caption=''  data-autoplay_stopper=''  data-image_attachment=''  data-min_height='0px'  data-lazy_loading='disabled'  class='avia-slideshow avia-slideshow-2  av-control-default av-default-height-applied avia-slideshow-no scaling av_slideshow  avia-builder-el-5  avia-builder-el-no-sibling   avia-slide-slider '  itemprop=\"image\" itemscope=\"itemscope\" itemtype=\"https:\/\/schema.org\/ImageObject\" ><ul class='avia-slideshow-inner ' style='padding-bottom: 100%;' ><li  class=' av-single-slide slide-1 ' ><a href='https:\/\/ddessinparis.com\/2021\/wp-content\/uploads\/2021\/06\/Circadian_Rhythm_-1030x1030.png' data-rel='slideshow-2' class='avia-slide-wrap '   ><div class=\"avia-caption av-slideshow-caption\"><div class=\"avia-inner-caption\"><h2  class='avia-caption-title  '  itemprop=\"name\" >Circadian Rhythm, 2020<\/h2><div class='avia-caption-content  '  itemprop=\"description\"  ><p>RITHIKA MERCHANT<br \/>\n43 x 43 cm \/ 17 x 17 in<br \/>\nCercle de broderie avec gouache et encre sur papier<br \/>\nCourtesy de l\u2019artiste et de la Galerie LJ<\/p>\n<\/div><\/div><\/div><img class=\"wp-image-7249 avia-img-lazy-loading-not-7249\"  src=\"https:\/\/ddessinparis.com\/2021\/wp-content\/uploads\/2021\/06\/Circadian_Rhythm_.png\" width=\"3096\" height=\"3096\" title='Circadian_Rhythm_' alt=''  itemprop=\"thumbnailUrl\" srcset=\"https:\/\/ddessinparis.com\/2021\/wp-content\/uploads\/2021\/06\/Circadian_Rhythm_.png 3096w, https:\/\/ddessinparis.com\/2021\/wp-content\/uploads\/2021\/06\/Circadian_Rhythm_-300x300.png 300w, https:\/\/ddessinparis.com\/2021\/wp-content\/uploads\/2021\/06\/Circadian_Rhythm_-1030x1030.png 1030w, https:\/\/ddessinparis.com\/2021\/wp-content\/uploads\/2021\/06\/Circadian_Rhythm_-80x80.png 80w, https:\/\/ddessinparis.com\/2021\/wp-content\/uploads\/2021\/06\/Circadian_Rhythm_-768x768.png 768w, https:\/\/ddessinparis.com\/2021\/wp-content\/uploads\/2021\/06\/Circadian_Rhythm_-1536x1536.png 1536w, https:\/\/ddessinparis.com\/2021\/wp-content\/uploads\/2021\/06\/Circadian_Rhythm_-2048x2048.png 2048w, https:\/\/ddessinparis.com\/2021\/wp-content\/uploads\/2021\/06\/Circadian_Rhythm_-36x36.png 36w, https:\/\/ddessinparis.com\/2021\/wp-content\/uploads\/2021\/06\/Circadian_Rhythm_-180x180.png 180w, https:\/\/ddessinparis.com\/2021\/wp-content\/uploads\/2021\/06\/Circadian_Rhythm_-1500x1500.png 1500w, https:\/\/ddessinparis.com\/2021\/wp-content\/uploads\/2021\/06\/Circadian_Rhythm_-705x705.png 705w\" sizes=\"(max-width: 3096px) 100vw, 3096px\" \/><\/a><\/li><\/ul><\/div><\/div><\/div><\/div><\/div><!-- close content main div --><\/div><\/div><div id='after_section_1'  class='main_color av_default_container_wrap container_wrap sidebar_right' style=' '  ><div class='container' ><div class='template-page content  av-content-small alpha units'><div class='post-entry post-entry-type-page post-entry-7234'><div class='entry-content-wrapper clearfix'><div class=\"flex_column av_one_full  flex_column_div av-zero-column-padding first  avia-builder-el-6  el_after_av_section  el_before_av_slideshow_full  avia-builder-el-no-sibling  \" style='border-radius:0px; '><section class=\"av_textblock_section \"  itemscope=\"itemscope\" itemtype=\"https:\/\/schema.org\/CreativeWork\" ><div class='avia_textblock  av_inherit_color '  style='color:#000000; '  itemprop=\"text\" ><h3 style=\"text-align: justify;\"><strong>RITHIKA MERCHANT<\/strong><\/h3>\n<p style=\"text-align: justify;\"><strong>RITHIKA MERCHANT est<\/strong><strong> une artiste indienne originaire de Mumbai ou\u0300 elle est ne\u0301e en 1986. <\/strong>A la croise\u0301e de l\u2019Orient et de l\u2019Occident, son travail est a\u0300 l\u2019image de son parcours de citoyenne du monde. Apre\u0300s avoir grandi a\u0300 Mumbai, elle part e\u0301tudier a\u0300 New York et sort diplo\u0302me\u0301e de la Parsons School of Design en 2008, puis s\u2019encha\u00eenent plusieurs re\u0301sidences en Europe\u00a0: au Portugal, en Gre\u0300ce, en Roumanie. Install\u00e9e \u00e0 Barcelone ou\u0300 elle vit depuis 10 ans, elle conserve des liens tr\u00e8s forts avec l\u2019Inde ou\u0300 sa carrie\u0300re artistique est florissante.<\/p>\n<p style=\"text-align: justify;\">Sa collaboration artistique avec la maison Chlo\u00e9, \u00e0 l\u2019occasion de la cr\u00e9ation de sa collection \u00e9t\u00e9 2018, lui a valu un grand succ\u00e8s m\u00e9diatique et la re\u0301compense de <strong>Young Achiever of the Year<\/strong> aux <strong>Women of the Year 2018 Awards<\/strong> du magazine Vogue. Rithika Merchant a \u00e9galement \u00e9t\u00e9 nomin\u00e9e parmi les 30 finalistes du\u00a0<strong>Sovereign Asian Art Prize 2021<\/strong> avec son \u0153uvre <em>Saudade. <\/em><\/p>\n<p style=\"text-align: justify;\">Mosai\u0308que de mythes questionnant les re\u0301cits traditionnels que l\u2019on retrouve dans toutes les cultures, son travail est une exploration des \u00e9pop\u00e9es mythiques au-dela\u0300 des ge\u0301ographies. Inspire\u0301e par l\u2019art tribal indien et les miniatures mogholes, Rithika utilise les techniques de l\u2019aquarelle et du collage, des illustrations botaniques et des arts populaires du XVII\u00e8me. L\u2019iconographie indienne, sa faune et sa flore, sont au c\u0153ur de son travail.<\/p>\n<p style=\"text-align: justify;\">Fragments d\u2019une collection d\u2019objets modernes faisant appel aux r\u00e9cits fondateurs, a\u0300 l\u2019histoire et aux rituels, chacune de ses images peut e\u0302tre vue comme un totem, une porte au seuil de laquelle le spectateur est invit\u00e9 a\u0300 cre\u0301er son propre re\u0301cit en puisant dans nos racines collectives.<\/p>\n<\/div><\/section><\/div><\/p>\n<\/div><\/div><\/div><!-- close content main div --><\/div><\/div><div id='full_slider_1'  class='avia-fullwidth-slider main_color avia-shadow   avia-builder-el-8  el_after_av_one_full  avia-builder-el-last   slider-not-first container_wrap sidebar_right' style=' '  ><div   data-size='featured'  data-lightbox_size='large'  data-animation='slide'  data-conditional_play=''  data-ids='7243'  data-video_counter='0'  data-autoplay='false'  data-bg_slider='false'  data-slide_height=''  data-handle='av_slideshow_full'  data-interval='5'  data-class=' '  data-el_id=''  data-css_id=''  data-scroll_down=''  data-control_layout='av-control-default'  data-custom_markup=''  data-perma_caption=''  data-autoplay_stopper=''  data-image_attachment=''  data-min_height='0px'  data-lazy_loading='disabled'  data-src=''  data-position='top left'  data-repeat='no-repeat'  data-attach='scroll'  data-stretch=''  data-default-height='28.666666666667'  class='avia-slideshow avia-slideshow-3  av-control-default av-default-height-applied avia-slideshow-featured av_slideshow_full   avia-slide-slider '  itemprop=\"image\" itemscope=\"itemscope\" itemtype=\"https:\/\/schema.org\/ImageObject\" ><ul class='avia-slideshow-inner ' style='padding-bottom: 28.666666666667%;' ><li  class=' av-single-slide slide-1 ' ><a href='https:\/\/ddessinparis.com\/2021\/wp-content\/uploads\/2021\/06\/Harvest-1030x365.jpg' data-rel='slideshow-3' class='avia-slide-wrap '   ><div class = \"caption_fullwidth av-slideshow-caption caption_bottom\"><div class = \"container caption_container\"><div class = \"slideshow_caption\"><div class = \"slideshow_inner_caption\"><div class = \"slideshow_align_caption\"><h2  class='avia-caption-title  '  itemprop=\"name\" >Harvest, 2020<\/h2><div class='avia-caption-content  '  itemprop=\"description\"  ><p>RITHIKA MERCHANT<br \/>\n36 x 99 cm \/ 14,1 x 38,9 in<br \/>\nCollage mixte avec gouache,<br \/>\nencre et d\u00e9coupages<br \/>\nde magazines sur papier<br \/>\nCourtesy de l\u2019artiste<br \/>\net de la Galerie LJ<\/p>\n<\/div><\/div><\/div><\/div><\/div><\/div><img class=\"wp-image-7243 avia-img-lazy-loading-not-7243\"  src=\"https:\/\/ddessinparis.com\/2021\/wp-content\/uploads\/2021\/06\/Harvest-1500x430.jpg\" width=\"1500\" height=\"430\" title='Harvest' alt=''  itemprop=\"thumbnailUrl\"   \/><\/a><\/li><\/ul><\/div><\/div>\n","protected":false},"excerpt":{"rendered":"","protected":false},"author":1,"featured_media":0,"parent":0,"menu_order":0,"comment_status":"closed","ping_status":"closed","template":"","meta":[],"_links":{"self":[{"href":"https:\/\/ddessinparis.com\/2021\/wp-json\/wp\/v2\/pages\/7234"}],"collection":[{"href":"https:\/\/ddessinparis.com\/2021\/wp-json\/wp\/v2\/pages"}],"about":[{"href":"https:\/\/ddessinparis.com\/2021\/wp-json\/wp\/v2\/types\/page"}],"author":[{"embeddable":true,"href":"https:\/\/ddessinparis.com\/2021\/wp-json\/wp\/v2\/users\/1"}],"replies":[{"embeddable":true,"href":"https:\/\/ddessinparis.com\/2021\/wp-json\/wp\/v2\/comments?post=7234"}],"version-history":[{"count":16,"href":"https:\/\/ddessinparis.com\/2021\/wp-json\/wp\/v2\/pages\/7234\/revisions"}],"predecessor-version":[{"id":7255,"href":"https:\/\/ddessinparis.com\/2021\/wp-json\/wp\/v2\/pages\/7234\/revisions\/7255"}],"wp:attachment":[{"href":"https:\/\/ddessinparis.com\/2021\/wp-json\/wp\/v2\/media?parent=7234"}],"curies":[{"name":"wp","href":"https:\/\/api.w.org\/{rel}","templated":true}]}}