{"id":2478,"date":"2013-11-13T21:36:57","date_gmt":"2013-11-13T21:36:57","guid":{"rendered":"http:\/\/ddessinparis.fr\/2015\/?page_id=2478"},"modified":"2022-09-15T18:20:35","modified_gmt":"2022-09-15T18:20:35","slug":"presse","status":"publish","type":"page","link":"https:\/\/ddessinparis.com\/2022\/presse\/","title":{"rendered":"PRESSE"},"content":{"rendered":"\n<style type=\"text\/css\" data-created_by=\"avia_inline_auto\" id=\"style-css-av-xsl7fy-5303e204dacfc75ff77c67a1df4fe1f7\">\n.avia-section.av-xsl7fy-5303e204dacfc75ff77c67a1df4fe1f7{\nbackground-color:#00ccff;\n}\n<\/style>\n<div id='av_section_1'  class='avia-section av-xsl7fy-5303e204dacfc75ff77c67a1df4fe1f7 header_color avia-section-default avia-no-shadow  avia-builder-el-0  el_before_av_section  avia-builder-el-first  avia-bg-style-scroll  container_wrap sidebar_right'  ><div class='container av-section-cont-open' ><main  role=\"main\" itemprop=\"mainContentOfPage\"  class='template-page content  av-content-small alpha units'><div class='post-entry post-entry-type-page post-entry-2478'><div class='entry-content-wrapper clearfix'>\n<div class='flex_column av-wf9fz2-272ae1acc5417773b136e3589bc2e37e av_two_fifth  avia-builder-el-1  el_before_av_one_fourth  avia-builder-el-first  first flex_column_div '   ><section class=\"av_textblock_section \"  itemscope=\"itemscope\" itemtype=\"https:\/\/schema.org\/CreativeWork\" ><div class='avia_textblock  '   itemprop=\"text\" ><h2>RELATIONS AVEC LA PRESSE<\/h2>\n<p>Edition DDESSINPARIS &#8211; <span id=\"OBJ_PREFIX_DWT316_com_zimbra_date\" class=\"Object\">20\/22 MAI 2022<br \/>\n<\/span><\/p>\n<h4>Anne-Sophie Bertrand &#8211; Maison Gersaint<\/h4>\n<p>Mob. : +33 (0)6 31 16 15 48<\/p>\n<p><a href=\"mailto:annesophie@maisongersaint.com\"><span id=\"OBJ_PREFIX_DWT317_com_zimbra_email\" class=\"Object-hover\">annesophie@maisongersaint.com<br \/>\n<\/span><\/a><\/p>\n<p>Visuels disponibles sur demande<\/p>\n<\/div><\/section><\/div>\n<style type=\"text\/css\" data-created_by=\"avia_inline_auto\" id=\"style-css-av-ntkly6-9e7b541b4a6a6fd79bcf4f81eb148151\">\n.flex_column.av-ntkly6-9e7b541b4a6a6fd79bcf4f81eb148151{\nborder-radius:0px 0px 0px 0px;\n-webkit-border-radius:0px 0px 0px 0px;\n-moz-border-radius:0px 0px 0px 0px;\n}\n<\/style>\n<div class='flex_column av-ntkly6-9e7b541b4a6a6fd79bcf4f81eb148151 av_one_fourth  avia-builder-el-3  el_after_av_two_fifth  el_before_av_one_fourth  flex_column_div av-zero-column-padding '   ><p><div  class='avia-button-wrap avia-button-center  avia-builder-el-4  el_before_av_image  avia-builder-el-first ' ><a href='https:\/\/ddessinparis.com\/2021\/wp-content\/uploads\/2021\/06\/QDA-HorsSerie_2021-06-07.pdf' class='avia-button av-l2ja7kjg-b697b8b9f072270ce4e8b68f1398c23d avia-icon_select-no avia-size-medium avia-position-center avia-color-light ' target=\"_blank\" rel=\"noopener noreferrer\"><span class='avia_iconbox_title' >T\u00e9l\u00e9chargez le dossier sp\u00e9cial du Quotidien de l\u2019Art<\/span><\/a><\/div><br \/>\n\n<style type=\"text\/css\" data-created_by=\"avia_inline_auto\" id=\"style-css-av-2mzc1q-809e7e2e6b31190f93005a4931f1bd8e\">\n.avia-image-container.av-2mzc1q-809e7e2e6b31190f93005a4931f1bd8e .av-image-caption-overlay-center{\ncolor:#ffffff;\n}\n<\/style>\n<div  class='avia-image-container av-2mzc1q-809e7e2e6b31190f93005a4931f1bd8e av-styling- avia-align-center  avia-builder-el-5  el_after_av_button  avia-builder-el-last  '  itemprop=\"image\" itemscope=\"itemscope\" itemtype=\"https:\/\/schema.org\/ImageObject\" ><div class=\"avia-image-container-inner\"><div class=\"avia-image-overlay-wrap\"><a href=\"https:\/\/ddessinparis.com\/2021\/wp-content\/uploads\/2021\/06\/QDA-HorsSerie_2021-06-07.pdf\" class='avia_image' target=\"_blank\" rel=\"noopener noreferrer\"><img width=\"300\" height=\"424\" class='wp-image-7231 avia-img-lazy-loading-not-7231 avia_image' src=\"https:\/\/ddessinparis.com\/2022\/wp-content\/uploads\/2021\/06\/QDA-HorsSerie_2021-06-07.png\" alt='' title='QDA-HorsSerie_2021-06-07'  itemprop=\"thumbnailUrl\" srcset=\"https:\/\/ddessinparis.com\/2022\/wp-content\/uploads\/2021\/06\/QDA-HorsSerie_2021-06-07.png 300w, https:\/\/ddessinparis.com\/2022\/wp-content\/uploads\/2021\/06\/QDA-HorsSerie_2021-06-07-212x300.png 212w\" sizes=\"(max-width: 300px) 100vw, 300px\" \/><\/a><\/div><\/div><\/div><\/p><\/div>\n<style type=\"text\/css\" data-created_by=\"avia_inline_auto\" id=\"style-css-av-295v3i-8303d46f70de148f7b592afb39232b9b\">\n.flex_column.av-295v3i-8303d46f70de148f7b592afb39232b9b{\nborder-radius:0px 0px 0px 0px;\n-webkit-border-radius:0px 0px 0px 0px;\n-moz-border-radius:0px 0px 0px 0px;\n}\n<\/style>\n<div class='flex_column av-295v3i-8303d46f70de148f7b592afb39232b9b av_one_fourth  avia-builder-el-6  el_after_av_one_fourth  avia-builder-el-last  flex_column_div av-zero-column-padding '   ><p><div  class='avia-button-wrap avia-button-center  avia-builder-el-7  el_before_av_image  avia-builder-el-first ' ><a href='https:\/\/ddessinparis.com\/2022\/wp-content\/uploads\/2022\/05\/DDESSIN22_Dossier_de_presse.pdf'  class='avia-button av-l2ovlz5g-148a8bf4c7e46d93e226c0a733ed1ae9 avia-icon_select-no avia-size-medium avia-position-center avia-color-light '  target=\"_blank\"  rel=\"noopener noreferrer\"><span class='avia_iconbox_title' >T\u00e9l\u00e9chargez le dossier de Presse 2022<\/span><\/a><\/div><br \/>\n\n<style type=\"text\/css\" data-created_by=\"avia_inline_auto\" id=\"style-css-av-l2ja5ruc-1d6785b0f8f3c8b68660c8d2ce54cb6f\">\n.avia-image-container.av-l2ja5ruc-1d6785b0f8f3c8b68660c8d2ce54cb6f .av-image-caption-overlay-center{\ncolor:#ffffff;\n}\n<\/style>\n<div  class='avia-image-container av-l2ja5ruc-1d6785b0f8f3c8b68660c8d2ce54cb6f av-styling- avia-align-center  avia-builder-el-8  el_after_av_button  avia-builder-el-last  '  itemprop=\"image\" itemscope=\"itemscope\" itemtype=\"https:\/\/schema.org\/ImageObject\" ><div class=\"avia-image-container-inner\"><div class=\"avia-image-overlay-wrap\"><a href=\"https:\/\/ddessinparis.com\/2022\/wp-content\/uploads\/2022\/05\/DDESSIN22_Dossier_de_presse.pdf\" class='avia_image'  target=\"_blank\"  rel=\"noopener noreferrer\"><img width=\"300\" height=\"424\" class='wp-image-7547 avia-img-lazy-loading-not-7547 avia_image' src=\"https:\/\/ddessinparis.com\/2022\/wp-content\/uploads\/2022\/05\/DDESSIN22_Dossier_de_presse-vignette.png\" alt='' title='DDESSIN22_Dossier_de_presse-vignette'  itemprop=\"thumbnailUrl\" srcset=\"https:\/\/ddessinparis.com\/2022\/wp-content\/uploads\/2022\/05\/DDESSIN22_Dossier_de_presse-vignette.png 300w, https:\/\/ddessinparis.com\/2022\/wp-content\/uploads\/2022\/05\/DDESSIN22_Dossier_de_presse-vignette-212x300.png 212w\" sizes=\"(max-width: 300px) 100vw, 300px\" \/><\/a><\/div><\/div><\/div><\/p><\/div>\n\n<\/div><\/div><\/main><!-- close content main element --><\/div><\/div><div id='av_section_2'  class='avia-section av-l7zz5o9j-ed178c9d59323c2bc98593691b7b0e03 header_color avia-section-default avia-no-shadow  avia-builder-el-9  el_after_av_section  el_before_av_section  avia-bg-style-scroll  container_wrap sidebar_right'  ><div class='container av-section-cont-open' ><div class='template-page content  av-content-small alpha units'><div class='post-entry post-entry-type-page post-entry-2478'><div class='entry-content-wrapper clearfix'>\n<section class=\"av_textblock_section \"  itemscope=\"itemscope\" itemtype=\"https:\/\/schema.org\/CreativeWork\" ><div class='avia_textblock  av_inherit_color '  style='color:#fcfcfc; '  itemprop=\"text\" ><h3><span style=\"color: #ebebeb;\">Les dossiers de presse des pr\u00e9c\u00e9dentes \u00e9ditions<\/span><\/h3>\n<\/div><\/section>\n<div   data-autoplay='false'  data-interval='5'  data-animation='slide'  class='avia-logo-element-container  avia-logo-grid avia-content-slider avia-smallarrow-slider avia-content-grid-active noHover avia-content-slider1 avia-content-slider-odd  avia-builder-el-11  el_after_av_textblock  avia-builder-el-last  '><div class='avia-smallarrow-slider-heading  no-logo-slider-heading '><div class='new-special-heading'>&nbsp;<\/div><\/div><div class='avia-content-slider-inner'><div class='slide-entry-wrap' ><div  class='slide-entry flex_column no_margin post-entry slide-entry-overview slide-loop-1 slide-parity-odd  av_one_fifth first real-thumbnail'><a href=\"https:\/\/ddessinparis.com\/2022\/wp-content\/uploads\/2022\/09\/DDESSIN22_Dossier_de_presse.pdf\" data-rel='slide-1' class='slide-image' title='' ><span class='av-partner-fake-img' style='padding-bottom:141.33333333333%; background-image:url(https:\/\/ddessinparis.com\/2022\/wp-content\/uploads\/2022\/09\/DDESSIN22_Dossier_de_presse.png);'><\/span><\/a><\/div><div  class='slide-entry flex_column no_margin post-entry slide-entry-overview slide-loop-2 slide-parity-even  av_one_fifth  real-thumbnail'><a href=\"https:\/\/ddessinparis.com\/2022\/wp-content\/uploads\/2022\/09\/DDESSIN21_Dossier_de_presse.pdf\" data-rel='slide-1' class='slide-image' title='' ><span class='av-partner-fake-img' style='padding-bottom:141.33333333333%; background-image:url(https:\/\/ddessinparis.com\/2022\/wp-content\/uploads\/2022\/09\/DDESSIN21_Dossier_de_presse.jpg);'><\/span><\/a><\/div><div  class='slide-entry flex_column no_margin post-entry slide-entry-overview slide-loop-3 slide-parity-odd  av_one_fifth  real-thumbnail'><a href=\"https:\/\/ddessinparis.com\/2022\/wp-content\/uploads\/2022\/09\/DDESSIN20_Dossier_de_presse.pdf\" data-rel='slide-1' class='slide-image' title='' ><span class='av-partner-fake-img' style='padding-bottom:141.33333333333%; background-image:url(https:\/\/ddessinparis.com\/2022\/wp-content\/uploads\/2022\/09\/DDESSIN20_Dossier_de_presse.jpg);'><\/span><\/a><\/div><div  class='slide-entry flex_column no_margin post-entry slide-entry-overview slide-loop-4 slide-parity-even  av_one_fifth  real-thumbnail'><a href=\"https:\/\/ddessinparis.com\/2022\/wp-content\/uploads\/2022\/09\/DDESSIN19_Dossier_de_presse.pdf\" data-rel='slide-1' class='slide-image' title='' ><span class='av-partner-fake-img' style='padding-bottom:141.33333333333%; background-image:url(https:\/\/ddessinparis.com\/2022\/wp-content\/uploads\/2022\/09\/DDESSIN19_Dossier_de_presse.jpg);'><\/span><\/a><\/div><div  class='slide-entry flex_column no_margin post-entry slide-entry-overview slide-loop-5 slide-parity-odd  av_one_fifth  real-thumbnail'><a href=\"https:\/\/ddessinparis.com\/2022\/wp-content\/uploads\/2022\/09\/DDESSIN18_Dossier_de_presse.pdf\" data-rel='slide-1' class='slide-image' title='' ><span class='av-partner-fake-img' style='padding-bottom:141.33333333333%; background-image:url(https:\/\/ddessinparis.com\/2022\/wp-content\/uploads\/2022\/09\/DDESSIN18_Dossier_de_presse.png);'><\/span><\/a><\/div><\/div><div class='slide-entry-wrap' ><div  class='slide-entry flex_column no_margin post-entry slide-entry-overview slide-loop-6 slide-parity-odd  av_one_fifth first real-thumbnail'><a href=\"https:\/\/ddessinparis.com\/2022\/wp-content\/uploads\/2022\/09\/DDESSIN17_Dossier_de_presse.pdf\" data-rel='slide-1' class='slide-image' title='' ><span class='av-partner-fake-img' style='padding-bottom:141.33333333333%; background-image:url(https:\/\/ddessinparis.com\/2022\/wp-content\/uploads\/2022\/09\/DDESSIN17_Dossier_de_presse.jpg);'><\/span><\/a><\/div><div  class='slide-entry flex_column no_margin post-entry slide-entry-overview slide-loop-7 slide-parity-even  av_one_fifth  real-thumbnail'><a href=\"https:\/\/ddessinparis.com\/2022\/wp-content\/uploads\/2022\/09\/DDESSIN16_Dossier_de_presse.pdf\" data-rel='slide-1' class='slide-image' title='' ><span class='av-partner-fake-img' style='padding-bottom:141.33333333333%; background-image:url(https:\/\/ddessinparis.com\/2022\/wp-content\/uploads\/2022\/09\/DDESSIN16_Dossier_de_presse.jpg);'><\/span><\/a><\/div><div  class='slide-entry flex_column no_margin post-entry slide-entry-overview slide-loop-8 slide-parity-odd  av_one_fifth  real-thumbnail'><a href=\"https:\/\/ddessinparis.com\/2022\/wp-content\/uploads\/2022\/09\/DDESSIN15_Dossier_de_presse.pdf\" data-rel='slide-1' class='slide-image' title='' ><span class='av-partner-fake-img' style='padding-bottom:141.33333333333%; background-image:url(https:\/\/ddessinparis.com\/2022\/wp-content\/uploads\/2022\/09\/DDESSIN15_Dossier_de_presse.jpg);'><\/span><\/a><\/div><div  class='slide-entry flex_column no_margin post-entry slide-entry-overview slide-loop-9 slide-parity-even  av_one_fifth  real-thumbnail'><a href=\"https:\/\/ddessinparis.com\/2022\/wp-content\/uploads\/2022\/09\/DDESSIN14_Dossier_de_presse.pdf\" data-rel='slide-1' class='slide-image' title='' ><span class='av-partner-fake-img' style='padding-bottom:141.33333333333%; background-image:url(https:\/\/ddessinparis.com\/2022\/wp-content\/uploads\/2022\/09\/DDESSIN14_Dossier_de_presse.jpg);'><\/span><\/a><\/div><div  class='slide-entry flex_column no_margin post-entry slide-entry-overview slide-loop-10 slide-parity-odd  post-entry-last  av_one_fifth  real-thumbnail'><a href=\"https:\/\/ddessinparis.com\/2022\/wp-content\/uploads\/2022\/09\/DDESSIN13_Dossier_de_presse.pdf\" data-rel='slide-1' class='slide-image' title='' ><span class='av-partner-fake-img' style='padding-bottom:141.33333333333%; background-image:url(https:\/\/ddessinparis.com\/2022\/wp-content\/uploads\/2022\/09\/DDESSIN13_Dossier_de_presse.png);'><\/span><\/a><\/div><\/div><\/div><\/div>\n<\/div><\/div><\/div><!-- close content main div --><\/div><\/div>\n<style type=\"text\/css\" data-created_by=\"avia_inline_auto\" id=\"style-css-av-jdm2um-2ef3f1e54ed36b22344badedf5066c02\">\n.avia-section.av-jdm2um-2ef3f1e54ed36b22344badedf5066c02{\nbackground-color:#ffffff;\n}\n<\/style>\n<div id='av_section_3'  class='avia-section av-jdm2um-2ef3f1e54ed36b22344badedf5066c02 header_color avia-section-default avia-no-shadow  avia-builder-el-12  el_after_av_section  avia-builder-el-last  avia-bg-style-scroll  container_wrap sidebar_right'  ><div class='container av-section-cont-open' ><div class='template-page content  av-content-small alpha units'><div class='post-entry post-entry-type-page post-entry-2478'><div class='entry-content-wrapper clearfix'>\n<div class='flex_column av-h5rumm-cc4e47626f4da53fcb9f9295f92237b0 av_one_half  avia-builder-el-13  el_before_av_one_half  avia-builder-el-first  first flex_column_div '   ><section class=\"av_textblock_section \"  itemscope=\"itemscope\" itemtype=\"https:\/\/schema.org\/CreativeWork\" ><div class='avia_textblock  '   itemprop=\"text\" ><h2>T\u00e9l\u00e9chargements<\/h2>\n<p><a href=\"https:\/\/ddessinparis.com\/2022\/wp-content\/uploads\/2022\/04\/DDessin22_CP052022.pdf\" target=\"_blank\" rel=\"noopener\"><span style=\"color: #808080;\"><strong><span style=\"color: #808080;\">Mai 2022 <\/span><span style=\"color: #00ccff;\">&#8211;<\/span><\/strong><\/span><span style=\"color: #00ccff;\"> Communiqu\u00e9 de Presse mai 2022<\/span><\/a><br \/>\n<a href=\"https:\/\/ddessinparis.com\/2022\/wp-content\/uploads\/2022\/03\/CP-Annonce-DDESSINPARIS-31012022.pdf\" target=\"_blank\" rel=\"noopener\"><span style=\"color: #808080;\"><strong><span style=\"color: #808080;\">Mars 2022 <\/span><span style=\"color: #00ccff;\">&#8211;<\/span><\/strong><\/span><span style=\"color: #00ccff;\"> Communiqu\u00e9 de Presse mars 2022<\/span><\/a><br \/>\n<a href=\"https:\/\/ddessinparis.com\/2022\/wp-content\/uploads\/2021\/06\/DDessin21_CPLAUREATS062021.pdf\" target=\"_blank\" rel=\"noopener\"><span style=\"color: #808080;\"><strong><span style=\"color: #808080;\">Juin 2021<\/span> <span style=\"color: #00ccff;\">&#8211;<\/span><\/strong><\/span><span style=\"color: #00ccff;\"> Communiqu\u00e9 de Presse LAUR\u00c9ATE PRIX DDESSINPARIS 2021<\/span><\/a><\/p>\n<\/div><\/section><br \/>\n\n<style type=\"text\/css\" data-created_by=\"avia_inline_auto\" id=\"style-css-av-dpj43y-3f5d6e2af3f5d2e55054ba941e0e6c11\">\n#top .hr.hr-invisible.av-dpj43y-3f5d6e2af3f5d2e55054ba941e0e6c11{\nheight:10px;\n}\n<\/style>\n<div  class='hr av-dpj43y-3f5d6e2af3f5d2e55054ba941e0e6c11 hr-invisible  avia-builder-el-15  el_after_av_textblock  avia-builder-el-last  '><span class='hr-inner '><span class=\"hr-inner-style\"><\/span><\/span><\/div><\/p><\/div>\n<style type=\"text\/css\" data-created_by=\"avia_inline_auto\" id=\"style-css-av-aezxa6-ad73b9beeef1fdf858a858195aa96e58\">\n.flex_column.av-aezxa6-ad73b9beeef1fdf858a858195aa96e58{\nborder-radius:0px 0px 0px 0px;\n-webkit-border-radius:0px 0px 0px 0px;\n-moz-border-radius:0px 0px 0px 0px;\n}\n<\/style>\n<div class='flex_column av-aezxa6-ad73b9beeef1fdf858a858195aa96e58 av_one_half  avia-builder-el-16  el_after_av_one_half  avia-builder-el-last  flex_column_div av-zero-column-padding '   ><section class=\"av_textblock_section \"  itemscope=\"itemscope\" itemtype=\"https:\/\/schema.org\/CreativeWork\" ><div class='avia_textblock  '   itemprop=\"text\" ><h2>Podcasts<\/h2>\n<h3><span style=\"color: #00ccff;\">DDESSIN {16}<span style=\"color: #000000;\"> \u2022 FRANCE CULTURE<\/span><\/span> \u2013 <span class=\"title-emission\">Les Carnets de la cr\u00e9ation \/ Aude Lavigne<br \/>\n<\/span>Dessins trac\u00e9s \u00e0 la mine de plomb et installation immersive de Fran\u00e7ois R\u00e9au, Coup de Coeur 2016 d\u2019Eve de Medeiros.<\/h3>\n<h3><\/h3>\n<\/div><\/section><br \/>\n<div  class='avia-button-wrap avia-button-left  avia-builder-el-18  el_after_av_textblock  el_before_av_hr ' ><a href='https:\/\/www.franceculture.fr\/player\/export-reecouter?content=024eec92-64f7-46de-ae58-55c6e0d25cb5' class='avia-button av-qzuha-a8bda676c9b3ecf025a393294c230cd2 avia-icon_select-no avia-size-small avia-position-left avia-color-theme-color ' target=\"_blank\" rel=\"noopener noreferrer\"><span class='avia_iconbox_title' >\u00c9COUTER LE PODCAST<\/span><\/a><\/div><br \/>\n\n<style type=\"text\/css\" data-created_by=\"avia_inline_auto\" id=\"style-css-av-560xvi-e641e0f95df78aaebdfd4c81321f9614\">\n#top .hr.hr-invisible.av-560xvi-e641e0f95df78aaebdfd4c81321f9614{\nheight:10px;\n}\n<\/style>\n<div  class='hr av-560xvi-e641e0f95df78aaebdfd4c81321f9614 hr-invisible  avia-builder-el-19  el_after_av_button  el_before_av_textblock  '><span class='hr-inner '><span class=\"hr-inner-style\"><\/span><\/span><\/div><br \/>\n<section class=\"av_textblock_section \"  itemscope=\"itemscope\" itemtype=\"https:\/\/schema.org\/CreativeWork\" ><div class='avia_textblock  '   itemprop=\"text\" ><h3><span style=\"color: #00ccff;\">DDESSIN {17}<\/span> \u2022 FRANCE CULTURE \u2013 <span class=\"title-emission\">Les Carnets de la cr\u00e9ation \/ Aude Lavigne<br \/>\n<\/span>Rencontre avec Marie Havel, dessinatrice, laur\u00e9ate du prix DDESSIN {17} et du salon de dessin de Montpellier 17<\/h3>\n<h3><\/h3>\n<\/div><\/section><br \/>\n<div  class='avia-button-wrap avia-button-left  avia-builder-el-21  el_after_av_textblock  avia-builder-el-last ' ><a href='https:\/\/www.franceculture.fr\/player\/export-reecouter?content=4eeb0b6b-41cf-4b88-a9f3-19fe723580f3' class='avia-button av-2e3z4u-2e6fc873042ae8b1a5226e1637a18399 avia-icon_select-no avia-size-small avia-position-left avia-color-theme-color ' target=\"_blank\" rel=\"noopener noreferrer\"><span class='avia_iconbox_title' >\u00c9COUTER LE PODCAST<\/span><\/a><\/div><\/p><\/div>\n<\/div><\/div><\/div><!-- close content main div --><\/div><\/div><div id='after_section_3'  class='main_color av_default_container_wrap container_wrap sidebar_right'  ><div class='container av-section-cont-open' ><div class='template-page content  av-content-small alpha units'><div class='post-entry post-entry-type-page post-entry-2478'><div class='entry-content-wrapper clearfix'><\/p>\n","protected":false},"excerpt":{"rendered":"","protected":false},"author":1,"featured_media":0,"parent":0,"menu_order":0,"comment_status":"closed","ping_status":"closed","template":"","meta":[],"_links":{"self":[{"href":"https:\/\/ddessinparis.com\/2022\/wp-json\/wp\/v2\/pages\/2478"}],"collection":[{"href":"https:\/\/ddessinparis.com\/2022\/wp-json\/wp\/v2\/pages"}],"about":[{"href":"https:\/\/ddessinparis.com\/2022\/wp-json\/wp\/v2\/types\/page"}],"author":[{"embeddable":true,"href":"https:\/\/ddessinparis.com\/2022\/wp-json\/wp\/v2\/users\/1"}],"replies":[{"embeddable":true,"href":"https:\/\/ddessinparis.com\/2022\/wp-json\/wp\/v2\/comments?post=2478"}],"version-history":[{"count":137,"href":"https:\/\/ddessinparis.com\/2022\/wp-json\/wp\/v2\/pages\/2478\/revisions"}],"predecessor-version":[{"id":7662,"href":"https:\/\/ddessinparis.com\/2022\/wp-json\/wp\/v2\/pages\/2478\/revisions\/7662"}],"wp:attachment":[{"href":"https:\/\/ddessinparis.com\/2022\/wp-json\/wp\/v2\/media?parent=2478"}],"curies":[{"name":"wp","href":"https:\/\/api.w.org\/{rel}","templated":true}]}}