{"id":2565,"date":"2013-11-13T21:59:19","date_gmt":"2013-11-13T21:59:19","guid":{"rendered":"http:\/\/ddessinparis.fr\/2015\/?page_id=2565"},"modified":"2022-04-07T12:49:27","modified_gmt":"2022-04-07T12:49:27","slug":"infos-pratiques","status":"publish","type":"page","link":"https:\/\/ddessinparis.com\/2022\/infos-pratiques\/","title":{"rendered":"INFOS PRATIQUES"},"content":{"rendered":"\n<style type=\"text\/css\" data-created_by=\"avia_inline_auto\" id=\"style-css-av-brxbud-9d9ab04b3ecd9df846bdf95820a5d127\">\n.avia-section.av-brxbud-9d9ab04b3ecd9df846bdf95820a5d127{\nbackground-repeat:no-repeat;\nbackground-image:url(https:\/\/ddessinparis.com\/2022\/wp-content\/uploads\/2018\/01\/IMG_4510-1125x423.jpg);\nbackground-position:50% 50%;\nbackground-attachment:scroll;\n}\n<\/style>\n<div id='av_section_1'  class='avia-section av-brxbud-9d9ab04b3ecd9df846bdf95820a5d127 main_color avia-section-small avia-no-shadow  avia-builder-el-0  el_before_av_section  avia-builder-el-first  avia-full-stretch avia-bg-style-scroll  container_wrap sidebar_right'  data-section-bg-repeat='stretch'><div class='container av-section-cont-open' ><main  role=\"main\" itemprop=\"mainContentOfPage\"  class='template-page content  av-content-small alpha units'><div class='post-entry post-entry-type-page post-entry-2565'><div class='entry-content-wrapper clearfix'>\n<div  class='avia-buttonrow-wrap av-kpgyaipv-2971c62b202667e06cda38f6245f20f3 avia-buttonrow-center  avia-builder-el-1  avia-builder-el-no-sibling  '>\n\n<style type=\"text\/css\" data-created_by=\"avia_inline_auto\" id=\"style-css-av-a6cph-a96af4f2cb06051af905834ab505f766\">\n#top #wrap_all .avia-button.av-a6cph-a96af4f2cb06051af905834ab505f766{\nmargin-bottom:5px;\nmargin-right:3px;\nmargin-left:3px;\n}\n<\/style>\n<a href='https:\/\/ddessinparis.com\/2022\/billetterie\/'  class='avia-button av-a6cph-a96af4f2cb06051af905834ab505f766 avia-icon_select-no avia-size-x-large avia-color-theme-color'  ><span class='avia_iconbox_title' >PR\u00c9PAREZ VOTRE VISITE \/ ACC\u00c9DEZ \u00c0 LA BILLETERIE EN LIGNE<\/span><\/a>\n<\/div>\n\n<\/div><\/div><\/main><!-- close content main element --><\/div><\/div><div id='av_section_2'  class='avia-section av-10rsat-5ae35671beb6a88481c240601b2ad0f4 alternate_color avia-section-default avia-no-shadow  avia-builder-el-2  el_after_av_section  avia-builder-el-last  avia-bg-style-scroll  container_wrap sidebar_right'  ><div class='container av-section-cont-open' ><div class='template-page content  av-content-small alpha units'><div class='post-entry post-entry-type-page post-entry-2565'><div class='entry-content-wrapper clearfix'>\n<div class='flex_column av-9a0g2d-df02648601d0eb3a9596f99cc8b50611 av_one_half  avia-builder-el-3  el_before_av_one_half  avia-builder-el-first  first flex_column_div '   ><section class=\"av_textblock_section \"  itemscope=\"itemscope\" itemtype=\"https:\/\/schema.org\/CreativeWork\" ><div class='avia_textblock  '   itemprop=\"text\" ><h2>ADRESSE<\/h2>\n<h3><span style=\"color: #00ccff;\">DDessin {22}<\/span><\/h3>\n<h3><span style=\"color: #00ccff;\">LE MOLI\u00c8RE<br \/>\n<\/span><\/h3>\n<h3>40, rue de Richelieu &#8211; 75001 Paris<\/h3>\n<p><iframe loading=\"lazy\" style=\"border: 0;\" src=\"https:\/\/www.google.com\/maps\/embed?pb=!1m18!1m12!1m3!1d2624.600101662702!2d2.3349170156746286!3d48.86583557928818!2m3!1f0!2f0!3f0!3m2!1i1024!2i768!4f13.1!3m3!1m2!1s0x47e66e24d75bff7f%3A0xf14da19868403ae6!2s40%20Rue%20de%20Richelieu%2C%2075001%20Paris!5e0!3m2!1sfr!2sfr!4v1619452592200!5m2!1sfr!2sfr\" width=\"600\" height=\"450\" allowfullscreen=\"allowfullscreen\"><\/iframe><\/p>\n<h2>TARIFS<\/h2>\n<p><strong>Entr\u00e9e :<\/strong> 14 euros<\/p>\n<p><strong>Tarif r\u00e9duit :<\/strong> 9 euros*<br \/>\n<span style=\"font-size: 8pt;\"><em>(*artiste affili\u00e9 \u00e0 la maison des artistes, \u00e9tudiant, ch\u00f4meur, <\/em><\/span><br \/>\n<span style=\"font-size: 8pt;\"><em>sur pr\u00e9sentation d\u2019un justificatif)<\/em><\/span><\/p>\n<p><strong>Gratuit pour les moins de 14 ans<\/strong><\/p>\n<div><\/div>\n<div><\/div>\n<div><em><span style=\"font-size: 8pt;\">\u00a0<\/span><\/em><\/div>\n<div><\/div>\n<div><\/div>\n<h2><\/h2>\n<\/div><\/section><\/div>\n<style type=\"text\/css\" data-created_by=\"avia_inline_auto\" id=\"style-css-av-5hhyrp-1465cb3b18a417d5a1fb2a0a5107bbea\">\n.flex_column.av-5hhyrp-1465cb3b18a417d5a1fb2a0a5107bbea{\nborder-radius:0px 0px 0px 0px;\n-webkit-border-radius:0px 0px 0px 0px;\n-moz-border-radius:0px 0px 0px 0px;\n}\n<\/style>\n<div class='flex_column av-5hhyrp-1465cb3b18a417d5a1fb2a0a5107bbea av_one_half  avia-builder-el-5  el_after_av_one_half  el_before_av_hr  flex_column_div av-zero-column-padding '   ><section class=\"av_textblock_section \"  itemscope=\"itemscope\" itemtype=\"https:\/\/schema.org\/CreativeWork\" ><div class='avia_textblock  '   itemprop=\"text\" ><h2>OUVERTURE AU PUBLIC<\/h2>\n<p><b>\u2022 Du vendredi 20 au Dimanche 22 mai 2022<br \/>\n<\/b><\/p>\n<p>Vendredi 20 mai de 11 heures \u00e0 20 heures<br \/>\nSamedi 21 mai de 11 heures \u00e0 20 heures<br \/>\nDimanche 22 mai de 11 heures \u00e0 19 heures.<\/p>\n<p><b>\u2022 Preview : Jeudi 19 mai 2022 de 14 heures \u00e0 17 heures<\/b><\/p>\n<p><strong>\u2022 Vernissage <b>: <\/b>Vernissage jeudi 19 mai de 18 heures \u00e0 22 heures (sur invitation).<br \/>\n<\/strong><\/p>\n<h2>ACC\u00c8S<\/h2>\n<p><strong>M\u00e9tro :<\/strong><\/p>\n<p>M\u00b0 Bourse &#8211; ligne 3<br \/>\nM\u00b0 Palais Royal &#8211; lignes <span class=\"aCOpRe\"> 1 et 7 <\/span><\/p>\n<p><strong>Bus :<\/strong><br \/>\nStations : Biblioth\u00e8que Nationale et Richelieu \u2013 4 Septembre<br \/>\nLigne n\u00b0 20, 29, 39, 48, 67<\/p>\n<p><strong>Parking :<\/strong>\u00a0Parking VINCI &#8211; 2 Place de la Bourse 75002 Paris<\/p>\n<div><strong>V\u00e9lib :<\/strong> 71 rue de Richelieu<\/div>\n<p><strong>Acc\u00e8s depuis l&#8217;a\u00e9roport d&#8217;Orly :<\/strong><br \/>\nEnviron 40 minutes par l&#8217;autoroute A6<br \/>\nEnviron 45 minutes en RER ligne B, Correspondance Chatelet<\/p>\n<p><strong>Acc\u00e8s depuis l&#8217;a\u00e9roport de Roissy :\u00a0<\/strong><br \/>\nEnviron 35 minutes par l&#8217;autoroute A1<br \/>\nEnviron 30 minutes en RER ligne B, Correspondance Chatelet<\/p>\n<h2><\/h2>\n<\/div><\/section><\/div><div  class='hr av-27dcmt-acc2bae31a620122d07ffbee46d67429 hr-default  avia-builder-el-7  el_after_av_one_half  avia-builder-el-last  '><span class='hr-inner '><span class=\"hr-inner-style\"><\/span><\/span><\/div>\n<\/div><\/div><\/div><!-- close content main div --><\/div><\/div><div id='after_section_2'  class='main_color av_default_container_wrap container_wrap sidebar_right'  ><div class='container av-section-cont-open' ><div class='template-page content  av-content-small alpha units'><div class='post-entry post-entry-type-page post-entry-2565'><div class='entry-content-wrapper clearfix'>\n","protected":false},"excerpt":{"rendered":"","protected":false},"author":1,"featured_media":0,"parent":0,"menu_order":0,"comment_status":"closed","ping_status":"closed","template":"","meta":[],"_links":{"self":[{"href":"https:\/\/ddessinparis.com\/2022\/wp-json\/wp\/v2\/pages\/2565"}],"collection":[{"href":"https:\/\/ddessinparis.com\/2022\/wp-json\/wp\/v2\/pages"}],"about":[{"href":"https:\/\/ddessinparis.com\/2022\/wp-json\/wp\/v2\/types\/page"}],"author":[{"embeddable":true,"href":"https:\/\/ddessinparis.com\/2022\/wp-json\/wp\/v2\/users\/1"}],"replies":[{"embeddable":true,"href":"https:\/\/ddessinparis.com\/2022\/wp-json\/wp\/v2\/comments?post=2565"}],"version-history":[{"count":70,"href":"https:\/\/ddessinparis.com\/2022\/wp-json\/wp\/v2\/pages\/2565\/revisions"}],"predecessor-version":[{"id":2567,"href":"https:\/\/ddessinparis.com\/2022\/wp-json\/wp\/v2\/pages\/2565\/revisions\/2567"}],"wp:attachment":[{"href":"https:\/\/ddessinparis.com\/2022\/wp-json\/wp\/v2\/media?parent=2565"}],"curies":[{"name":"wp","href":"https:\/\/api.w.org\/{rel}","templated":true}]}}