{"id":5720,"date":"2018-02-07T18:12:21","date_gmt":"2018-02-07T18:12:21","guid":{"rendered":"http:\/\/www.ddessinparis.fr\/2018\/?page_id=5720"},"modified":"2022-05-07T13:32:22","modified_gmt":"2022-05-07T13:32:22","slug":"black-box","status":"publish","type":"page","link":"https:\/\/ddessinparis.com\/2022\/black-box\/","title":{"rendered":"BLACK BOX"},"content":{"rendered":"<div id='full_slider_1'  class='avia-fullwidth-slider main_color avia-shadow   avia-builder-el-0  el_before_av_section  avia-builder-el-first   container_wrap sidebar_right'  ><div   data-size='featured_large'  data-lightbox_size='large'  data-animation='slide'  data-conditional_play=''  data-ids=''  data-video_counter='1'  data-autoplay='false'  data-bg_slider='false'  data-slide_height=''  data-handle='av_slideshow_full'  data-interval='5'  data-class=' '  data-el_id=''  data-css_id=''  data-scroll_down=''  data-control_layout='av-control-default'  data-custom_markup=''  data-perma_caption=''  data-autoplay_stopper=''  data-image_attachment=''  data-min_height='0px'  data-lazy_loading='disabled'  data-src=''  data-position='top left'  data-repeat='no-repeat'  data-attach='scroll'  data-stretch=''  data-img_scrset=''  data-default-height='42'  class='avia-slideshow avia-slideshow-1  av-control-default av-default-height-applied avia-slideshow-featured_large av_slideshow_full   avia-slide-slider '  itemprop=\"image\" itemscope=\"itemscope\" itemtype=\"https:\/\/schema.org\/ImageObject\" ><ul class='avia-slideshow-inner ' style='padding-bottom: 42%;' ><li  data-controls='' data-mute='aviaTBaviaTBvideo_mute' data-loop='' data-disable-autoplay=''  data-mobile-img='https:\/\/ddessinparis.com\/2022\/wp-content\/uploads\/2022\/04\/vlcsnap-2022-04-23-16h30m18s191-1500x630.png' data-fallback-link='https:\/\/' data-video-ratio='2.3809523809524' class=' av-video-slide  av-video-service-html5  av-mute-video av-mobile-fallback-image av-single-slide slide-1 ' ><div data-rel='slideshow-1' class='avia-slide-wrap ' style='background-image:url(\"https:\/\/ddessinparis.com\/2022\/wp-content\/uploads\/2022\/04\/vlcsnap-2022-04-23-16h30m18s191-1500x630.png\");'  ><div class='av-click-overlay'><\/div><video class='avia_video' poster=\"https:\/\/ddessinparis.com\/2022\/wp-content\/uploads\/2022\/04\/vlcsnap-2022-04-23-16h30m18s191-1500x630.png\" autoplay  preload=\"auto\" muted controls id='player_5720_16291749_1001179031'><source src=\"https:\/\/ddessinparis.com\/2022\/VIDEOS\/14-CLIP_STROMBOLI_V3_avec_gene.mp4\" type=\"video\/mp4\" \/><\/video><div class='av-click-to-play-overlay'><div class=\"avia_playpause_icon\"><\/div><\/div><\/div><\/li><\/ul><\/div><\/div>\n\n<style type=\"text\/css\" data-created_by=\"avia_inline_auto\" id=\"style-css-av-18ffn2g-6f0a09e0121182c9dd7adcac30742662\">\n.avia-section.av-18ffn2g-6f0a09e0121182c9dd7adcac30742662{\nbackground-color:#000000;\n}\n<\/style>\n<div id='av_section_1'  class='avia-section av-18ffn2g-6f0a09e0121182c9dd7adcac30742662 header_color avia-section-default avia-no-shadow  avia-builder-el-1  el_after_av_slideshow_full  el_before_av_section  avia-bg-style-scroll  av-minimum-height av-minimum-height-custom  container_wrap sidebar_right'  ><div class='container av-section-cont-open' style='height:100px'><div class='template-page content  av-content-small alpha units'><div class='post-entry post-entry-type-page post-entry-5720'><div class='entry-content-wrapper clearfix'>\n\n<style type=\"text\/css\" data-created_by=\"avia_inline_auto\" id=\"style-css-av-411yiw-7ba0ceb1ffc338e9b1d657d497781999\">\n.flex_column.av-411yiw-7ba0ceb1ffc338e9b1d657d497781999{\nborder-radius:0px 0px 0px 0px;\n-webkit-border-radius:0px 0px 0px 0px;\n-moz-border-radius:0px 0px 0px 0px;\npadding:40px 40px 40px 40px;\nbackground-color:#474747;\n}\n<\/style>\n<div class='flex_column av-411yiw-7ba0ceb1ffc338e9b1d657d497781999 av_one_half  avia-builder-el-2  el_before_av_one_half  avia-builder-el-first  first flex_column_div '   ><section class=\"av_textblock_section \"  itemscope=\"itemscope\" itemtype=\"https:\/\/schema.org\/CreativeWork\" ><div class='avia_textblock  av_inherit_color '  style='color:#ffffff; '  itemprop=\"text\" ><h2>Black Box<\/h2>\n<\/div><\/section><br \/>\n<section class=\"av_textblock_section \"  itemscope=\"itemscope\" itemtype=\"https:\/\/schema.org\/CreativeWork\" ><div class='avia_textblock  av_inherit_color '  style='color:#ffffff; '  itemprop=\"text\" ><p><strong>Fid\u00e8le \u00e0 sa vocation de mettre en lumi\u00e8re les nouvelles formes du dessin, et de montrer que les artistes repoussent sans cesse les fronti\u00e8res de ce m\u00e9dium fondateur, la direction artistique proposera deux vid\u00e9os d\u2019artistes.<\/strong><\/p>\n<p>Le dessin sortira donc une nouvelle fois de la feuille sur cette \u00e9dition, et s\u2019animera pour venir nous surprendre sur \u00e9cran. A travers la vid\u00e9o, qui offre aux artistes un terrain d\u2019exp\u00e9rimentation riche et r\u00e9solument contemporain, cette nouvelle Black Box offrira aux visiteurs de DDESSINPARIS l\u2019exp\u00e9rience immersive du dessin en mouvement.<\/p>\n<\/div><\/section><\/p><\/div>\n<style type=\"text\/css\" data-created_by=\"avia_inline_auto\" id=\"style-css-av-411yiw-4a4cd8e43fdacf453fa6227b8e4326a9\">\n.flex_column.av-411yiw-4a4cd8e43fdacf453fa6227b8e4326a9{\nborder-radius:0px 0px 0px 0px;\n-webkit-border-radius:0px 0px 0px 0px;\n-moz-border-radius:0px 0px 0px 0px;\n}\n<\/style>\n<div class='flex_column av-411yiw-4a4cd8e43fdacf453fa6227b8e4326a9 av_one_half  avia-builder-el-5  el_after_av_one_half  avia-builder-el-last  flex_column_div av-zero-column-padding '   ><section class=\"av_textblock_section \"  itemscope=\"itemscope\" itemtype=\"https:\/\/schema.org\/CreativeWork\" ><div class='avia_textblock  av_inherit_color '  style='color:#ffffff; '  itemprop=\"text\" ><p>Dominique Castell, repr\u00e9sent\u00e9e par l\u2019Atelier Vis-\u00e0-Vis de Marseille\u00a0:<\/p>\n<p><strong>Dove noi siamo ? \u2013 Stromboli <\/strong><\/p>\n<p>Vide\u0301ographie HD, 03:43, 2021<\/p>\n<p>Cet art consomme\u0301 de la de\u0301rive, de la fluctuation graphique se manifeste pleinement dans la se\u0301rie de dessins <strong>Dove noi siamo ? \u2013 Stromboli <\/strong>(2021) qui convoque sur les cimaises Jules Vernes et son Voyage au centre de la Terre.<br \/>\nOu\u0300 sommes-nous ? demande le professeur Lidenbrock qui, au terme de l\u2019expe\u0301dition, vient de refaire surface sur le volcan sicilien apre\u0300s avoir traverse\u0301 la terre. Nous sommes au coeur du dessin, dans sa me\u0301canique paradoxale. Le trace\u0301 est tenu, mai\u0302trise\u0301. Il parcourt avec de\u0301termination la feuille noire du papier pour former une sorte de trame. Est-ce l\u2019oeuvre d\u2019une machine ou de la main, on he\u0301site tant sa re\u0301gularite\u0301 semble programme\u0301e et tenir a\u0300 distance les e\u0301motions. Presque me\u0301caniques, ces dessins sont pourtant vibrants, humains et a\u0300 la mesure du souffle qui entrai\u0302ne la main. Leur agencement, e\u0301clate\u0301 sur le mur, comme une dentelle de laves propulse\u0301es dans le ciel, semble rejouer quelques mouvements ge\u0301ologiques.<\/p>\n<p>La vide\u0301ographie <strong>Dove noi siamo ? \u2013 Stromboli <\/strong>prolonge l\u2019expe\u0301rience du dessin. Elle montre l\u2019acte de dessiner en lui-me\u0302me sans pour autant en de\u0301voiler l\u2019origine. Seule apparait la pointe d\u2019un stylo qui de\u0301pose sa lave argente\u0301e a\u0300 la surface du papier. Dans un mouvement re\u0301pe\u0301titif et re\u0301gulier, elle met a\u0300 jour un trait sismographique qui griffe le support et dialogue avec des silhouettes blanches anime\u0301es Ces dernie\u0300res glissent dans les interstices des traits, accompagnent la reprise du geste comme un contrepoint e\u0301motionnel au \u00ab faire me\u0301canique \u00bb. Entre mai\u0302trise et la\u0302cher prise, automatisme du dessin et expe\u0301rience sensible du re\u0301el, le motif se de\u0301ploie en une chore\u0301graphie fluide et unifie\u0301e.<\/p>\n<p>Ve\u0301ronique Baton<\/p>\n<\/div><\/section><\/div>\n\n<\/div><\/div><\/div><!-- close content main div --><\/div><\/div>\n<style type=\"text\/css\" data-created_by=\"avia_inline_auto\" id=\"style-css-av-18ffn2g-6f0a09e0121182c9dd7adcac30742662\">\n.avia-section.av-18ffn2g-6f0a09e0121182c9dd7adcac30742662{\nbackground-color:#000000;\n}\n<\/style>\n<div id='av_section_2'  class='avia-section av-18ffn2g-6f0a09e0121182c9dd7adcac30742662 header_color avia-section-default avia-no-shadow  avia-builder-el-7  el_after_av_section  avia-builder-el-last  avia-bg-style-scroll  av-minimum-height av-minimum-height-custom  container_wrap sidebar_right'  ><div class='container av-section-cont-open' style='height:100px'><div class='template-page content  av-content-small alpha units'><div class='post-entry post-entry-type-page post-entry-5720'><div class='entry-content-wrapper clearfix'>\n\n<style type=\"text\/css\" data-created_by=\"avia_inline_auto\" id=\"style-css-av-4ro19k-62605ea71d0a760d05a3a8083d3c94c4\">\n.flex_column.av-4ro19k-62605ea71d0a760d05a3a8083d3c94c4{\nborder-radius:0px 0px 0px 0px;\n-webkit-border-radius:0px 0px 0px 0px;\n-moz-border-radius:0px 0px 0px 0px;\n}\n<\/style>\n<div class='flex_column av-4ro19k-62605ea71d0a760d05a3a8083d3c94c4 av_one_half  avia-builder-el-8  el_before_av_one_half  avia-builder-el-first  first flex_column_div av-zero-column-padding '   ><div  class='avia-video avia-video-custom avia-video-html5  ' style='padding-bottom:187.5%;'  itemprop=\"video\" itemtype=\"https:\/\/schema.org\/VideoObject\"  data-original_url='https:\/\/ddessinparis.com\/2022\/VIDEOS\/Robet_Dantec_05.mp4' ><video class='avia_video'    preload=\"auto\"  controls id='player_5720_659314940_830218989'><source src=\"https:\/\/ddessinparis.com\/2022\/VIDEOS\/Robet_Dantec_05.mp4\" type=\"video\/mp4\" \/><\/video><\/div><\/div>\n<style type=\"text\/css\" data-created_by=\"avia_inline_auto\" id=\"style-css-av-2tcyfs-373c24a77c335e09af777d9b2cb2949a\">\n.flex_column.av-2tcyfs-373c24a77c335e09af777d9b2cb2949a{\nborder-radius:0px 0px 0px 0px;\n-webkit-border-radius:0px 0px 0px 0px;\n-moz-border-radius:0px 0px 0px 0px;\n}\n<\/style>\n<div class='flex_column av-2tcyfs-373c24a77c335e09af777d9b2cb2949a av_one_half  avia-builder-el-10  el_after_av_one_half  avia-builder-el-last  flex_column_div av-zero-column-padding '   ><section class=\"av_textblock_section \"  itemscope=\"itemscope\" itemtype=\"https:\/\/schema.org\/CreativeWork\" ><div class='avia_textblock  av_inherit_color '  style='color:#ffffff; '  itemprop=\"text\" ><p><strong>Ugo Arsac<\/strong>, repr\u00e9sent\u00e9 par la galerie Robet Dantec de Belfort\u00a0:<\/p>\n<p>IN URBE est une exp\u00e9rience de r\u00e9alit\u00e9 virtuelle immersive, nous sommes les cavit\u00e9s souterraines de Paris,\u00a0et nous pouvons librement nous y perdre. Une fois le casque endoss\u00e9, nous sommes\u00a0invit\u00e9s \u00e0 cheminer ind\u00e9finiment sous terre, sous la m\u00e9tropole.\u00a0Imagin\u00e9e et con\u00e7ue par l\u2019artiste et r\u00e9alisateur\u00a0Ugo Arsac, et co-produite par Le Fresnoy, Studio national des arts contemporains,<strong>\u00a0IN URBE\u00a0<\/strong>poss\u00e8de une double valeur, \u00e0 la fois artistique et &#8220;arch\u00e9ologique&#8221;\u00a0(arch\u00e9ologie moderne \/ urbex). Elle nous fait d\u00e9couvrir un patrimoine\u00a0rarement valoris\u00e9, et qui g\u00e9n\u00e9ralement, pour des raisons de s\u00e9curit\u00e9, ne peut\u00a0\u00eatre rendu accessible au public.<\/p>\n<\/div><\/section><\/div><\/div><\/div><\/div><!-- close content main div --><\/div><\/div><div id='after_section_2'  class='main_color av_default_container_wrap container_wrap sidebar_right'  ><div class='container av-section-cont-open' ><div class='template-page content  av-content-small alpha units'><div class='post-entry post-entry-type-page post-entry-5720'><div class='entry-content-wrapper clearfix'>\n","protected":false},"excerpt":{"rendered":"","protected":false},"author":1,"featured_media":0,"parent":0,"menu_order":0,"comment_status":"closed","ping_status":"closed","template":"","meta":[],"_links":{"self":[{"href":"https:\/\/ddessinparis.com\/2022\/wp-json\/wp\/v2\/pages\/5720"}],"collection":[{"href":"https:\/\/ddessinparis.com\/2022\/wp-json\/wp\/v2\/pages"}],"about":[{"href":"https:\/\/ddessinparis.com\/2022\/wp-json\/wp\/v2\/types\/page"}],"author":[{"embeddable":true,"href":"https:\/\/ddessinparis.com\/2022\/wp-json\/wp\/v2\/users\/1"}],"replies":[{"embeddable":true,"href":"https:\/\/ddessinparis.com\/2022\/wp-json\/wp\/v2\/comments?post=5720"}],"version-history":[{"count":92,"href":"https:\/\/ddessinparis.com\/2022\/wp-json\/wp\/v2\/pages\/5720\/revisions"}],"predecessor-version":[{"id":7667,"href":"https:\/\/ddessinparis.com\/2022\/wp-json\/wp\/v2\/pages\/5720\/revisions\/7667"}],"wp:attachment":[{"href":"https:\/\/ddessinparis.com\/2022\/wp-json\/wp\/v2\/media?parent=5720"}],"curies":[{"name":"wp","href":"https:\/\/api.w.org\/{rel}","templated":true}]}}