{"id":5725,"date":"2018-02-07T18:21:05","date_gmt":"2018-02-07T18:21:05","guid":{"rendered":"http:\/\/www.ddessinparis.fr\/2018\/?page_id=5725"},"modified":"2022-05-17T13:12:02","modified_gmt":"2022-05-17T13:12:02","slug":"la-pepiniere","status":"publish","type":"page","link":"https:\/\/ddessinparis.com\/2022\/la-pepiniere\/","title":{"rendered":"LA P\u00c9PINI\u00c8RE"},"content":{"rendered":"\n<style type=\"text\/css\" data-created_by=\"avia_inline_auto\" id=\"style-css-av-13v95al-e295f569a3d4e02024841d7ceeb09a6a\">\n.avia-section.av-13v95al-e295f569a3d4e02024841d7ceeb09a6a{\nbackground-color:#ffffff;\nbackground-repeat:no-repeat;\nbackground-image:url(https:\/\/ddessinparis.com\/2022\/wp-content\/uploads\/2022\/04\/jbnee_Percee_nuit_2018-300x191.jpg);\nbackground-position:50% 50%;\nbackground-attachment:scroll;\n}\n<\/style>\n<div id='av_section_1'  class='avia-section av-13v95al-e295f569a3d4e02024841d7ceeb09a6a header_color avia-section-default avia-no-shadow  avia-builder-el-0  el_before_av_section  avia-builder-el-first  avia-full-stretch avia-bg-style-scroll  container_wrap sidebar_right'  data-section-bg-repeat='stretch'><div class='container av-section-cont-open' ><main  role=\"main\" itemprop=\"mainContentOfPage\"  class='template-page content  av-content-small alpha units'><div class='post-entry post-entry-type-page post-entry-5725'><div class='entry-content-wrapper clearfix'>\n\n<style type=\"text\/css\" data-created_by=\"avia_inline_auto\" id=\"style-css-av-12ddmrh-da5b47f3e22c300546554dfd86161483\">\n.flex_column.av-12ddmrh-da5b47f3e22c300546554dfd86161483{\nborder-radius:0px 0px 0px 0px;\n-webkit-border-radius:0px 0px 0px 0px;\n-moz-border-radius:0px 0px 0px 0px;\n}\n<\/style>\n<div class='flex_column av-12ddmrh-da5b47f3e22c300546554dfd86161483 av_one_fifth  avia-builder-el-1  el_before_av_three_fifth  avia-builder-el-first  first flex_column_div av-zero-column-padding '   ><\/div>\n<style type=\"text\/css\" data-created_by=\"avia_inline_auto\" id=\"style-css-av-11bxgt9-7806deda333583d48d411b4d9781a622\">\n.flex_column.av-11bxgt9-7806deda333583d48d411b4d9781a622{\nborder-width:31px;\nborder-color:#ffffff;\nborder-style:solid;\nborder-radius:0px 0px 0px 0px;\n-webkit-border-radius:0px 0px 0px 0px;\n-moz-border-radius:0px 0px 0px 0px;\nbackground-color:#ffffff;\n}\n<\/style>\n<div class='flex_column av-11bxgt9-7806deda333583d48d411b4d9781a622 av_three_fifth  avia-builder-el-2  el_after_av_one_fifth  el_before_av_one_fifth  flex_column_div av-zero-column-padding '   ><section class=\"av_textblock_section \"  itemscope=\"itemscope\" itemtype=\"https:\/\/schema.org\/CreativeWork\" ><div class='avia_textblock  av_inherit_color '  style='color:#000000; '  itemprop=\"text\" ><h3 style=\"text-align: left;\"><span style=\"color: #00ccff;\"><span style=\"color: #000000;\">LA P\u00c9PINI\u00c8RE <\/span><br \/>\n<\/span><\/h3>\n<p><strong>JEAN BAPTISTE NEE<\/strong><\/p>\n<p>Peintre, dessinateur, sc\u00e9nographe et plasticien fran\u00e7ais, dipl\u00f4m\u00e9 des Arts\u2011D\u00e9coratifs de Paris en 2012, Jean\u2011Baptiste N\u00e9e travaille\u00a0<em>in situ<\/em>\u00a0en montagne et haute montagne au cours de s\u00e9jours de plusieurs semaines ou plusieurs mois en immersion. Il rencontre le peintre Alexandre Hollan en 2005, aupr\u00e8s duquel il commence \u00e0 dessiner sur le motif, au contact direct la nature. Depuis 2015, il laisse une place grandissante \u00e0 l&#8217;action des \u00e9l\u00e9ments : la pluie, la neige, le gel participent \u00e0 l&#8217;\u00e9laboration de l&#8217;\u0153uvre. Il \u00e9tablit son &#8220;grand atelier&#8221; dans les Alpes suisses ou dans le massif du Vercors \u2013 l&#8217;hiver notamment \u2013, ainsi qu&#8217;au cours de longues randonn\u00e9es dans les Alpes italiennes. Au cours de l&#8217;hiver 2018, il travaille dans les massifs de Wudangshan et de Lushan, en Chine, et s&#8217;int\u00e9resse \u00e0 la notion tao\u00efste de &#8220;Ciel&#8221;.<\/p>\n<p style=\"text-align: justify;\"><span style=\"color: #00ccff;\">\u00a0<\/span><\/p>\n<\/div><\/section><\/div>\n<style type=\"text\/css\" data-created_by=\"avia_inline_auto\" id=\"style-css-av-yq6jwd-8b7142a90ec02c0a6c9ad4c0fba49ce7\">\n.flex_column.av-yq6jwd-8b7142a90ec02c0a6c9ad4c0fba49ce7{\nborder-radius:0px 0px 0px 0px;\n-webkit-border-radius:0px 0px 0px 0px;\n-moz-border-radius:0px 0px 0px 0px;\n}\n<\/style>\n<div class='flex_column av-yq6jwd-8b7142a90ec02c0a6c9ad4c0fba49ce7 av_one_fifth  avia-builder-el-4  el_after_av_three_fifth  avia-builder-el-last  flex_column_div av-zero-column-padding '   ><\/div><\/div><\/div><\/main><!-- close content main element --><\/div><\/div><div id='av_section_2'  class='avia-section av-x2c9vx-6f4ed3ab83c7e8157e2cda9d11bf2429 header_color avia-section-default avia-no-shadow  avia-builder-el-5  el_after_av_section  avia-builder-el-last  avia-bg-style-scroll  container_wrap sidebar_right'  ><div class='container av-section-cont-open' ><div class='template-page content  av-content-small alpha units'><div class='post-entry post-entry-type-page post-entry-5725'><div class='entry-content-wrapper clearfix'>\n<div class='flex_column_table av-us90zx-5f665d0ffd5ea71a5e8891e5bfdf347c sc-av_one_half av-equal-height-column-flextable'>\n<style type=\"text\/css\" data-created_by=\"avia_inline_auto\" id=\"style-css-av-us90zx-5f665d0ffd5ea71a5e8891e5bfdf347c\">\n.flex_column.av-us90zx-5f665d0ffd5ea71a5e8891e5bfdf347c{\nborder-radius:0px 0px 0px 0px;\n-webkit-border-radius:0px 0px 0px 0px;\n-moz-border-radius:0px 0px 0px 0px;\n}\n<\/style>\n<div class='flex_column av-us90zx-5f665d0ffd5ea71a5e8891e5bfdf347c av_one_half  avia-builder-el-6  el_before_av_one_half  avia-builder-el-first  first flex_column_table_cell av-equal-height-column av-align-top av-zero-column-padding '   ><p><div   data-size='large'  data-lightbox_size='large'  data-animation='fade'  data-conditional_play=''  data-ids='7493,7492'  data-video_counter='0'  data-autoplay='false'  data-bg_slider='false'  data-slide_height=''  data-handle='av_slideshow'  data-interval='6'  data-class=' avia-builder-el-7  el_before_av_hr  avia-builder-el-first  '  data-el_id=''  data-css_id=''  data-scroll_down=''  data-control_layout='av-control-default'  data-custom_markup=''  data-perma_caption=''  data-autoplay_stopper=''  data-image_attachment=''  data-min_height='0px'  data-lazy_loading='disabled'  data-img_scrset=''  class='avia-slideshow avia-slideshow-1  av-control-default av-default-height-applied avia-slideshow-large av_slideshow  avia-builder-el-7  el_before_av_hr  avia-builder-el-first   avia-fade-slider '  itemprop=\"image\" itemscope=\"itemscope\" itemtype=\"https:\/\/schema.org\/ImageObject\" ><ul class='avia-slideshow-inner ' style='padding-bottom: 78.446601941748%;' ><li  class=' slide-1 ' ><div data-rel='slideshow-1' class='avia-slide-wrap '   ><div class=\"avia-caption av-slideshow-caption\"><div class=\"avia-inner-caption\"><h2  class='avia-caption-title  '  itemprop=\"name\" >Versant, brume, lumi\u00e8re,<\/h2><div class='avia-caption-content  '  itemprop=\"description\"  ><p>Jean-Baptiste N\u00e9e<br \/>\ngouache sur papier maroufl\u00e9 sur toile,<br \/>\n89 x 113 cm,<br \/>\n2021,<br \/>\nCourtesy de l&#8217;artiste<\/p>\n<\/div><\/div><\/div><img class=\"wp-image-7493 avia-img-lazy-loading-not-7493\"  src=\"https:\/\/ddessinparis.com\/2022\/wp-content\/uploads\/2022\/04\/jbnee_Versant_brume_lumiere_2021-1030x808.jpg\" width=\"1030\" height=\"808\" title='jbnee_Versant_brume_lumiere_2021' alt=''  itemprop=\"thumbnailUrl\" srcset=\"https:\/\/ddessinparis.com\/2022\/wp-content\/uploads\/2022\/04\/jbnee_Versant_brume_lumiere_2021-1030x808.jpg 1030w, https:\/\/ddessinparis.com\/2022\/wp-content\/uploads\/2022\/04\/jbnee_Versant_brume_lumiere_2021-300x235.jpg 300w, https:\/\/ddessinparis.com\/2022\/wp-content\/uploads\/2022\/04\/jbnee_Versant_brume_lumiere_2021-768x603.jpg 768w, https:\/\/ddessinparis.com\/2022\/wp-content\/uploads\/2022\/04\/jbnee_Versant_brume_lumiere_2021-1536x1205.jpg 1536w, https:\/\/ddessinparis.com\/2022\/wp-content\/uploads\/2022\/04\/jbnee_Versant_brume_lumiere_2021-2048x1607.jpg 2048w, https:\/\/ddessinparis.com\/2022\/wp-content\/uploads\/2022\/04\/jbnee_Versant_brume_lumiere_2021-1500x1177.jpg 1500w, https:\/\/ddessinparis.com\/2022\/wp-content\/uploads\/2022\/04\/jbnee_Versant_brume_lumiere_2021-705x553.jpg 705w\" sizes=\"(max-width: 1030px) 100vw, 1030px\" \/><\/div><\/li><li  class=' slide-2 ' ><div data-rel='slideshow-1' class='avia-slide-wrap '   ><div class=\"avia-caption av-slideshow-caption\"><div class=\"avia-inner-caption\"><h2  class='avia-caption-title  '  itemprop=\"name\" >Perc\u00e9e, nuit,<\/h2><div class='avia-caption-content  '  itemprop=\"description\"  ><p>Jean-Baptiste N\u00e9e<br \/>\naquarelle sur papier<br \/>\n16 x 25 cm,<br \/>\n2018<br \/>\nCourtesy de l&#8217;artiste<\/p>\n<\/div><\/div><\/div><img class=\"wp-image-7492 avia-img-lazy-loading-not-7492\"  src=\"https:\/\/ddessinparis.com\/2022\/wp-content\/uploads\/2022\/04\/jbnee_Percee_nuit_2018-1030x656.jpg\" width=\"1030\" height=\"656\" title='jbnee_Percee_nuit_2018' alt=''  itemprop=\"thumbnailUrl\" srcset=\"https:\/\/ddessinparis.com\/2022\/wp-content\/uploads\/2022\/04\/jbnee_Percee_nuit_2018-1030x656.jpg 1030w, https:\/\/ddessinparis.com\/2022\/wp-content\/uploads\/2022\/04\/jbnee_Percee_nuit_2018-300x191.jpg 300w, https:\/\/ddessinparis.com\/2022\/wp-content\/uploads\/2022\/04\/jbnee_Percee_nuit_2018-768x489.jpg 768w, https:\/\/ddessinparis.com\/2022\/wp-content\/uploads\/2022\/04\/jbnee_Percee_nuit_2018-1536x978.jpg 1536w, https:\/\/ddessinparis.com\/2022\/wp-content\/uploads\/2022\/04\/jbnee_Percee_nuit_2018-2048x1304.jpg 2048w, https:\/\/ddessinparis.com\/2022\/wp-content\/uploads\/2022\/04\/jbnee_Percee_nuit_2018-1500x955.jpg 1500w, https:\/\/ddessinparis.com\/2022\/wp-content\/uploads\/2022\/04\/jbnee_Percee_nuit_2018-705x449.jpg 705w\" sizes=\"(max-width: 1030px) 100vw, 1030px\" \/><\/div><\/li><\/ul><div class='avia-slideshow-arrows avia-slideshow-controls' ><a href='#prev' class='prev-slide ' aria-hidden='true' data-av_icon='\ue87c' data-av_iconfont='entypo-fontello'  tabindex='-1'>Pr\u00e9c\u00e9dent<\/a><a href='#next' class='next-slide ' aria-hidden='true' data-av_icon='\ue87d' data-av_iconfont='entypo-fontello'  tabindex='-1'>Suivant<\/a><\/div><div class='avia-slideshow-dots avia-slideshow-controls'><a href='#1' class='goto-slide active' >1<\/a><a href='#2' class='goto-slide ' >2<\/a><\/div><\/div><br \/>\n\n<style type=\"text\/css\" data-created_by=\"avia_inline_auto\" id=\"style-css-av-ploul9-4c32227176234532e73b8854d99699ad\">\n#top .hr.hr-invisible.av-ploul9-4c32227176234532e73b8854d99699ad{\nheight:20px;\n}\n<\/style>\n<div  class='hr av-ploul9-4c32227176234532e73b8854d99699ad hr-invisible  avia-builder-el-8  el_after_av_slideshow  avia-builder-el-last  '><span class='hr-inner '><span class=\"hr-inner-style\"><\/span><\/span><\/div><\/p><\/div><div class='av-flex-placeholder'><\/div>\n<style type=\"text\/css\" data-created_by=\"avia_inline_auto\" id=\"style-css-av-f2evdp-5da290e51a71bd322abdc517dadf0f36\">\n.flex_column.av-f2evdp-5da290e51a71bd322abdc517dadf0f36{\nborder-radius:0px 0px 0px 0px;\n-webkit-border-radius:0px 0px 0px 0px;\n-moz-border-radius:0px 0px 0px 0px;\n}\n<\/style>\n<div class='flex_column av-f2evdp-5da290e51a71bd322abdc517dadf0f36 av_one_half  avia-builder-el-9  el_after_av_one_half  avia-builder-el-last  flex_column_table_cell av-equal-height-column av-align-top av-zero-column-padding '   ><section class=\"av_textblock_section \"  itemscope=\"itemscope\" itemtype=\"https:\/\/schema.org\/CreativeWork\" ><div class='avia_textblock  av_inherit_color '  style='color:#ffffff; '  itemprop=\"text\" ><div class=\"page\" title=\"Page 2\">\n<div class=\"section\">\n<div class=\"layoutArea\">\n<div class=\"column\">\n<p style=\"text-align: justify;\"><span style=\"font-family: 'Helvetica Neue';\">\u00abAu premier regard, ses \u0153uvres transportent le spectateur dans les hauteurs des montagnes et des valle\u0301es. Pourtant, tre\u0300s vite, Jean-Baptiste Ne\u0301e pre\u0301cise qu\u2019il ne \u201ccherche pas a\u0300 [le] bercer dans une randonne\u0301e visuelle, mais a\u0300 trouver une sensation inte\u0301rieure e\u0301prouve\u0301e au contact du paysage, et a\u0300 la faire partager \u201d. De jour ou de nuit, dans le Vercors, en Suisse, en Chine ou au Japon, il observe et relate les modifications des nuages, le passage de la lumie\u0300re, ou subit de rigoureuses intempe\u0301ries qui activent sa gestualite\u0301. Ses couleurs s\u2019e\u0301tirent dans des gris bleute\u0301s, teinte\u0301s de vert, de pourpre ou allant jusqu\u2019aux noirs, et accueillent les traces de la pluie ou de la neige qui s\u2019abat. Les grands formats sur papier ou les toiles sur cha\u0302ssis se succe\u0300dent, travaille\u0301s a\u0300 la manie\u0300re d\u2019un rituel ou d\u2019une performance. Parfois, une brume camoufle une montagne pre\u0301alablement esquisse\u0301e, qu\u2019il reconstitue par le souvenir de son e\u0301motion. \u201cLa perception n\u2019est jamais uniquement de l\u2019ordre du visuel \u201d, insiste-t-il. Bien entendu, sa de\u0301marche e\u0301voque l\u2019histoire du paysage et il peut citer J.M. William Turner, Paul Ce\u0301zanne ou le Land Art, mais se passionne bien davantage pour la philosophie ou l\u2019usage des mots. Jean-Baptiste Ne\u0301e parle de phe\u0301nome\u0301nologie \u2013 \u201cJe peins devant ce que je vois\u201d \u2013 et s\u2019interroge sur les lois du cosmos et les conditionnements sociaux, dans la ligne\u0301e de Spinoza. <\/span><\/p>\n<p style=\"text-align: justify;\"><span style=\"font-family: 'Helvetica Neue';\">Il revendique une position d\u2019humilite\u0301 face a\u0300 la nature, invoquant le mot latin humilitas, de\u0301rive\u0301 de \u201chumus\u201d, qui signifie la terre, et rappelle son admiration pour la pense\u0301e taoi\u0308ste. Ne\u0301anmoins, il est un autre e\u0301le\u0301ment qui lui permet d\u2019e\u0301prouver l\u2019origine du monde, sans jamais le repre\u0301senter : le re\u0300gne animal, qu\u2019il ne se lasse pas d\u2019observer&#8230; quand il de\u0301tourne le regard des cimes. \u00bb <\/span><\/p>\n<p>Marie Maertens \u00ab L\u2019origine du monde de Jean\u2010Baptiste Ne\u0301e \u00bb magazine <em>Connaissance des Arts, <\/em>mai 2021<\/p>\n<\/div>\n<\/div>\n<\/div>\n<\/div>\n<\/div><\/section><\/div><\/div><!--close column table wrapper. Autoclose: 1 --><\/div><\/div><\/div><!-- close content main div --><\/div><\/div><div id='after_section_2'  class='main_color av_default_container_wrap container_wrap sidebar_right'  ><div class='container av-section-cont-open' ><div class='template-page content  av-content-small alpha units'><div class='post-entry post-entry-type-page post-entry-5725'><div class='entry-content-wrapper clearfix'><\/p>\n","protected":false},"excerpt":{"rendered":"","protected":false},"author":1,"featured_media":0,"parent":0,"menu_order":0,"comment_status":"closed","ping_status":"closed","template":"","meta":[],"_links":{"self":[{"href":"https:\/\/ddessinparis.com\/2022\/wp-json\/wp\/v2\/pages\/5725"}],"collection":[{"href":"https:\/\/ddessinparis.com\/2022\/wp-json\/wp\/v2\/pages"}],"about":[{"href":"https:\/\/ddessinparis.com\/2022\/wp-json\/wp\/v2\/types\/page"}],"author":[{"embeddable":true,"href":"https:\/\/ddessinparis.com\/2022\/wp-json\/wp\/v2\/users\/1"}],"replies":[{"embeddable":true,"href":"https:\/\/ddessinparis.com\/2022\/wp-json\/wp\/v2\/comments?post=5725"}],"version-history":[{"count":80,"href":"https:\/\/ddessinparis.com\/2022\/wp-json\/wp\/v2\/pages\/5725\/revisions"}],"predecessor-version":[{"id":7566,"href":"https:\/\/ddessinparis.com\/2022\/wp-json\/wp\/v2\/pages\/5725\/revisions\/7566"}],"wp:attachment":[{"href":"https:\/\/ddessinparis.com\/2022\/wp-json\/wp\/v2\/media?parent=5725"}],"curies":[{"name":"wp","href":"https:\/\/api.w.org\/{rel}","templated":true}]}}