{"id":6403,"date":"2020-01-11T15:15:16","date_gmt":"2020-01-11T15:15:16","guid":{"rendered":"http:\/\/ddessinparis.fr\/2020\/?page_id=6403"},"modified":"2022-05-05T13:31:17","modified_gmt":"2022-05-05T13:31:17","slug":"partenaires-2022","status":"publish","type":"page","link":"https:\/\/ddessinparis.com\/2022\/partenaires-2022\/","title":{"rendered":"PARTENAIRES 2022"},"content":{"rendered":"\n<style type=\"text\/css\" data-created_by=\"avia_inline_auto\" id=\"style-css-av-1q4zh0z-76eadeb028370e22fc9c50965186dff4\">\n.avia-section.av-1q4zh0z-76eadeb028370e22fc9c50965186dff4{\nbackground-repeat:repeat-x;\nbackground-image:url(https:\/\/ddessinparis.com\/2022\/wp-content\/uploads\/2021\/04\/MOLIERE-25-1500x430.jpg);\nbackground-position:50% 0%;\nbackground-attachment:fixed;\n}\n<\/style>\n<div id='av_section_1'  class='avia-section av-1q4zh0z-76eadeb028370e22fc9c50965186dff4 main_color avia-section-default avia-no-shadow  avia-builder-el-0  el_before_av_section  avia-builder-el-first  avia-bg-style-fixed  container_wrap sidebar_right'  data-section-bg-repeat='repeat-x'><div class='container av-section-cont-open' ><main  role=\"main\" itemprop=\"mainContentOfPage\"  class='template-page content  av-content-small alpha units'><div class='post-entry post-entry-type-page post-entry-6403'><div class='entry-content-wrapper clearfix'>\n<\/div><\/div><\/main><!-- close content main element --><\/div><\/div>\n<style type=\"text\/css\" data-created_by=\"avia_inline_auto\" id=\"style-css-av-1o8x75f-53c0e8f2c31ecc61372d7bd3ca68ccfa\">\n.avia-section.av-1o8x75f-53c0e8f2c31ecc61372d7bd3ca68ccfa{\nbackground-color:#ffffff;\n}\n<\/style>\n<div id='av_section_2'  class='avia-section av-1o8x75f-53c0e8f2c31ecc61372d7bd3ca68ccfa header_color avia-section-default avia-no-shadow  avia-builder-el-1  el_after_av_section  el_before_av_one_third  avia-bg-style-scroll  container_wrap sidebar_right'  ><div class='container av-section-cont-open' ><div class='template-page content  av-content-small alpha units'><div class='post-entry post-entry-type-page post-entry-6403'><div class='entry-content-wrapper clearfix'>\n<section class=\"av_textblock_section \"  itemscope=\"itemscope\" itemtype=\"https:\/\/schema.org\/CreativeWork\" ><div class='avia_textblock  '   itemprop=\"text\" ><h1><span style=\"color: #000000;\">PARTENAIRES 2022<\/span><\/h1>\n<\/div><\/section>\n<div  class='hr av-1kp2czn-a0519e2f1239d45af29eb52c976da9ae hr-default  avia-builder-el-3  el_after_av_textblock  el_before_av_textblock  '><span class='hr-inner '><span class=\"hr-inner-style\"><\/span><\/span><\/div>\n<section class=\"av_textblock_section \"  itemscope=\"itemscope\" itemtype=\"https:\/\/schema.org\/CreativeWork\" ><div class='avia_textblock  '   itemprop=\"text\" ><h3><span style=\"color: #000000;\">PARTENAIRES INSTITUTIONNELS<br \/>\n<\/span><\/h3>\n<\/div><\/section>\n<div   data-autoplay='false'  data-interval='5'  data-animation='slide'  class='avia-logo-element-container av-border-deactivate avia-logo-grid avia-content-slider avia-smallarrow-slider avia-content-grid-active noHover avia-content-slider1 avia-content-slider-even  avia-builder-el-5  el_after_av_textblock  el_before_av_hr  '><div class='avia-smallarrow-slider-heading  no-logo-slider-heading '><div class='new-special-heading'>&nbsp;<\/div><\/div><div class='avia-content-slider-inner'><div class='slide-entry-wrap' ><div  class='slide-entry flex_column no_margin post-entry slide-entry-overview slide-loop-1 slide-parity-odd  av_one_sixth first real-thumbnail'><a href=\"https:\/\/www.culture.gouv.fr\/\" data-rel='slide-1' class='slide-image' title='' target=\"_blank\" rel=\"noopener noreferrer\"><span class='av-partner-fake-img' style='padding-bottom:100%; background-image:url(https:\/\/ddessinparis.com\/2022\/wp-content\/uploads\/2020\/03\/Bloc-marque_culture_couleur-180x180.jpg);'><\/span><\/a><\/div><div  class='slide-entry flex_column no_margin post-entry slide-entry-overview slide-loop-2 slide-parity-even  av_one_sixth  real-thumbnail'><a href=\"http:\/\/www.institutfrancais-senegal.com\/\" data-rel='slide-1' class='slide-image' title='' target=\"_blank\" rel=\"noopener noreferrer\"><span class='av-partner-fake-img' style='padding-bottom:100%; background-image:url(https:\/\/ddessinparis.com\/2022\/wp-content\/uploads\/2018\/02\/LOGO_IFS-180x180.png);'><\/span><\/a><\/div><div  class='slide-entry flex_column no_margin post-entry slide-entry-overview slide-loop-3 slide-parity-odd  post-entry-last  av_one_sixth  real-thumbnail'><a href=\"https:\/\/www.villandar.com\/\" data-rel='slide-1' class='slide-image' title='' target=\"_blank\" rel=\"noopener noreferrer\"><span class='av-partner-fake-img' style='padding-bottom:100%; background-image:url(https:\/\/ddessinparis.com\/2022\/wp-content\/uploads\/2020\/01\/LOGO_Villa_STLOUIS-180x180.png);'><\/span><\/a><\/div><\/div><\/div><\/div>\n\n<style type=\"text\/css\" data-created_by=\"avia_inline_auto\" id=\"style-css-av-1be7qxv-fa2f51bc3d3ea0ad759c26a681861ed8\">\n#top .hr.hr-invisible.av-1be7qxv-fa2f51bc3d3ea0ad759c26a681861ed8{\nheight:40px;\n}\n<\/style>\n<div  class='hr av-1be7qxv-fa2f51bc3d3ea0ad759c26a681861ed8 hr-invisible  avia-builder-el-6  el_after_av_partner  el_before_av_textblock  '><span class='hr-inner '><span class=\"hr-inner-style\"><\/span><\/span><\/div>\n<section class=\"av_textblock_section \"  itemscope=\"itemscope\" itemtype=\"https:\/\/schema.org\/CreativeWork\" ><div class='avia_textblock  '   itemprop=\"text\" ><h3><span style=\"color: #000000;\">PARTENAIRES<br \/>\n<\/span><\/h3>\n<\/div><\/section>\n<div   data-autoplay='false'  data-interval='5'  data-animation='slide'  class='avia-logo-element-container av-border-deactivate avia-logo-grid avia-content-slider avia-smallarrow-slider avia-content-grid-active noHover avia-content-slider2 avia-content-slider-even  avia-builder-el-8  el_after_av_textblock  el_before_av_textblock  '><div class='avia-smallarrow-slider-heading  no-logo-slider-heading '><div class='new-special-heading'>&nbsp;<\/div><\/div><div class='avia-content-slider-inner'><div class='slide-entry-wrap' ><div  class='slide-entry flex_column no_margin post-entry slide-entry-overview slide-loop-1 slide-parity-odd  av_one_sixth first real-thumbnail'><a href=\"https:\/\/legrenierasel-avignon.fr\/\" data-rel='slide-2' class='slide-image' title='' target=\"_blank\" rel=\"noopener noreferrer\"><img width=\"180\" height=\"180\" src=\"https:\/\/ddessinparis.com\/2022\/wp-content\/uploads\/2021\/05\/LOGO_Grenier_a_sel_web-180x180.jpg\" class=\"wp-image-7158 avia-img-lazy-loading-7158 attachment-square size-square\" alt=\"\" loading=\"lazy\" srcset=\"https:\/\/ddessinparis.com\/2022\/wp-content\/uploads\/2021\/05\/LOGO_Grenier_a_sel_web-180x180.jpg 180w, https:\/\/ddessinparis.com\/2022\/wp-content\/uploads\/2021\/05\/LOGO_Grenier_a_sel_web-300x300.jpg 300w, https:\/\/ddessinparis.com\/2022\/wp-content\/uploads\/2021\/05\/LOGO_Grenier_a_sel_web-80x80.jpg 80w, https:\/\/ddessinparis.com\/2022\/wp-content\/uploads\/2021\/05\/LOGO_Grenier_a_sel_web-36x36.jpg 36w, https:\/\/ddessinparis.com\/2022\/wp-content\/uploads\/2021\/05\/LOGO_Grenier_a_sel_web.jpg 526w\" sizes=\"(max-width: 180px) 100vw, 180px\" \/><\/a><\/div><div  class='slide-entry flex_column no_margin post-entry slide-entry-overview slide-loop-2 slide-parity-even  av_one_sixth  real-thumbnail'><a href=\"https:\/\/www.artprice.com\/\" data-rel='slide-2' class='slide-image' title='' target=\"_blank\" rel=\"noopener noreferrer\"><img width=\"180\" height=\"180\" src=\"https:\/\/ddessinparis.com\/2022\/wp-content\/uploads\/2019\/01\/LOGO_artprice-180x180.png\" class=\"wp-image-6064 avia-img-lazy-loading-6064 attachment-square size-square\" alt=\"\" loading=\"lazy\" srcset=\"https:\/\/ddessinparis.com\/2022\/wp-content\/uploads\/2019\/01\/LOGO_artprice-180x180.png 180w, https:\/\/ddessinparis.com\/2022\/wp-content\/uploads\/2019\/01\/LOGO_artprice-80x80.png 80w, https:\/\/ddessinparis.com\/2022\/wp-content\/uploads\/2019\/01\/LOGO_artprice-300x300.png 300w, https:\/\/ddessinparis.com\/2022\/wp-content\/uploads\/2019\/01\/LOGO_artprice-36x36.png 36w, https:\/\/ddessinparis.com\/2022\/wp-content\/uploads\/2019\/01\/LOGO_artprice-120x120.png 120w, https:\/\/ddessinparis.com\/2022\/wp-content\/uploads\/2019\/01\/LOGO_artprice-450x450.png 450w, https:\/\/ddessinparis.com\/2022\/wp-content\/uploads\/2019\/01\/LOGO_artprice.png 526w\" sizes=\"(max-width: 180px) 100vw, 180px\" \/><\/a><\/div><div  class='slide-entry flex_column no_margin post-entry slide-entry-overview slide-loop-3 slide-parity-odd  post-entry-last  av_one_sixth  real-thumbnail'><a href=\"https:\/\/africanartbookfair.com\/\" data-rel='slide-2' class='slide-image' title='' target=\"_blank\" rel=\"noopener noreferrer\"><img width=\"180\" height=\"180\" src=\"https:\/\/ddessinparis.com\/2022\/wp-content\/uploads\/2022\/04\/AABF2-2-180x180.jpg\" class=\"wp-image-7513 avia-img-lazy-loading-7513 attachment-square size-square\" alt=\"\" loading=\"lazy\" srcset=\"https:\/\/ddessinparis.com\/2022\/wp-content\/uploads\/2022\/04\/AABF2-2-180x180.jpg 180w, https:\/\/ddessinparis.com\/2022\/wp-content\/uploads\/2022\/04\/AABF2-2-300x300.jpg 300w, https:\/\/ddessinparis.com\/2022\/wp-content\/uploads\/2022\/04\/AABF2-2-80x80.jpg 80w, https:\/\/ddessinparis.com\/2022\/wp-content\/uploads\/2022\/04\/AABF2-2-36x36.jpg 36w, https:\/\/ddessinparis.com\/2022\/wp-content\/uploads\/2022\/04\/AABF2-2.jpg 397w\" sizes=\"(max-width: 180px) 100vw, 180px\" \/><\/a><\/div><\/div><\/div><\/div>\n<section class=\"av_textblock_section \"  itemscope=\"itemscope\" itemtype=\"https:\/\/schema.org\/CreativeWork\" ><div class='avia_textblock  '   itemprop=\"text\" ><h3><span style=\"color: #000000;\">PARTENAIRES M\u00c9DIAS<\/span><\/h3>\n<\/div><\/section>\n<div   data-autoplay='false'  data-interval='5'  data-animation='slide'  class='avia-logo-element-container av-border-deactivate avia-logo-grid avia-content-slider avia-smallarrow-slider avia-content-grid-active noHover avia-content-slider3 avia-content-slider-even  avia-builder-el-10  el_after_av_textblock  el_before_av_textblock  '><div class='avia-smallarrow-slider-heading  no-logo-slider-heading '><div class='new-special-heading'>&nbsp;<\/div><\/div><div class='avia-content-slider-inner'><div class='slide-entry-wrap' ><div  class='slide-entry flex_column no_margin post-entry slide-entry-overview slide-loop-1 slide-parity-odd  av_one_sixth first real-thumbnail'><a href=\"http:\/\/artshebdomedias.com\/\" data-rel='slide-3' class='slide-image' title='' target=\"_blank\" rel=\"noopener noreferrer\"><img width=\"180\" height=\"180\" src=\"https:\/\/ddessinparis.com\/2022\/wp-content\/uploads\/2019\/01\/LOGO_AHM-180x180.png\" class=\"wp-image-6060 avia-img-lazy-loading-6060 attachment-square size-square\" alt=\"\" loading=\"lazy\" srcset=\"https:\/\/ddessinparis.com\/2022\/wp-content\/uploads\/2019\/01\/LOGO_AHM-180x180.png 180w, https:\/\/ddessinparis.com\/2022\/wp-content\/uploads\/2019\/01\/LOGO_AHM-80x80.png 80w, https:\/\/ddessinparis.com\/2022\/wp-content\/uploads\/2019\/01\/LOGO_AHM-300x300.png 300w, https:\/\/ddessinparis.com\/2022\/wp-content\/uploads\/2019\/01\/LOGO_AHM-36x36.png 36w, https:\/\/ddessinparis.com\/2022\/wp-content\/uploads\/2019\/01\/LOGO_AHM-120x120.png 120w, https:\/\/ddessinparis.com\/2022\/wp-content\/uploads\/2019\/01\/LOGO_AHM-450x450.png 450w, https:\/\/ddessinparis.com\/2022\/wp-content\/uploads\/2019\/01\/LOGO_AHM.png 526w\" sizes=\"(max-width: 180px) 100vw, 180px\" \/><\/a><\/div><div  class='slide-entry flex_column no_margin post-entry slide-entry-overview slide-loop-2 slide-parity-even  av_one_sixth  real-thumbnail'><a href=\"http:\/\/www.artabsolument.com\/fr\" data-rel='slide-3' class='slide-image' title='' target=\"_blank\" rel=\"noopener noreferrer\"><img width=\"180\" height=\"180\" src=\"https:\/\/ddessinparis.com\/2022\/wp-content\/uploads\/2013\/04\/LOGO_art_absolument-180x180.png\" class=\"wp-image-5076 avia-img-lazy-loading-5076 attachment-square size-square\" alt=\"\" loading=\"lazy\" srcset=\"https:\/\/ddessinparis.com\/2022\/wp-content\/uploads\/2013\/04\/LOGO_art_absolument-180x180.png 180w, https:\/\/ddessinparis.com\/2022\/wp-content\/uploads\/2013\/04\/LOGO_art_absolument-80x80.png 80w, https:\/\/ddessinparis.com\/2022\/wp-content\/uploads\/2013\/04\/LOGO_art_absolument-300x300.png 300w, https:\/\/ddessinparis.com\/2022\/wp-content\/uploads\/2013\/04\/LOGO_art_absolument-36x36.png 36w, https:\/\/ddessinparis.com\/2022\/wp-content\/uploads\/2013\/04\/LOGO_art_absolument-120x120.png 120w, https:\/\/ddessinparis.com\/2022\/wp-content\/uploads\/2013\/04\/LOGO_art_absolument-450x450.png 450w, https:\/\/ddessinparis.com\/2022\/wp-content\/uploads\/2013\/04\/LOGO_art_absolument.png 526w\" sizes=\"(max-width: 180px) 100vw, 180px\" \/><\/a><\/div><div  class='slide-entry flex_column no_margin post-entry slide-entry-overview slide-loop-3 slide-parity-odd  av_one_sixth  real-thumbnail'><a href=\"https:\/\/www.liberation.fr\/\" data-rel='slide-3' class='slide-image' title='' target=\"_blank\" rel=\"noopener noreferrer\"><img width=\"180\" height=\"180\" src=\"https:\/\/ddessinparis.com\/2022\/wp-content\/uploads\/2020\/02\/Logo-libe-180x180.jpg\" class=\"wp-image-6703 avia-img-lazy-loading-6703 attachment-square size-square\" alt=\"\" loading=\"lazy\" srcset=\"https:\/\/ddessinparis.com\/2022\/wp-content\/uploads\/2020\/02\/Logo-libe-180x180.jpg 180w, https:\/\/ddessinparis.com\/2022\/wp-content\/uploads\/2020\/02\/Logo-libe-80x80.jpg 80w, https:\/\/ddessinparis.com\/2022\/wp-content\/uploads\/2020\/02\/Logo-libe-300x300.jpg 300w, https:\/\/ddessinparis.com\/2022\/wp-content\/uploads\/2020\/02\/Logo-libe-36x36.jpg 36w, https:\/\/ddessinparis.com\/2022\/wp-content\/uploads\/2020\/02\/Logo-libe.jpg 400w, https:\/\/ddessinparis.com\/2022\/wp-content\/uploads\/2020\/02\/Logo-libe-120x120.jpg 120w\" sizes=\"(max-width: 180px) 100vw, 180px\" \/><\/a><\/div><div  class='slide-entry flex_column no_margin post-entry slide-entry-overview slide-loop-4 slide-parity-even  av_one_sixth  real-thumbnail'><a href=\"https:\/\/theartmomentum.com\/\" data-rel='slide-3' class='slide-image' title='' target=\"_blank\" rel=\"noopener noreferrer\"><img width=\"180\" height=\"180\" src=\"https:\/\/ddessinparis.com\/2022\/wp-content\/uploads\/2020\/01\/logo_art-momentum-180x180.jpg\" class=\"wp-image-6416 avia-img-lazy-loading-6416 attachment-square size-square\" alt=\"\" loading=\"lazy\" srcset=\"https:\/\/ddessinparis.com\/2022\/wp-content\/uploads\/2020\/01\/logo_art-momentum-180x180.jpg 180w, https:\/\/ddessinparis.com\/2022\/wp-content\/uploads\/2020\/01\/logo_art-momentum-80x80.jpg 80w, https:\/\/ddessinparis.com\/2022\/wp-content\/uploads\/2020\/01\/logo_art-momentum-300x300.jpg 300w, https:\/\/ddessinparis.com\/2022\/wp-content\/uploads\/2020\/01\/logo_art-momentum-768x768.jpg 768w, https:\/\/ddessinparis.com\/2022\/wp-content\/uploads\/2020\/01\/logo_art-momentum-36x36.jpg 36w, https:\/\/ddessinparis.com\/2022\/wp-content\/uploads\/2020\/01\/logo_art-momentum-705x705.jpg 705w, https:\/\/ddessinparis.com\/2022\/wp-content\/uploads\/2020\/01\/logo_art-momentum-120x120.jpg 120w, https:\/\/ddessinparis.com\/2022\/wp-content\/uploads\/2020\/01\/logo_art-momentum-450x450.jpg 450w, https:\/\/ddessinparis.com\/2022\/wp-content\/uploads\/2020\/01\/logo_art-momentum.jpg 821w\" sizes=\"(max-width: 180px) 100vw, 180px\" \/><\/a><\/div><div  class='slide-entry flex_column no_margin post-entry slide-entry-overview slide-loop-5 slide-parity-odd  av_one_sixth  real-thumbnail'><a href=\"https:\/\/www.artistikrezo.com\/\" data-rel='slide-3' class='slide-image' title='' target=\"_blank\" rel=\"noopener noreferrer\"><img width=\"180\" height=\"180\" src=\"https:\/\/ddessinparis.com\/2022\/wp-content\/uploads\/2020\/01\/LOGO_Artistik_Rezo-180x180.png\" class=\"wp-image-6409 avia-img-lazy-loading-6409 attachment-square size-square\" alt=\"\" loading=\"lazy\" srcset=\"https:\/\/ddessinparis.com\/2022\/wp-content\/uploads\/2020\/01\/LOGO_Artistik_Rezo-180x180.png 180w, https:\/\/ddessinparis.com\/2022\/wp-content\/uploads\/2020\/01\/LOGO_Artistik_Rezo-80x80.png 80w, https:\/\/ddessinparis.com\/2022\/wp-content\/uploads\/2020\/01\/LOGO_Artistik_Rezo-300x300.png 300w, https:\/\/ddessinparis.com\/2022\/wp-content\/uploads\/2020\/01\/LOGO_Artistik_Rezo-36x36.png 36w, https:\/\/ddessinparis.com\/2022\/wp-content\/uploads\/2020\/01\/LOGO_Artistik_Rezo-120x120.png 120w, https:\/\/ddessinparis.com\/2022\/wp-content\/uploads\/2020\/01\/LOGO_Artistik_Rezo-450x450.png 450w, https:\/\/ddessinparis.com\/2022\/wp-content\/uploads\/2020\/01\/LOGO_Artistik_Rezo.png 526w\" sizes=\"(max-width: 180px) 100vw, 180px\" \/><\/a><\/div><div  class='slide-entry flex_column no_margin post-entry slide-entry-overview slide-loop-6 slide-parity-even  av_one_sixth  real-thumbnail'><a href=\"https:\/\/cutt.ly\/abonnementlejournaldesartsfr_offres_ddessin\" data-rel='slide-3' class='slide-image' title='' target=\"_blank\" rel=\"noopener noreferrer\"><img width=\"180\" height=\"180\" src=\"https:\/\/ddessinparis.com\/2022\/wp-content\/uploads\/2013\/04\/LOGO_loeil-180x180.jpg\" class=\"wp-image-5077 avia-img-lazy-loading-5077 attachment-square size-square\" alt=\"\" loading=\"lazy\" srcset=\"https:\/\/ddessinparis.com\/2022\/wp-content\/uploads\/2013\/04\/LOGO_loeil-180x180.jpg 180w, https:\/\/ddessinparis.com\/2022\/wp-content\/uploads\/2013\/04\/LOGO_loeil-80x80.jpg 80w, https:\/\/ddessinparis.com\/2022\/wp-content\/uploads\/2013\/04\/LOGO_loeil-300x300.jpg 300w, https:\/\/ddessinparis.com\/2022\/wp-content\/uploads\/2013\/04\/LOGO_loeil-36x36.jpg 36w, https:\/\/ddessinparis.com\/2022\/wp-content\/uploads\/2013\/04\/LOGO_loeil-120x120.jpg 120w, https:\/\/ddessinparis.com\/2022\/wp-content\/uploads\/2013\/04\/LOGO_loeil-450x450.jpg 450w, https:\/\/ddessinparis.com\/2022\/wp-content\/uploads\/2013\/04\/LOGO_loeil.jpg 526w\" sizes=\"(max-width: 180px) 100vw, 180px\" \/><\/a><\/div><\/div><div class='slide-entry-wrap' ><div  class='slide-entry flex_column no_margin post-entry slide-entry-overview slide-loop-7 slide-parity-odd  av_one_sixth first real-thumbnail'><a href=\"https:\/\/www.arts-in-the-city.com\/\" data-rel='slide-3' class='slide-image' title='' target=\"_blank\" rel=\"noopener noreferrer\"><img width=\"180\" height=\"180\" src=\"https:\/\/ddessinparis.com\/2022\/wp-content\/uploads\/2022\/04\/LOGO_AITC_web-180x180.jpg\" class=\"wp-image-7521 avia-img-lazy-loading-7521 attachment-square size-square\" alt=\"\" loading=\"lazy\" srcset=\"https:\/\/ddessinparis.com\/2022\/wp-content\/uploads\/2022\/04\/LOGO_AITC_web-180x180.jpg 180w, https:\/\/ddessinparis.com\/2022\/wp-content\/uploads\/2022\/04\/LOGO_AITC_web-300x300.jpg 300w, https:\/\/ddessinparis.com\/2022\/wp-content\/uploads\/2022\/04\/LOGO_AITC_web-80x80.jpg 80w, https:\/\/ddessinparis.com\/2022\/wp-content\/uploads\/2022\/04\/LOGO_AITC_web-36x36.jpg 36w, https:\/\/ddessinparis.com\/2022\/wp-content\/uploads\/2022\/04\/LOGO_AITC_web.jpg 397w\" sizes=\"(max-width: 180px) 100vw, 180px\" \/><\/a><\/div><div  class='slide-entry flex_column no_margin post-entry slide-entry-overview slide-loop-8 slide-parity-even  post-entry-last  av_one_sixth  real-thumbnail'><a href=\"http:\/\/www.afrikadaa.com\/\" data-rel='slide-3' class='slide-image' title='' target=\"_blank\" rel=\"noopener noreferrer\"><img width=\"180\" height=\"180\" src=\"https:\/\/ddessinparis.com\/2022\/wp-content\/uploads\/2022\/04\/LOGO_Afrikadaa_web-180x180.jpg\" class=\"wp-image-7522 avia-img-lazy-loading-7522 attachment-square size-square\" alt=\"\" loading=\"lazy\" srcset=\"https:\/\/ddessinparis.com\/2022\/wp-content\/uploads\/2022\/04\/LOGO_Afrikadaa_web-180x180.jpg 180w, https:\/\/ddessinparis.com\/2022\/wp-content\/uploads\/2022\/04\/LOGO_Afrikadaa_web-300x300.jpg 300w, https:\/\/ddessinparis.com\/2022\/wp-content\/uploads\/2022\/04\/LOGO_Afrikadaa_web-80x80.jpg 80w, https:\/\/ddessinparis.com\/2022\/wp-content\/uploads\/2022\/04\/LOGO_Afrikadaa_web-36x36.jpg 36w, https:\/\/ddessinparis.com\/2022\/wp-content\/uploads\/2022\/04\/LOGO_Afrikadaa_web.jpg 397w\" sizes=\"(max-width: 180px) 100vw, 180px\" \/><\/a><\/div><\/div><\/div><\/div>\n<section class=\"av_textblock_section \"  itemscope=\"itemscope\" itemtype=\"https:\/\/schema.org\/CreativeWork\" ><div class='avia_textblock  '   itemprop=\"text\" ><h3><span style=\"color: #000000;\">PARTENAIRES COMMUNICATION<br \/>\n<\/span><\/h3>\n<\/div><\/section>\n<div   data-autoplay='false'  data-interval='5'  data-animation='slide'  class='avia-logo-element-container av-border-deactivate avia-logo-grid avia-content-slider avia-smallarrow-slider avia-content-grid-active noHover avia-content-slider4 avia-content-slider-even  avia-builder-el-12  el_after_av_textblock  avia-builder-el-last  '><div class='avia-smallarrow-slider-heading  no-logo-slider-heading '><div class='new-special-heading'>&nbsp;<\/div><\/div><div class='avia-content-slider-inner'><div class='slide-entry-wrap' ><div  class='slide-entry flex_column no_margin post-entry slide-entry-overview slide-loop-1 slide-parity-odd  post-entry-last  av_one_sixth first real-thumbnail'><a href=\"http:\/\/www.studio-batignolles.com\/studio-batignolles\/\" data-rel='slide-4' class='slide-image' title='' target=\"_blank\" rel=\"noopener noreferrer\"><img width=\"180\" height=\"180\" src=\"https:\/\/ddessinparis.com\/2022\/wp-content\/uploads\/2015\/01\/LOGO_SB1-180x180.jpg\" class=\"wp-image-3922 avia-img-lazy-loading-3922 attachment-square size-square\" alt=\"\" loading=\"lazy\" srcset=\"https:\/\/ddessinparis.com\/2022\/wp-content\/uploads\/2015\/01\/LOGO_SB1-180x180.jpg 180w, https:\/\/ddessinparis.com\/2022\/wp-content\/uploads\/2015\/01\/LOGO_SB1-80x80.jpg 80w, https:\/\/ddessinparis.com\/2022\/wp-content\/uploads\/2015\/01\/LOGO_SB1-300x300.jpg 300w, https:\/\/ddessinparis.com\/2022\/wp-content\/uploads\/2015\/01\/LOGO_SB1-36x36.jpg 36w, https:\/\/ddessinparis.com\/2022\/wp-content\/uploads\/2015\/01\/LOGO_SB1-120x120.jpg 120w, https:\/\/ddessinparis.com\/2022\/wp-content\/uploads\/2015\/01\/LOGO_SB1-450x450.jpg 450w, https:\/\/ddessinparis.com\/2022\/wp-content\/uploads\/2015\/01\/LOGO_SB1.jpg 526w\" sizes=\"(max-width: 180px) 100vw, 180px\" \/><\/a><\/div><\/div><\/div><\/div>\n<\/div><\/div><\/div><!-- close content main div --><\/div><\/div><div id='after_section_2'  class='main_color av_default_container_wrap container_wrap sidebar_right'  ><div class='container av-section-cont-open' ><div class='template-page content  av-content-small alpha units'><div class='post-entry post-entry-type-page post-entry-6403'><div class='entry-content-wrapper clearfix'><div class='flex_column av-6zix5v-95c874fdf3954e239092f7fbc73af498 av_one_third  avia-builder-el-13  el_after_av_section  el_before_av_two_third  avia-builder-el-first  first flex_column_div '   ><div  class='avia-button-wrap avia-button-center  avia-builder-el-14  avia-builder-el-no-sibling ' >\n<style type=\"text\/css\" data-created_by=\"avia_inline_auto\" id=\"style-css-av-5hyzar-bfeb511714dc712f5dac5a61b0a835cc\">\n#top #wrap_all .avia-button.av-5hyzar-bfeb511714dc712f5dac5a61b0a835cc{\nbackground-color:#49bdfa;\nborder-color:#49bdfa;\ncolor:#ffffff;\ntransition:all 0.4s ease-in-out;\n-webkit-transition:all 0.4s ease-in-out;\n-moz-transition:all 0.4s ease-in-out;\n-ms-transition:all 0.4s ease-in-out;\n-o-transition:all 0.4s ease-in-out;\n}\n<\/style>\n<a href='https:\/\/ddessinparis.com\/2022\/contacts-2\/'  class='avia-button av-5hyzar-bfeb511714dc712f5dac5a61b0a835cc avia-icon_select-yes-left-icon avia-size-large avia-position-center '  target=\"_blank\"  rel=\"noopener noreferrer\"><span class='avia_button_icon avia_button_icon_left' aria-hidden='true' data-av_icon='\ue805' data-av_iconfont='entypo-fontello'><\/span><span class='avia_iconbox_title' >DEVENIR PARTENAIRE<\/span><\/a><\/div><\/div><\/p>\n\n<style type=\"text\/css\" data-created_by=\"avia_inline_auto\" id=\"style-css-av-3oeaqb-d6719dd040d87d576a461219cab27e87\">\n.flex_column.av-3oeaqb-d6719dd040d87d576a461219cab27e87{\nborder-radius:0px 0px 0px 0px;\n-webkit-border-radius:0px 0px 0px 0px;\n-moz-border-radius:0px 0px 0px 0px;\n}\n<\/style>\n<div class='flex_column av-3oeaqb-d6719dd040d87d576a461219cab27e87 av_two_third  avia-builder-el-15  el_after_av_one_third  avia-builder-el-last  flex_column_div av-zero-column-padding '   ><section class=\"av_textblock_section \"  itemscope=\"itemscope\" itemtype=\"https:\/\/schema.org\/CreativeWork\" ><div class='avia_textblock  '   itemprop=\"text\" ><p>\u2022 L&#8217;\u00e9dition 2021 de DDESSIN a accueilli plus de 5000 personnes venues du monde de l\u2019Art, de la culture et de la cr\u00e9ation contemporaine.<\/p>\n<p>\u2022 Le salon DDESSIN repr\u00e9sente pour les partenaires une\u00a0opportunit\u00e9 unique de visibilit\u00e9 et de rencontres avec les\u00a0diff\u00e9rents acteurs de l\u2019\u00e9v\u00e9nement, tous issus d\u2019un\u00a0environnement de curieux et d\u2019initi\u00e9s sensibles \u00e0 la r\u00e9alit\u00e9\u00a0du dessin et de sa repr\u00e9sentation contemporaine,\u00a0collectionneurs, professionnels du march\u00e9, amateurs d\u2019art,\u00a0journalistes ou encore visiteurs attir\u00e9s par ce m\u00e9dium en\u00a0plein essor.<\/p>\n<\/div><\/section><\/div>\n","protected":false},"excerpt":{"rendered":"","protected":false},"author":1,"featured_media":0,"parent":0,"menu_order":0,"comment_status":"closed","ping_status":"closed","template":"","meta":[],"_links":{"self":[{"href":"https:\/\/ddessinparis.com\/2022\/wp-json\/wp\/v2\/pages\/6403"}],"collection":[{"href":"https:\/\/ddessinparis.com\/2022\/wp-json\/wp\/v2\/pages"}],"about":[{"href":"https:\/\/ddessinparis.com\/2022\/wp-json\/wp\/v2\/types\/page"}],"author":[{"embeddable":true,"href":"https:\/\/ddessinparis.com\/2022\/wp-json\/wp\/v2\/users\/1"}],"replies":[{"embeddable":true,"href":"https:\/\/ddessinparis.com\/2022\/wp-json\/wp\/v2\/comments?post=6403"}],"version-history":[{"count":36,"href":"https:\/\/ddessinparis.com\/2022\/wp-json\/wp\/v2\/pages\/6403\/revisions"}],"predecessor-version":[{"id":7557,"href":"https:\/\/ddessinparis.com\/2022\/wp-json\/wp\/v2\/pages\/6403\/revisions\/7557"}],"wp:attachment":[{"href":"https:\/\/ddessinparis.com\/2022\/wp-json\/wp\/v2\/media?parent=6403"}],"curies":[{"name":"wp","href":"https:\/\/api.w.org\/{rel}","templated":true}]}}