{"id":7048,"date":"2021-04-28T14:35:23","date_gmt":"2021-04-28T14:35:23","guid":{"rendered":"https:\/\/ddessinparis.com\/?page_id=7048"},"modified":"2022-05-04T19:15:53","modified_gmt":"2022-05-04T19:15:53","slug":"galeries-2022","status":"publish","type":"page","link":"https:\/\/ddessinparis.com\/2022\/galeries-2022\/","title":{"rendered":"GALERIES 2022"},"content":{"rendered":"\n<style type=\"text\/css\" data-created_by=\"avia_inline_auto\" id=\"style-css-av-6bxpw8-ace3ef1bb3cd5cf3de49188bd99eb251\">\n.avia-section.av-6bxpw8-ace3ef1bb3cd5cf3de49188bd99eb251{\nbackground-color:#ffffff;\n}\n<\/style>\n<div id='av_section_1'  class='avia-section av-6bxpw8-ace3ef1bb3cd5cf3de49188bd99eb251 header_color avia-section-default avia-no-shadow  avia-builder-el-0  avia-builder-el-no-sibling  avia-bg-style-scroll  container_wrap sidebar_right'  ><div class='container av-section-cont-open' ><main  role=\"main\" itemprop=\"mainContentOfPage\"  class='template-page content  av-content-small alpha units'><div class='post-entry post-entry-type-page post-entry-7048'><div class='entry-content-wrapper clearfix'>\n<section class=\"av_textblock_section \"  itemscope=\"itemscope\" itemtype=\"https:\/\/schema.org\/CreativeWork\" ><div class='avia_textblock  '   itemprop=\"text\" ><h1 style=\"text-align: center;\"><span style=\"color: #00ccff;\">EXPOSANTS 2022<\/span><\/h1>\n<h3 style=\"text-align: center;\">LISTE DES GALERIES<\/h3>\n<p style=\"text-align: center;\"><a href=\"https:\/\/www.artabsolument.com\/\">\u2022 Art Absolument (Paris)<\/a><\/p>\n<p style=\"text-align: center;\"><a href=\"http:\/\/www.ateliervisavis.com\" target=\"_blank\" rel=\"noopener\">\u2022 Atelier Vis \u00e0 Vis (Marseille)<\/a><\/p>\n<p style=\"text-align: center;\"><a href=\"https:\/\/www.dupre-et-dupre.com\" target=\"_blank\" rel=\"noopener\">\u2022 Dupr\u00e9 &amp; Dupr\u00e9 Gallery (Paris &#8211; B\u00e9ziers)<\/a><\/p>\n<p style=\"text-align: center;\"><a href=\"http:\/\/www.h-gallery.fr\" target=\"_blank\" rel=\"noopener\">\u2022 H Gallery (Paris)<\/a><\/p>\n<p style=\"text-align: center;\"><a href=\"https:\/\/galeriececiledufay.fr\/\">\u2022 Galerie C\u00e9cile Dufay<\/a><\/p>\n<p style=\"text-align: center;\"><a href=\"http:\/\/www.galerielj.com\" target=\"_blank\" rel=\"noopener\">\u2022 Galerie LJ (Paris)<\/a><\/p>\n<p style=\"text-align: center;\"><a href=\"https:\/\/www.galeriemariskahammoudi.com\/\" target=\"_blank\" rel=\"noopener\">\u2022 Galerie Mariska Hammoudi (Paris)<\/a><\/p>\n<p style=\"text-align: center;\"><a href=\"https:\/\/galeriewaltman.com\/\" target=\"_blank\" rel=\"noopener\">\u2022 Galerie Olivier Waltman (Paris &#8211; Miami)<\/a><\/p>\n<p style=\"text-align: center;\"><a href=\"https:\/\/www.postflamandartspace.com\/\" target=\"_blank\" rel=\"noopener\">\u2022 Post Flamand Art Space (Dalian &#8211; Chine)<\/a><\/p>\n<p style=\"text-align: center;\"><a href=\"https:\/\/galerierobetdantec.com\/\" target=\"_blank\" rel=\"noopener\">\u2022 Galerie Robet Dantec (Belfort)<\/a><\/p>\n<h3 style=\"text-align: center;\"><\/h3>\n<h3 style=\"text-align: center;\"><\/h3>\n<\/div><\/section>\n<\/div><\/div><\/main><!-- close content main element --><\/div><\/div><div id='after_section_1'  class='main_color av_default_container_wrap container_wrap sidebar_right'  ><div class='container av-section-cont-open' ><div class='template-page content  av-content-small alpha units'><div class='post-entry post-entry-type-page post-entry-7048'><div class='entry-content-wrapper clearfix'>\n","protected":false},"excerpt":{"rendered":"","protected":false},"author":1,"featured_media":0,"parent":0,"menu_order":0,"comment_status":"closed","ping_status":"closed","template":"","meta":[],"_links":{"self":[{"href":"https:\/\/ddessinparis.com\/2022\/wp-json\/wp\/v2\/pages\/7048"}],"collection":[{"href":"https:\/\/ddessinparis.com\/2022\/wp-json\/wp\/v2\/pages"}],"about":[{"href":"https:\/\/ddessinparis.com\/2022\/wp-json\/wp\/v2\/types\/page"}],"author":[{"embeddable":true,"href":"https:\/\/ddessinparis.com\/2022\/wp-json\/wp\/v2\/users\/1"}],"replies":[{"embeddable":true,"href":"https:\/\/ddessinparis.com\/2022\/wp-json\/wp\/v2\/comments?post=7048"}],"version-history":[{"count":14,"href":"https:\/\/ddessinparis.com\/2022\/wp-json\/wp\/v2\/pages\/7048\/revisions"}],"predecessor-version":[{"id":7556,"href":"https:\/\/ddessinparis.com\/2022\/wp-json\/wp\/v2\/pages\/7048\/revisions\/7556"}],"wp:attachment":[{"href":"https:\/\/ddessinparis.com\/2022\/wp-json\/wp\/v2\/media?parent=7048"}],"curies":[{"name":"wp","href":"https:\/\/api.w.org\/{rel}","templated":true}]}}