{"id":7461,"date":"2022-04-22T15:30:31","date_gmt":"2022-04-22T15:30:31","guid":{"rendered":"https:\/\/ddessinparis.com\/?page_id=7461"},"modified":"2022-04-27T10:49:17","modified_gmt":"2022-04-27T10:49:17","slug":"fonds-de-dessin-contemporain-jean-loup-lafont","status":"publish","type":"page","link":"https:\/\/ddessinparis.com\/2022\/fonds-de-dessin-contemporain-jean-loup-lafont\/","title":{"rendered":"Fonds de dessin contemporain Jean-Loup Lafont"},"content":{"rendered":"\n<style type=\"text\/css\" data-created_by=\"avia_inline_auto\" id=\"style-css-av-22juet-b0fce38e45c9f54b2b6490236dcbcf83\">\n.avia-section.av-22juet-b0fce38e45c9f54b2b6490236dcbcf83{\nbackground-color:#000000;\n}\n<\/style>\n<div id='av_section_1'  class='avia-section av-22juet-b0fce38e45c9f54b2b6490236dcbcf83 main_color avia-section-default avia-no-border-styling  avia-builder-el-0  el_before_av_slideshow_full  avia-builder-el-first  avia-bg-style-scroll  container_wrap sidebar_right'  ><div class='container av-section-cont-open' ><main  role=\"main\" itemprop=\"mainContentOfPage\"  class='template-page content  av-content-small alpha units'><div class='post-entry post-entry-type-page post-entry-7461'><div class='entry-content-wrapper clearfix'>\n\n<style type=\"text\/css\" data-created_by=\"avia_inline_auto\" id=\"style-css-av-l2ala7qj-713669d403b04280135abe8c9b16aa84\">\n#top .av-special-heading.av-l2ala7qj-713669d403b04280135abe8c9b16aa84{\npadding-bottom:10px;\ncolor:#ffffff;\n}\n.av-special-heading.av-l2ala7qj-713669d403b04280135abe8c9b16aa84 .special-heading-inner-border{\nborder-color:#ffffff;\n}\n<\/style>\n<div  class='av-special-heading av-l2ala7qj-713669d403b04280135abe8c9b16aa84 av-special-heading-h2 custom-color-heading blockquote modern-quote  avia-builder-el-1  avia-builder-el-no-sibling  '><h2 class='av-special-heading-tag '  itemprop=\"headline\"  >Fonds de dessin contemporain Jean-Loup Lafont<\/h2><div class='special-heading-border'><div class='special-heading-inner-border'><\/div><\/div><\/div>\n\n<\/div><\/div><\/main><!-- close content main element --><\/div><\/div><div id='full_slider_1'  class='avia-fullwidth-slider main_color avia-shadow   avia-builder-el-2  el_after_av_section  el_before_av_section   slider-not-first container_wrap sidebar_right'  ><div   data-size='featured_large'  data-lightbox_size='large'  data-animation='slide'  data-conditional_play=''  data-ids='6567'  data-video_counter='0'  data-autoplay='false'  data-bg_slider='false'  data-slide_height=''  data-handle='av_slideshow_full'  data-interval='5'  data-class=' '  data-el_id=''  data-css_id=''  data-scroll_down=''  data-control_layout='av-control-default'  data-custom_markup=''  data-perma_caption=''  data-autoplay_stopper=''  data-image_attachment=''  data-min_height='0px'  data-lazy_loading='disabled'  data-src=''  data-position='top left'  data-repeat='no-repeat'  data-attach='scroll'  data-stretch=''  data-img_scrset=''  data-default-height='42'  class='avia-slideshow avia-slideshow-1  av-control-default av-default-height-applied avia-slideshow-featured_large av_slideshow_full   avia-slide-slider '  itemprop=\"image\" itemscope=\"itemscope\" itemtype=\"https:\/\/schema.org\/ImageObject\" ><ul class='avia-slideshow-inner ' style='padding-bottom: 42%;' ><li  class=' av-single-slide slide-1 ' ><div data-rel='slideshow-1' class='avia-slide-wrap '   ><div class = \"caption_fullwidth av-slideshow-caption caption_bottom\"><div class = \"container caption_container\"><div class = \"slideshow_caption\"><div class = \"slideshow_inner_caption\"><div class = \"slideshow_align_caption\"><div class='avia-caption-content  '  itemprop=\"description\"  ><p>Fonds Conteporain Jean-Loup Lafont, conception graphique Cahier d&#8217;art Jean-Marie Lambert, Courtesy Jean-Marie Lambert<\/p>\n<\/div><\/div><\/div><\/div><\/div><\/div><img class=\"wp-image-6567 avia-img-lazy-loading-not-6567\"  src=\"https:\/\/ddessinparis.com\/2022\/wp-content\/uploads\/2020\/01\/Fonds-Conteporain-Jean-Loup-Lafont-conception-graphique-Cahier-dart-Jean-Marie-Lambert-Courtesy-Jean-Marie-Lambert-1500x630.jpg\" width=\"1500\" height=\"630\" title='Fonds Conteporain Jean-Loup Lafont, conception graphique Cahier d&#039;art Jean-Marie Lambert, Courtesy Jean-Marie Lambert' alt=''  itemprop=\"thumbnailUrl\"   \/><\/div><\/li><\/ul><\/div><\/div>\n\n<style type=\"text\/css\" data-created_by=\"avia_inline_auto\" id=\"style-css-av-18ffn2g-6f0a09e0121182c9dd7adcac30742662\">\n.avia-section.av-18ffn2g-6f0a09e0121182c9dd7adcac30742662{\nbackground-color:#000000;\n}\n<\/style>\n<div id='av_section_2'  class='avia-section av-18ffn2g-6f0a09e0121182c9dd7adcac30742662 header_color avia-section-default avia-no-shadow  avia-builder-el-3  el_after_av_slideshow_full  el_before_av_slideshow_full  avia-bg-style-scroll  av-minimum-height av-minimum-height-custom  container_wrap sidebar_right'  ><div class='container av-section-cont-open' style='height:100px'><div class='template-page content  av-content-small alpha units'><div class='post-entry post-entry-type-page post-entry-7461'><div class='entry-content-wrapper clearfix'>\n\n<style type=\"text\/css\" data-created_by=\"avia_inline_auto\" id=\"style-css-av-411yiw-ef392c7387072bb523073e61b80ec91a\">\n.flex_column.av-411yiw-ef392c7387072bb523073e61b80ec91a{\nborder-radius:0px 0px 0px 0px;\n-webkit-border-radius:0px 0px 0px 0px;\n-moz-border-radius:0px 0px 0px 0px;\n}\n<\/style>\n<div class='flex_column av-411yiw-ef392c7387072bb523073e61b80ec91a av_one_half  avia-builder-el-4  el_before_av_one_half  avia-builder-el-first  first flex_column_div av-zero-column-padding '   ><div   data-size='no scaling'  data-lightbox_size='large'  data-animation='slide'  data-conditional_play=''  data-ids='6572'  data-video_counter='0'  data-autoplay='false'  data-bg_slider='false'  data-slide_height=''  data-handle='av_slideshow'  data-interval='5'  data-class=' avia-builder-el-5  avia-builder-el-no-sibling  '  data-el_id=''  data-css_id=''  data-scroll_down=''  data-control_layout='av-control-default'  data-custom_markup=''  data-perma_caption=''  data-autoplay_stopper=''  data-image_attachment=''  data-min_height='0px'  data-lazy_loading='disabled'  data-img_scrset=''  class='avia-slideshow avia-slideshow-2  av-control-default av-default-height-applied avia-slideshow-no scaling av_slideshow  avia-builder-el-5  avia-builder-el-no-sibling   avia-slide-slider '  itemprop=\"image\" itemscope=\"itemscope\" itemtype=\"https:\/\/schema.org\/ImageObject\" ><ul class='avia-slideshow-inner ' style='padding-bottom: 141.2559618442%;' ><li  class=' av-single-slide slide-1 ' ><div data-rel='slideshow-2' class='avia-slide-wrap '   ><div class=\"avia-caption av-slideshow-caption\"><div class=\"avia-inner-caption\"><h2  class='avia-caption-title  '  itemprop=\"name\" >Sans titre, 2011<\/h2><div class='avia-caption-content  '  itemprop=\"description\"  ><p>Jean-Loup Lafont<br \/>\nAcrylique, encre de chine et feutres sur papier<br \/>\n21 X 29,7 cm<br \/>\nDat\u00e9 et sign\u00e9 par JLL<br \/>\nCourtesy Fonds<br \/>\ncontemporain<br \/>\nJean-Loup Lafont<\/p>\n<\/div><\/div><\/div><img class=\"wp-image-6572 avia-img-lazy-loading-not-6572\"  src=\"https:\/\/ddessinparis.com\/2022\/wp-content\/uploads\/2020\/01\/Jean-Loup-Lafont-Sans-titre-2011-Acrylique-encre-de-chine-et-feutres-sur-papier-21-X-297-cm-Date\u0301-et-signe\u0301-par-JLL-Courtesy-Fonds-contemporain-Jean-Loup-Lafont.jpg\" width=\"2516\" height=\"3554\" title='Jean-Loup Lafont, Sans titre, 2011, Acrylique, encre de chine et feutres sur papier, 21 X 29,7 cm, Date\u0301 et signe\u0301 par JLL, Courtesy Fonds contemporain Jean-Loup Lafont' alt=''  itemprop=\"thumbnailUrl\" srcset=\"https:\/\/ddessinparis.com\/2022\/wp-content\/uploads\/2020\/01\/Jean-Loup-Lafont-Sans-titre-2011-Acrylique-encre-de-chine-et-feutres-sur-papier-21-X-297-cm-Date\u0301-et-signe\u0301-par-JLL-Courtesy-Fonds-contemporain-Jean-Loup-Lafont.jpg 2516w, https:\/\/ddessinparis.com\/2022\/wp-content\/uploads\/2020\/01\/Jean-Loup-Lafont-Sans-titre-2011-Acrylique-encre-de-chine-et-feutres-sur-papier-21-X-297-cm-Date\u0301-et-signe\u0301-par-JLL-Courtesy-Fonds-contemporain-Jean-Loup-Lafont-212x300.jpg 212w, https:\/\/ddessinparis.com\/2022\/wp-content\/uploads\/2020\/01\/Jean-Loup-Lafont-Sans-titre-2011-Acrylique-encre-de-chine-et-feutres-sur-papier-21-X-297-cm-Date\u0301-et-signe\u0301-par-JLL-Courtesy-Fonds-contemporain-Jean-Loup-Lafont-768x1085.jpg 768w, https:\/\/ddessinparis.com\/2022\/wp-content\/uploads\/2020\/01\/Jean-Loup-Lafont-Sans-titre-2011-Acrylique-encre-de-chine-et-feutres-sur-papier-21-X-297-cm-Date\u0301-et-signe\u0301-par-JLL-Courtesy-Fonds-contemporain-Jean-Loup-Lafont-729x1030.jpg 729w, https:\/\/ddessinparis.com\/2022\/wp-content\/uploads\/2020\/01\/Jean-Loup-Lafont-Sans-titre-2011-Acrylique-encre-de-chine-et-feutres-sur-papier-21-X-297-cm-Date\u0301-et-signe\u0301-par-JLL-Courtesy-Fonds-contemporain-Jean-Loup-Lafont-1062x1500.jpg 1062w, https:\/\/ddessinparis.com\/2022\/wp-content\/uploads\/2020\/01\/Jean-Loup-Lafont-Sans-titre-2011-Acrylique-encre-de-chine-et-feutres-sur-papier-21-X-297-cm-Date\u0301-et-signe\u0301-par-JLL-Courtesy-Fonds-contemporain-Jean-Loup-Lafont-499x705.jpg 499w, https:\/\/ddessinparis.com\/2022\/wp-content\/uploads\/2020\/01\/Jean-Loup-Lafont-Sans-titre-2011-Acrylique-encre-de-chine-et-feutres-sur-papier-21-X-297-cm-Date\u0301-et-signe\u0301-par-JLL-Courtesy-Fonds-contemporain-Jean-Loup-Lafont-450x636.jpg 450w\" sizes=\"(max-width: 2516px) 100vw, 2516px\" \/><\/div><\/li><\/ul><\/div><\/div>\n<style type=\"text\/css\" data-created_by=\"avia_inline_auto\" id=\"style-css-av-411yiw-22eaabec8e85e6402b28b18356da2ff5\">\n.flex_column.av-411yiw-22eaabec8e85e6402b28b18356da2ff5{\nborder-radius:0px 0px 0px 0px;\n-webkit-border-radius:0px 0px 0px 0px;\n-moz-border-radius:0px 0px 0px 0px;\npadding:40px 40px 40px 40px;\nbackground-color:#474747;\n}\n<\/style>\n<div class='flex_column av-411yiw-22eaabec8e85e6402b28b18356da2ff5 av_one_half  avia-builder-el-6  el_after_av_one_half  avia-builder-el-last  flex_column_div '   ><section class=\"av_textblock_section \"  itemscope=\"itemscope\" itemtype=\"https:\/\/schema.org\/CreativeWork\" ><div class='avia_textblock  av_inherit_color '  style='color:#ffffff; '  itemprop=\"text\" ><section class=\"av_textblock_section \">\n<div class=\"avia_textblock \">\n<h3><strong>Fonds de dessin contemporain Jean-Loup Lafont<\/strong><\/h3>\n<\/div>\n<\/section>\n<section class=\"av_textblock_section \">\n<div class=\"avia_textblock av_inherit_color \">\n<p>Animateur vedette sur les ondes dans les ann\u00e9es 1970\/80, Jean-Loup Lafont s\u2019est envol\u00e9 en 2015 \u00e0 l\u2019\u00e2ge de 75 ans. A sa disparition, les hommages dans la presse ont \u00e9t\u00e9 unanimes pour saluer la m\u00e9moire de l\u2019homme de radio qui avait marqu\u00e9 l\u2019adolescence de toute une g\u00e9n\u00e9ration avec des \u00e9missions mythiques sur Europe 1 comme Mozik, le Hit-Parade, ou encore Basket.<\/p>\n<p>Dans le cadre de ses projets sp\u00e9cifiques, Eve de Medeiros a choisi de mettre en lumi\u00e8re son \u0153uvre artistique singuli\u00e8re et foisonnante, \u00e0 travers la s\u00e9lection d\u2019une vingtaine de dessins, issus d\u2019un fond de plus de 2000 dessins.<\/p>\n<h2 style=\"line-height: 105%;\">Aujourd\u2019hui, pour la premi\u00e8re fois en France, le salon DDESSINPARIS propose de le d\u00e9couvrir sous un visage in\u00e9dit, celui d\u2019un dessinateur.<\/h2>\n<\/div>\n<\/section>\n<\/div><\/section><\/div><\/div><\/div><\/div><!-- close content main div --><\/div><\/div><div id='full_slider_2'  class='avia-fullwidth-slider main_color avia-shadow   avia-builder-el-8  el_after_av_section  el_before_av_section   slider-not-first container_wrap sidebar_right'  ><\/div><\/p>\n\n<style type=\"text\/css\" data-created_by=\"avia_inline_auto\" id=\"style-css-av-18ffn2g-aadbebf6250e29472c8dd4735b9a06e7\">\n.avia-section.av-18ffn2g-aadbebf6250e29472c8dd4735b9a06e7{\nbackground-color:#ffffff;\n}\n<\/style>\n<div id='av_section_3'  class='avia-section av-18ffn2g-aadbebf6250e29472c8dd4735b9a06e7 header_color avia-section-default avia-no-shadow  avia-builder-el-9  el_after_av_slideshow_full  avia-builder-el-last  avia-bg-style-scroll  av-minimum-height av-minimum-height-custom  container_wrap sidebar_right'  ><div class='container av-section-cont-open' style='height:100px'><div class='template-page content  av-content-small alpha units'><div class='post-entry post-entry-type-page post-entry-7461'><div class='entry-content-wrapper clearfix'>\n\n<style type=\"text\/css\" data-created_by=\"avia_inline_auto\" id=\"style-css-av-4ro19k-62605ea71d0a760d05a3a8083d3c94c4\">\n.flex_column.av-4ro19k-62605ea71d0a760d05a3a8083d3c94c4{\nborder-radius:0px 0px 0px 0px;\n-webkit-border-radius:0px 0px 0px 0px;\n-moz-border-radius:0px 0px 0px 0px;\n}\n<\/style>\n<div class='flex_column av-4ro19k-62605ea71d0a760d05a3a8083d3c94c4 av_one_half  avia-builder-el-10  el_before_av_one_half  avia-builder-el-first  first flex_column_div av-zero-column-padding '   ><section class=\"av_textblock_section \"  itemscope=\"itemscope\" itemtype=\"https:\/\/schema.org\/CreativeWork\" ><div class='avia_textblock  '   itemprop=\"text\" ><p>En 1989, apr\u00e8s une tr\u00e8s belle carri\u00e8re m\u00e9diatique \u00e0 la radio, Jean-Loup Lafont se lance \u00e0 lui-m\u00eame un d\u00e9fi un peu fou : d\u00e9dier sa vie \u00e0 la cr\u00e9ation artistique plasticienne.<\/p>\n<p>Arm\u00e9 de son enthousiasme l\u00e9gendaire et fort de ses origines bretonnes, il n\u2019aura de cesse de travailler dans le secret et le refuge de son atelier de Courbevoie ; tel un moine b\u00e9n\u00e9dictin comme il se plaisait \u00e0 le d\u00e9finir. Pour lui, cr\u00e9er devient essentiel.<\/p>\n<p>D\u2019un naturel solitaire, son univers graphique n\u2019en demeure pas moins peupl\u00e9 de toute une kyrielle de bonhommes imaginaires, figures r\u00e9currentes \u00e0 casquettes et aux surnoms farfelus. Libre et iconoclaste dans sa mani\u00e8re d\u2019\u00eatre, de penser et de cr\u00e9er, Jean-Loup Lafont a toujours manifest\u00e9 un go\u00fbt prononc\u00e9 pour l\u2019art non conventionnel et anti conformiste.<\/p>\n<p>Lecteur assidu de journaux intimes et de po\u00e9sie, vrai marcheur, m\u00e9lomane \u00e0 toute heure, une volont\u00e9 de se nourrir et de s\u2019aventurer tant sur le plan artistique que g\u00e9ographique vers les p\u00e9riph\u00e9ries, un talent cr\u00e9atif hors des normes et des sentiers battus.<\/p>\n<p style=\"text-align: right;\">Christophe Lafont Avril 2022<\/p>\n<p><em>Exposition des dessins avec l\u2019autorisation des ayants droit : Doroth\u00e9e Lafont, Zo\u00e9 Rein, Masha Lafont, Christophe Lafont, Arthur Lafont et Edouard Lafont.<\/em><\/p>\n<\/div><\/section><\/div>\n<style type=\"text\/css\" data-created_by=\"avia_inline_auto\" id=\"style-css-av-2tcyfs-373c24a77c335e09af777d9b2cb2949a\">\n.flex_column.av-2tcyfs-373c24a77c335e09af777d9b2cb2949a{\nborder-radius:0px 0px 0px 0px;\n-webkit-border-radius:0px 0px 0px 0px;\n-moz-border-radius:0px 0px 0px 0px;\n}\n<\/style>\n<div class='flex_column av-2tcyfs-373c24a77c335e09af777d9b2cb2949a av_one_half  avia-builder-el-12  el_after_av_one_half  avia-builder-el-last  flex_column_div av-zero-column-padding '   ><div   data-size='no scaling'  data-lightbox_size='large'  data-animation='fade'  data-conditional_play=''  data-ids='6568'  data-video_counter='0'  data-autoplay='true'  data-bg_slider='false'  data-slide_height=''  data-handle='av_slideshow'  data-interval='5'  data-class=' avia-builder-el-13  avia-builder-el-no-sibling  '  data-el_id=''  data-css_id=''  data-scroll_down=''  data-control_layout='av-control-default'  data-custom_markup=''  data-perma_caption=''  data-autoplay_stopper=''  data-image_attachment=''  data-min_height='0px'  data-lazy_loading='disabled'  data-img_scrset=''  class='avia-slideshow avia-slideshow-4  av-control-default av-default-height-applied avia-slideshow-no scaling av_slideshow  avia-builder-el-13  avia-builder-el-no-sibling   avia-fade-slider '  itemprop=\"image\" itemscope=\"itemscope\" itemtype=\"https:\/\/schema.org\/ImageObject\" ><ul class='avia-slideshow-inner ' style='padding-bottom: 136.66026871401%;' ><li  class=' av-single-slide slide-1 ' ><div data-rel='slideshow-4' class='avia-slide-wrap '   ><div class=\"avia-caption av-slideshow-caption\"><div class=\"avia-inner-caption\"><h2  class='avia-caption-title  '  itemprop=\"name\" >Sans titre, 1992<\/h2><div class='avia-caption-content  '  itemprop=\"description\"  ><p>Jean-Loup Lafont<br \/>\nAcrylique et crayons de couleur sur papier<br \/>\n21 X 29,7 cm<br \/>\nDat\u00e9 et sign\u00e9 par JLL<br \/>\nCourtesy Fonds contemporain Jean-Loup Lafont<\/p>\n<\/div><\/div><\/div><img class=\"wp-image-6568 avia-img-lazy-loading-not-6568\"  src=\"https:\/\/ddessinparis.com\/2022\/wp-content\/uploads\/2020\/01\/Jean-Loup-Lafont-Sans-titre-1992-Acrylique-et-crayons-de-couleur-sur-papier-21-X-297-cm-Date\u0301-et-signe\u0301-par-JLL-Courtesy-Fonds-contemporain-Jean-Loup-Lafont.jpg\" width=\"2605\" height=\"3560\" title='Jean-Loup Lafont, Sans titre, 1992, Acrylique et crayons de couleur sur papier, 21 X 29,7 cm, Date\u0301 et signe\u0301 par JLL, Courtesy Fonds contemporain Jean-Loup Lafont' alt=''  itemprop=\"thumbnailUrl\" srcset=\"https:\/\/ddessinparis.com\/2022\/wp-content\/uploads\/2020\/01\/Jean-Loup-Lafont-Sans-titre-1992-Acrylique-et-crayons-de-couleur-sur-papier-21-X-297-cm-Date\u0301-et-signe\u0301-par-JLL-Courtesy-Fonds-contemporain-Jean-Loup-Lafont.jpg 2605w, https:\/\/ddessinparis.com\/2022\/wp-content\/uploads\/2020\/01\/Jean-Loup-Lafont-Sans-titre-1992-Acrylique-et-crayons-de-couleur-sur-papier-21-X-297-cm-Date\u0301-et-signe\u0301-par-JLL-Courtesy-Fonds-contemporain-Jean-Loup-Lafont-220x300.jpg 220w, https:\/\/ddessinparis.com\/2022\/wp-content\/uploads\/2020\/01\/Jean-Loup-Lafont-Sans-titre-1992-Acrylique-et-crayons-de-couleur-sur-papier-21-X-297-cm-Date\u0301-et-signe\u0301-par-JLL-Courtesy-Fonds-contemporain-Jean-Loup-Lafont-768x1050.jpg 768w, https:\/\/ddessinparis.com\/2022\/wp-content\/uploads\/2020\/01\/Jean-Loup-Lafont-Sans-titre-1992-Acrylique-et-crayons-de-couleur-sur-papier-21-X-297-cm-Date\u0301-et-signe\u0301-par-JLL-Courtesy-Fonds-contemporain-Jean-Loup-Lafont-754x1030.jpg 754w, https:\/\/ddessinparis.com\/2022\/wp-content\/uploads\/2020\/01\/Jean-Loup-Lafont-Sans-titre-1992-Acrylique-et-crayons-de-couleur-sur-papier-21-X-297-cm-Date\u0301-et-signe\u0301-par-JLL-Courtesy-Fonds-contemporain-Jean-Loup-Lafont-1098x1500.jpg 1098w, https:\/\/ddessinparis.com\/2022\/wp-content\/uploads\/2020\/01\/Jean-Loup-Lafont-Sans-titre-1992-Acrylique-et-crayons-de-couleur-sur-papier-21-X-297-cm-Date\u0301-et-signe\u0301-par-JLL-Courtesy-Fonds-contemporain-Jean-Loup-Lafont-516x705.jpg 516w, https:\/\/ddessinparis.com\/2022\/wp-content\/uploads\/2020\/01\/Jean-Loup-Lafont-Sans-titre-1992-Acrylique-et-crayons-de-couleur-sur-papier-21-X-297-cm-Date\u0301-et-signe\u0301-par-JLL-Courtesy-Fonds-contemporain-Jean-Loup-Lafont-450x615.jpg 450w\" sizes=\"(max-width: 2605px) 100vw, 2605px\" \/><\/div><\/li><\/ul><\/div><\/div>\n<\/div><\/div><\/div><!-- close content main div --><\/div><\/div><div id='after_section_3'  class='main_color av_default_container_wrap container_wrap sidebar_right'  ><div class='container av-section-cont-open' ><div class='template-page content  av-content-small alpha units'><div class='post-entry post-entry-type-page post-entry-7461'><div class='entry-content-wrapper clearfix'>\n","protected":false},"excerpt":{"rendered":"","protected":false},"author":1,"featured_media":0,"parent":0,"menu_order":0,"comment_status":"closed","ping_status":"closed","template":"","meta":[],"_links":{"self":[{"href":"https:\/\/ddessinparis.com\/2022\/wp-json\/wp\/v2\/pages\/7461"}],"collection":[{"href":"https:\/\/ddessinparis.com\/2022\/wp-json\/wp\/v2\/pages"}],"about":[{"href":"https:\/\/ddessinparis.com\/2022\/wp-json\/wp\/v2\/types\/page"}],"author":[{"embeddable":true,"href":"https:\/\/ddessinparis.com\/2022\/wp-json\/wp\/v2\/users\/1"}],"replies":[{"embeddable":true,"href":"https:\/\/ddessinparis.com\/2022\/wp-json\/wp\/v2\/comments?post=7461"}],"version-history":[{"count":11,"href":"https:\/\/ddessinparis.com\/2022\/wp-json\/wp\/v2\/pages\/7461\/revisions"}],"predecessor-version":[{"id":7511,"href":"https:\/\/ddessinparis.com\/2022\/wp-json\/wp\/v2\/pages\/7461\/revisions\/7511"}],"wp:attachment":[{"href":"https:\/\/ddessinparis.com\/2022\/wp-json\/wp\/v2\/media?parent=7461"}],"curies":[{"name":"wp","href":"https:\/\/api.w.org\/{rel}","templated":true}]}}