{"id":7569,"date":"2022-05-20T17:48:16","date_gmt":"2022-05-20T17:48:16","guid":{"rendered":"https:\/\/ddessinparis.com\/?page_id=7569"},"modified":"2022-05-21T10:16:22","modified_gmt":"2022-05-21T10:16:22","slug":"laureat-du-prix-ddessin-2022","status":"publish","type":"page","link":"https:\/\/ddessinparis.com\/2022\/laureat-du-prix-ddessin-2022\/","title":{"rendered":"Laur\u00e9at du PRIX DDESSIN 2022"},"content":{"rendered":"<div id='full_slider_1'  class='avia-fullwidth-slider main_color avia-shadow   avia-builder-el-0  el_before_av_section  avia-builder-el-first   container_wrap sidebar_right'  ><div   data-size='no scaling'  data-lightbox_size='large'  data-animation='slide'  data-conditional_play=''  data-ids='7571'  data-video_counter='0'  data-autoplay='false'  data-bg_slider='false'  data-slide_height=''  data-handle='av_slideshow_full'  data-interval='5'  data-class=' '  data-el_id=''  data-css_id=''  data-scroll_down=''  data-control_layout='av-control-default'  data-custom_markup=''  data-perma_caption=''  data-autoplay_stopper=''  data-image_attachment=''  data-min_height='0px'  data-lazy_loading='disabled'  data-src=''  data-position='top left'  data-repeat='no-repeat'  data-attach='scroll'  data-stretch=''  data-img_scrset=''  class='avia-slideshow avia-slideshow-1  av-control-default av-default-height-applied avia-slideshow-no scaling av_slideshow_full   avia-slide-slider '  itemprop=\"image\" itemscope=\"itemscope\" itemtype=\"https:\/\/schema.org\/ImageObject\" ><ul class='avia-slideshow-inner ' style='padding-bottom: 72.0703125%;' ><li  class=' av-single-slide slide-1 ' ><div data-rel='slideshow-1' class='avia-slide-wrap '   ><div class = \"caption_fullwidth av-slideshow-caption caption_bottom caption_bottom_framed caption_framed\"><div class = \"container caption_container\"><div class = \"slideshow_caption\"><div class = \"slideshow_inner_caption\"><div class = \"slideshow_align_caption\"><div class='avia-caption-content  '  itemprop=\"description\"  ><p>Emma Picard<br \/>\nLivia, 2022<br \/>\n30 x 42 cm<br \/>\nGraphite et encre sur papier phosphorescent<br \/>\nVue jour et nuit<br \/>\nCourtesy Dupr\u00e9 &amp; Dupr\u00e9 Gallery<\/p>\n<\/div><\/div><\/div><\/div><\/div><\/div><img class=\"wp-image-7571 avia-img-lazy-loading-not-7571\"  src=\"https:\/\/ddessinparis.com\/2022\/wp-content\/uploads\/2022\/05\/Emma-Picard-Livia-2022-30x42-graphite-et-encre-sur-papier-phosphorescent-et-nuit-scaled.jpg\" width=\"2560\" height=\"1845\" title='Emma Picard, Livia, 2022, 30x42, graphite et encre sur papier phosphorescent et nuit' alt=''  itemprop=\"thumbnailUrl\" srcset=\"https:\/\/ddessinparis.com\/2022\/wp-content\/uploads\/2022\/05\/Emma-Picard-Livia-2022-30x42-graphite-et-encre-sur-papier-phosphorescent-et-nuit-scaled.jpg 2560w, https:\/\/ddessinparis.com\/2022\/wp-content\/uploads\/2022\/05\/Emma-Picard-Livia-2022-30x42-graphite-et-encre-sur-papier-phosphorescent-et-nuit-300x216.jpg 300w, https:\/\/ddessinparis.com\/2022\/wp-content\/uploads\/2022\/05\/Emma-Picard-Livia-2022-30x42-graphite-et-encre-sur-papier-phosphorescent-et-nuit-1030x742.jpg 1030w, https:\/\/ddessinparis.com\/2022\/wp-content\/uploads\/2022\/05\/Emma-Picard-Livia-2022-30x42-graphite-et-encre-sur-papier-phosphorescent-et-nuit-768x554.jpg 768w, https:\/\/ddessinparis.com\/2022\/wp-content\/uploads\/2022\/05\/Emma-Picard-Livia-2022-30x42-graphite-et-encre-sur-papier-phosphorescent-et-nuit-1536x1107.jpg 1536w, https:\/\/ddessinparis.com\/2022\/wp-content\/uploads\/2022\/05\/Emma-Picard-Livia-2022-30x42-graphite-et-encre-sur-papier-phosphorescent-et-nuit-2048x1476.jpg 2048w, https:\/\/ddessinparis.com\/2022\/wp-content\/uploads\/2022\/05\/Emma-Picard-Livia-2022-30x42-graphite-et-encre-sur-papier-phosphorescent-et-nuit-1500x1081.jpg 1500w, https:\/\/ddessinparis.com\/2022\/wp-content\/uploads\/2022\/05\/Emma-Picard-Livia-2022-30x42-graphite-et-encre-sur-papier-phosphorescent-et-nuit-705x508.jpg 705w\" sizes=\"(max-width: 2560px) 100vw, 2560px\" \/><\/div><\/li><\/ul><\/div><\/div>\n\n<style type=\"text\/css\" data-created_by=\"avia_inline_auto\" id=\"style-css-av-l23dvh-c83aa462f6fa79d2ee725814f4077047\">\n.avia-section.av-l23dvh-c83aa462f6fa79d2ee725814f4077047{\nbackground-color:#000000;\n}\n<\/style>\n<div id='av_section_1'  class='avia-section av-l23dvh-c83aa462f6fa79d2ee725814f4077047 header_color avia-section-default avia-no-shadow  avia-builder-el-1  el_after_av_slideshow_full  el_before_av_two_fifth  avia-bg-style-scroll  container_wrap sidebar_right'  ><div class='container av-section-cont-open' ><div class='template-page content  av-content-small alpha units'><div class='post-entry post-entry-type-page post-entry-7569'><div class='entry-content-wrapper clearfix'>\n\n<style type=\"text\/css\" data-created_by=\"avia_inline_auto\" id=\"style-css-av-iz7hel-80fe36481026fe7608064d535520dc64\">\n.flex_column.av-iz7hel-80fe36481026fe7608064d535520dc64{\nborder-radius:0px 0px 0px 0px;\n-webkit-border-radius:0px 0px 0px 0px;\n-moz-border-radius:0px 0px 0px 0px;\n}\n<\/style>\n<div class='flex_column av-iz7hel-80fe36481026fe7608064d535520dc64 av_three_fifth  avia-builder-el-2  el_before_av_two_fifth  avia-builder-el-first  first flex_column_div av-zero-column-padding '   ><section class=\"av_textblock_section \"  itemscope=\"itemscope\" itemtype=\"https:\/\/schema.org\/CreativeWork\" ><div class='avia_textblock  av_inherit_color '  style='color:#ffffff; '  itemprop=\"text\" ><h2 style=\"text-align: justify;\">Emma Picard<\/h2>\n<h3 style=\"text-align: justify;\">LAUR\u00c9ATE DU PRIX DDESSIN{22}<\/h3>\n<p><strong>Emma Picard<\/strong>, pr\u00e9sent\u00e9e sur la foire par la <strong>Dupr\u00e9 &amp; Dupr\u00e9 Gallery<\/strong> (B\u00e9ziers et Paris) &#8211; qui participe \u00e0 l\u2019\u00e9v\u00e9nement pour la premi\u00e8re fois &#8211; a \u00e9t\u00e9 d\u00e9sign\u00e9e <strong>laur\u00e9ate du prix DDESSINPARIS\/INSTITUT FRAN\u00c7AIS DE SAINT-LOUIS DU S\u00c9N\u00c9GAL<\/strong>, ce jeudi 19 mai 2022.<\/p>\n<p><strong>Emma Picard<\/strong> b\u00e9n\u00e9ficiera d\u2019une <strong>r\u00e9sidence de cr\u00e9ation<\/strong>, pour une dur\u00e9e d\u2019un mois \u00e0 la tr\u00e8s convoit\u00e9e <strong>Villa Saint-Louis Ndar<\/strong>. A l\u2019issue de sa r\u00e9sidence, l\u2019artiste aura la possibilit\u00e9 d\u2019exposer son travail \u00e0 la <strong>Galerie du Fleuve<\/strong> de <strong>l\u2019Institut fran\u00e7ais de Saint-Louis<\/strong>. Il sera \u00e9galement <strong>mis \u00e0 l\u2019honneur lors de la prochaine \u00e9dition de DDESSINPARIS<\/strong>, DDESSIN{23}.<\/p>\n<p style=\"text-align: justify;\"><strong>Membres du jury 2022 : <\/strong><\/p>\n<p><strong>Barbara Newman<\/strong>, pr\u00e9sidente du jury, est une collectionneuse et m\u00e9c\u00e8ne qui vit et travaille entre Paris et New-York. Elle soutient plusieurs institutions dont le comit\u00e9 d&#8217;acquisition pour le centre Pompidou, le comit\u00e9 africain de la Tate \u00e0 Londres et le Whitney Museum \u00e0 New York. <strong>N\u00fa Barreto<\/strong>, Artiste ; <strong>Rodolphe Blavy<\/strong>, Collectionneur et Directeur adjoint au FMI sur les politiques publiques et enjeux multilat\u00e9raux ; <strong>Cecile Bourre-Farrel<\/strong>, Curatrice et critique d\u2019art ; <strong>Ana\u00efd Demir<\/strong>, Commissaire d\u2019exposition, membre de l\u2019AICA et autrice ; <strong>Ga\u00efa Donzet<\/strong>, Art advisor sp\u00e9cialis\u00e9e en Art moderne et contemporain et <strong>Arthur Toscan du Plantier<\/strong>, <span lang=\"FR\">Co-cr\u00e9ateur de la charte &#8220;Un Immeuble, une \u0153uvre&#8221;\u00a0et a<\/span>ncien conseiller aupr\u00e8s des ministres de la Culture Aur\u00e9lie Filippetti et Fleur Pellerin.<\/p>\n<p style=\"text-align: left;\"><a href=\"https:\/\/ddessinparis.com\/2022\/wp-content\/uploads\/2022\/05\/DDessin22_CPLAUREAT2022.pdf\"><span style=\"color: #00ffff;\"><span style=\"color: #00ccff;\">T\u00c9L\u00c9CHARGEZ LE COMMUNIQU\u00c9 DE PRESSE<\/span><\/span><\/a><\/p>\n<\/div><\/section><\/div>\n<style type=\"text\/css\" data-created_by=\"avia_inline_auto\" id=\"style-css-av-cshfpp-c0f96a1cb5a45f7ac59176c39c621f50\">\n.flex_column.av-cshfpp-c0f96a1cb5a45f7ac59176c39c621f50{\nborder-radius:0px 0px 0px 0px;\n-webkit-border-radius:0px 0px 0px 0px;\n-moz-border-radius:0px 0px 0px 0px;\n}\n<\/style>\n<div class='flex_column av-cshfpp-c0f96a1cb5a45f7ac59176c39c621f50 av_two_fifth  avia-builder-el-4  el_after_av_three_fifth  avia-builder-el-last  flex_column_div av-zero-column-padding '   ><div   data-size='no scaling'  data-lightbox_size='large'  data-animation='slide'  data-conditional_play=''  data-ids='7583,7584'  data-video_counter='0'  data-autoplay='true'  data-bg_slider='false'  data-slide_height=''  data-handle='av_slideshow'  data-interval='5'  data-class=' avia-builder-el-5  avia-builder-el-no-sibling  '  data-el_id=''  data-css_id=''  data-scroll_down=''  data-control_layout='av-control-default'  data-custom_markup=''  data-perma_caption=''  data-autoplay_stopper=''  data-image_attachment=''  data-min_height='0px'  data-lazy_loading='disabled'  data-img_scrset=''  class='avia-slideshow avia-slideshow-2  av-control-default av-default-height-applied avia-slideshow-no scaling av_slideshow  avia-builder-el-5  avia-builder-el-no-sibling   avia-slide-slider '  itemprop=\"image\" itemscope=\"itemscope\" itemtype=\"https:\/\/schema.org\/ImageObject\" ><ul class='avia-slideshow-inner ' style='padding-bottom: 144.30665163472%;' ><li  class=' slide-1 ' ><div data-rel='slideshow-2' class='avia-slide-wrap '   ><div class=\"avia-caption av-slideshow-caption\"><div class=\"avia-inner-caption\"><div class='avia-caption-content  '  itemprop=\"description\"  ><p>Emma Picard, Brittany, 2022, 30 x 42 cm, graphite et encre sur papier phosphorescent; courtesy Dupr\u00e9 &amp; Dupr\u00e9 Gallery<br \/>\nChristy, 20<\/p>\n<\/div><\/div><\/div><img class=\"wp-image-7583 avia-img-lazy-loading-not-7583\"  src=\"https:\/\/ddessinparis.com\/2022\/wp-content\/uploads\/2022\/05\/Emma-Picard-Brittany-2022-30x42-graphite-et-encre-sur-papier-phosphorescent-scaled.jpg\" width=\"1774\" height=\"2560\" title='Emma Picard, Brittany, 2022, 30x42, graphite et encre sur papier phosphorescent' alt=''  itemprop=\"thumbnailUrl\" srcset=\"https:\/\/ddessinparis.com\/2022\/wp-content\/uploads\/2022\/05\/Emma-Picard-Brittany-2022-30x42-graphite-et-encre-sur-papier-phosphorescent-scaled.jpg 1774w, https:\/\/ddessinparis.com\/2022\/wp-content\/uploads\/2022\/05\/Emma-Picard-Brittany-2022-30x42-graphite-et-encre-sur-papier-phosphorescent-208x300.jpg 208w, https:\/\/ddessinparis.com\/2022\/wp-content\/uploads\/2022\/05\/Emma-Picard-Brittany-2022-30x42-graphite-et-encre-sur-papier-phosphorescent-714x1030.jpg 714w, https:\/\/ddessinparis.com\/2022\/wp-content\/uploads\/2022\/05\/Emma-Picard-Brittany-2022-30x42-graphite-et-encre-sur-papier-phosphorescent-768x1108.jpg 768w, https:\/\/ddessinparis.com\/2022\/wp-content\/uploads\/2022\/05\/Emma-Picard-Brittany-2022-30x42-graphite-et-encre-sur-papier-phosphorescent-1065x1536.jpg 1065w, https:\/\/ddessinparis.com\/2022\/wp-content\/uploads\/2022\/05\/Emma-Picard-Brittany-2022-30x42-graphite-et-encre-sur-papier-phosphorescent-1420x2048.jpg 1420w, https:\/\/ddessinparis.com\/2022\/wp-content\/uploads\/2022\/05\/Emma-Picard-Brittany-2022-30x42-graphite-et-encre-sur-papier-phosphorescent-1040x1500.jpg 1040w, https:\/\/ddessinparis.com\/2022\/wp-content\/uploads\/2022\/05\/Emma-Picard-Brittany-2022-30x42-graphite-et-encre-sur-papier-phosphorescent-489x705.jpg 489w\" sizes=\"(max-width: 1774px) 100vw, 1774px\" \/><\/div><\/li><li  class=' slide-2 ' ><div data-rel='slideshow-2' class='avia-slide-wrap '   ><div class=\"avia-caption av-slideshow-caption\"><div class=\"avia-inner-caption\"><div class='avia-caption-content  '  itemprop=\"description\"  ><p>Emma Picard, Christy, 2022, 30 x 42 cm, graphite et encre sur papier phosphorescent; courtesy Dupr\u00e9 &amp; Dupr\u00e9 Gallery<\/p>\n<\/div><\/div><\/div><img class=\"wp-image-7584 avia-img-lazy-loading-not-7584\"  src=\"https:\/\/ddessinparis.com\/2022\/wp-content\/uploads\/2022\/05\/Emma-Picard-Christy-2022-30-x-42-graphite-et-encre-sur-papier-phosphorescent-scaled.jpg\" width=\"1779\" height=\"2560\" title='Emma Picard, Christy, 2022, 30 x 42, graphite et encre sur papier phosphorescent' alt=''  itemprop=\"thumbnailUrl\" srcset=\"https:\/\/ddessinparis.com\/2022\/wp-content\/uploads\/2022\/05\/Emma-Picard-Christy-2022-30-x-42-graphite-et-encre-sur-papier-phosphorescent-scaled.jpg 1779w, https:\/\/ddessinparis.com\/2022\/wp-content\/uploads\/2022\/05\/Emma-Picard-Christy-2022-30-x-42-graphite-et-encre-sur-papier-phosphorescent-208x300.jpg 208w, https:\/\/ddessinparis.com\/2022\/wp-content\/uploads\/2022\/05\/Emma-Picard-Christy-2022-30-x-42-graphite-et-encre-sur-papier-phosphorescent-716x1030.jpg 716w, https:\/\/ddessinparis.com\/2022\/wp-content\/uploads\/2022\/05\/Emma-Picard-Christy-2022-30-x-42-graphite-et-encre-sur-papier-phosphorescent-768x1105.jpg 768w, https:\/\/ddessinparis.com\/2022\/wp-content\/uploads\/2022\/05\/Emma-Picard-Christy-2022-30-x-42-graphite-et-encre-sur-papier-phosphorescent-1067x1536.jpg 1067w, https:\/\/ddessinparis.com\/2022\/wp-content\/uploads\/2022\/05\/Emma-Picard-Christy-2022-30-x-42-graphite-et-encre-sur-papier-phosphorescent-1423x2048.jpg 1423w, https:\/\/ddessinparis.com\/2022\/wp-content\/uploads\/2022\/05\/Emma-Picard-Christy-2022-30-x-42-graphite-et-encre-sur-papier-phosphorescent-1042x1500.jpg 1042w, https:\/\/ddessinparis.com\/2022\/wp-content\/uploads\/2022\/05\/Emma-Picard-Christy-2022-30-x-42-graphite-et-encre-sur-papier-phosphorescent-490x705.jpg 490w\" sizes=\"(max-width: 1779px) 100vw, 1779px\" \/><\/div><\/li><\/ul><div class='avia-slideshow-arrows avia-slideshow-controls' ><a href='#prev' class='prev-slide ' aria-hidden='true' data-av_icon='\ue87c' data-av_iconfont='entypo-fontello'  tabindex='-1'>Pr\u00e9c\u00e9dent<\/a><a href='#next' class='next-slide ' aria-hidden='true' data-av_icon='\ue87d' data-av_iconfont='entypo-fontello'  tabindex='-1'>Suivant<\/a><\/div><div class='avia-slideshow-dots avia-slideshow-controls'><a href='#1' class='goto-slide active' >1<\/a><a href='#2' class='goto-slide ' >2<\/a><\/div><\/div><\/div><\/div><\/div><\/div><!-- close content main div --><\/div><\/div><div id='after_section_1'  class='main_color av_default_container_wrap container_wrap sidebar_right'  ><div class='container av-section-cont-open' ><div class='template-page content  av-content-small alpha units'><div class='post-entry post-entry-type-page post-entry-7569'><div class='entry-content-wrapper clearfix'>\n<style type=\"text\/css\" data-created_by=\"avia_inline_auto\" id=\"style-css-av-g5cuy5-44704bfcec6fc5de5cd729deabe57054\">\n.flex_column.av-g5cuy5-44704bfcec6fc5de5cd729deabe57054{\nborder-radius:0px 0px 0px 0px;\n-webkit-border-radius:0px 0px 0px 0px;\n-moz-border-radius:0px 0px 0px 0px;\n}\n<\/style>\n<div class='flex_column av-g5cuy5-44704bfcec6fc5de5cd729deabe57054 av_two_fifth  avia-builder-el-6  el_after_av_section  el_before_av_three_fifth  avia-builder-el-first  first flex_column_div av-zero-column-padding '   ><p>\n<style type=\"text\/css\" data-created_by=\"avia_inline_auto\" id=\"style-css-av-l3fm394c-6d80fbefec44e09622b3cf9cfb7fb765\">\n.avia-image-container.av-l3fm394c-6d80fbefec44e09622b3cf9cfb7fb765 .av-image-caption-overlay-center{\ncolor:#ffffff;\n}\n<\/style>\n<div  class='avia-image-container av-l3fm394c-6d80fbefec44e09622b3cf9cfb7fb765 av-styling- avia-align-center  avia-builder-el-7  el_before_av_textblock  avia-builder-el-first  '  itemprop=\"image\" itemscope=\"itemscope\" itemtype=\"https:\/\/schema.org\/ImageObject\" ><div class=\"avia-image-container-inner\"><div class=\"avia-image-overlay-wrap\"><img class='wp-image-7603 avia-img-lazy-loading-not-7603 avia_image' src=\"https:\/\/ddessinparis.com\/2022\/wp-content\/uploads\/2022\/05\/Emma_Picard_Nu_Barreto-771x1030.png\" alt='' title='Emma_Picard_Nu_Barreto'  height=\"1030\" width=\"771\"  itemprop=\"thumbnailUrl\" srcset=\"https:\/\/ddessinparis.com\/2022\/wp-content\/uploads\/2022\/05\/Emma_Picard_Nu_Barreto-771x1030.png 771w, https:\/\/ddessinparis.com\/2022\/wp-content\/uploads\/2022\/05\/Emma_Picard_Nu_Barreto-225x300.png 225w, https:\/\/ddessinparis.com\/2022\/wp-content\/uploads\/2022\/05\/Emma_Picard_Nu_Barreto-768x1026.png 768w, https:\/\/ddessinparis.com\/2022\/wp-content\/uploads\/2022\/05\/Emma_Picard_Nu_Barreto-1150x1536.png 1150w, https:\/\/ddessinparis.com\/2022\/wp-content\/uploads\/2022\/05\/Emma_Picard_Nu_Barreto-1123x1500.png 1123w, https:\/\/ddessinparis.com\/2022\/wp-content\/uploads\/2022\/05\/Emma_Picard_Nu_Barreto-528x705.png 528w, https:\/\/ddessinparis.com\/2022\/wp-content\/uploads\/2022\/05\/Emma_Picard_Nu_Barreto.png 1198w\" sizes=\"(max-width: 771px) 100vw, 771px\" \/><\/div><\/div><\/div><br \/>\n<section class=\"av_textblock_section \"  itemscope=\"itemscope\" itemtype=\"https:\/\/schema.org\/CreativeWork\" ><div class='avia_textblock  av_inherit_color '  style='color:#000000; '  itemprop=\"text\" ><p><em>Emma Picard et Nu Barreto, copyright DDESSINPARIS<\/em><\/p>\n<p><em>\u00a0<\/em><\/p>\n<\/div><\/section><\/p><\/div><\/p>\n\n<style type=\"text\/css\" data-created_by=\"avia_inline_auto\" id=\"style-css-av-3kpfoh-5e4ade02237f8b985000f20a03fa0ca6\">\n.flex_column.av-3kpfoh-5e4ade02237f8b985000f20a03fa0ca6{\nborder-radius:0px 0px 0px 0px;\n-webkit-border-radius:0px 0px 0px 0px;\n-moz-border-radius:0px 0px 0px 0px;\n}\n<\/style>\n<div class='flex_column av-3kpfoh-5e4ade02237f8b985000f20a03fa0ca6 av_three_fifth  avia-builder-el-9  el_after_av_two_fifth  avia-builder-el-last  flex_column_div av-zero-column-padding '   ><section class=\"av_textblock_section \"  itemscope=\"itemscope\" itemtype=\"https:\/\/schema.org\/CreativeWork\" ><div class='avia_textblock  av_inherit_color '  style='color:#000000; '  itemprop=\"text\" ><h3 style=\"text-align: justify;\"><strong>Emma Picard<br \/>\n<\/strong><\/h3>\n<p><strong>Emma Picard<\/strong> est une artiste plasticienne fran\u00e7aise install\u00e9e \u00e0 Beaune en Bourgogne. Form\u00e9e en \u00e9b\u00e9nisterie et sculpture, Emma poursuit d\u00e9sormais un travail plastique plus conceptuel. Ses recherches questionnent la visibilit\u00e9, la pr\u00e9dominance de la vue sur nos autres sens, notamment dans notre appr\u00e9ciation de l\u2019art ; sur la constitution et la dimension de l\u2019image \u00e0 l\u2019\u00e8re du pixel.<\/p>\n<p><strong>\u00c0 DDESSINPARIS<\/strong>, elle pr\u00e9sente la s\u00e9rie \u00ab Playboys \u00bb qui a particuli\u00e8rement retenu l\u2019attention du jury et lui a attribu\u00e9 le Prix DDESSIN{22}. Inspir\u00e9 des num\u00e9ros de Playboy Magazine imprim\u00e9s en braille par la National Library \u00e0 Washington pour garantir l\u2019\u00e9galit\u00e9 entre les citoyens, Emma Picard questionne la notion de perception et de d\u00e9calage entre les mots et les images, l\u2019objectivit\u00e9 et l\u2019universalit\u00e9 du d\u00e9sir dans la retranscription de la perception.<\/p>\n<p><strong>Emma Picard<\/strong> se fait traduire par des non-voyants braillistes le texte descriptif, redessine au graphite la playmate et la recouvre \u00e0 l\u2019encre de sa description en braille, le tout sur un papier phosphorescent visible de nuit aussi. L\u2019artiste convie \u00e0 une \u00ab blind-date \u00bb les voyants qui malvoient de ce fait un peu le sujet pr\u00e9sent\u00e9. On est dans une sorte d\u2019impossibilit\u00e9 de l\u2019\u0153uvre puisque les voyants ne lisent g\u00e9n\u00e9ralement pas le braille et les non-voyants ont d\u00e9j\u00e0 la version en braille du magazine.<\/p>\n<p><em>\u00a0<\/em><\/p>\n<\/div><\/section><\/div>\n","protected":false},"excerpt":{"rendered":"","protected":false},"author":1,"featured_media":0,"parent":0,"menu_order":0,"comment_status":"closed","ping_status":"closed","template":"","meta":[],"_links":{"self":[{"href":"https:\/\/ddessinparis.com\/2022\/wp-json\/wp\/v2\/pages\/7569"}],"collection":[{"href":"https:\/\/ddessinparis.com\/2022\/wp-json\/wp\/v2\/pages"}],"about":[{"href":"https:\/\/ddessinparis.com\/2022\/wp-json\/wp\/v2\/types\/page"}],"author":[{"embeddable":true,"href":"https:\/\/ddessinparis.com\/2022\/wp-json\/wp\/v2\/users\/1"}],"replies":[{"embeddable":true,"href":"https:\/\/ddessinparis.com\/2022\/wp-json\/wp\/v2\/comments?post=7569"}],"version-history":[{"count":18,"href":"https:\/\/ddessinparis.com\/2022\/wp-json\/wp\/v2\/pages\/7569\/revisions"}],"predecessor-version":[{"id":7609,"href":"https:\/\/ddessinparis.com\/2022\/wp-json\/wp\/v2\/pages\/7569\/revisions\/7609"}],"wp:attachment":[{"href":"https:\/\/ddessinparis.com\/2022\/wp-json\/wp\/v2\/media?parent=7569"}],"curies":[{"name":"wp","href":"https:\/\/api.w.org\/{rel}","templated":true}]}}