{"id":5725,"date":"2018-02-07T18:21:05","date_gmt":"2018-02-07T18:21:05","guid":{"rendered":"http:\/\/www.ddessinparis.fr\/2018\/?page_id=5725"},"modified":"2023-03-16T14:20:36","modified_gmt":"2023-03-16T14:20:36","slug":"solo-show","status":"publish","type":"page","link":"https:\/\/ddessinparis.com\/2023\/solo-show\/","title":{"rendered":"SOLO SHOW"},"content":{"rendered":"\n<style type=\"text\/css\" data-created_by=\"avia_inline_auto\" id=\"style-css-av-13v95al-6cae6968fafdbb2e43ef9ada76395c5d\">\n.avia-section.av-13v95al-6cae6968fafdbb2e43ef9ada76395c5d{\nbackground-color:#ffffff;\nbackground-repeat:no-repeat;\nbackground-image:url(https:\/\/ddessinparis.com\/2023\/wp-content\/uploads\/2023\/03\/MarajoMiguel-DAbordVenusDAilleurs-fusain146x120-2022bd-1001x630.jpg);\nbackground-position:50% 50%;\nbackground-attachment:scroll;\n}\n<\/style>\n<div id='av_section_1'  class='avia-section av-13v95al-6cae6968fafdbb2e43ef9ada76395c5d header_color avia-section-default avia-no-shadow  avia-builder-el-0  el_before_av_section  avia-builder-el-first  avia-full-stretch avia-bg-style-scroll  container_wrap sidebar_right'  data-section-bg-repeat='stretch'><div class='container av-section-cont-open' ><main  role=\"main\" itemprop=\"mainContentOfPage\"  class='template-page content  av-content-small alpha units'><div class='post-entry post-entry-type-page post-entry-5725'><div class='entry-content-wrapper clearfix'>\n\n<style type=\"text\/css\" data-created_by=\"avia_inline_auto\" id=\"style-css-av-12ddmrh-da5b47f3e22c300546554dfd86161483\">\n.flex_column.av-12ddmrh-da5b47f3e22c300546554dfd86161483{\nborder-radius:0px 0px 0px 0px;\n-webkit-border-radius:0px 0px 0px 0px;\n-moz-border-radius:0px 0px 0px 0px;\n}\n<\/style>\n<div class='flex_column av-12ddmrh-da5b47f3e22c300546554dfd86161483 av_one_fifth  avia-builder-el-1  el_before_av_three_fifth  avia-builder-el-first  first flex_column_div av-zero-column-padding '   ><\/div>\n<style type=\"text\/css\" data-created_by=\"avia_inline_auto\" id=\"style-css-av-11bxgt9-7806deda333583d48d411b4d9781a622\">\n.flex_column.av-11bxgt9-7806deda333583d48d411b4d9781a622{\nborder-width:31px;\nborder-color:#ffffff;\nborder-style:solid;\nborder-radius:0px 0px 0px 0px;\n-webkit-border-radius:0px 0px 0px 0px;\n-moz-border-radius:0px 0px 0px 0px;\nbackground-color:#ffffff;\n}\n<\/style>\n<div class='flex_column av-11bxgt9-7806deda333583d48d411b4d9781a622 av_three_fifth  avia-builder-el-2  el_after_av_one_fifth  el_before_av_one_fifth  flex_column_div av-zero-column-padding '   ><section class=\"av_textblock_section \"  itemscope=\"itemscope\" itemtype=\"https:\/\/schema.org\/CreativeWork\" ><div class='avia_textblock  av_inherit_color '  style='color:#000000; '  itemprop=\"text\" ><h3 style=\"text-align: left;\"><span style=\"color: #00ccff;\"><span style=\"color: #000000;\">SOLO SHOW<\/span><br \/>\n<\/span><\/h3>\n<p><strong><span class=\"x_elementToProof\"><span class=\"x_ContentPasted0 x_elementToProof ContentPasted0\"><span style=\"font-family: calibri, arial, helvetica, sans-serif;\">Miguel Marajo<\/span><\/span><\/span><\/strong><\/p>\n<p>Faire le r\u00e9cit du cheveu cr\u00e9pu c\u2019est raconter toute une histoire de la violence. L\u2019am\u00e9nagement occidental de l\u2019espace noir et carib\u00e9en a toujours d\u00e9li\u00e9, tranch\u00e9 et liss\u00e9 tout ce qui emm\u00eale, complique, d\u00e9multiplie, diffracte : grands s\u00e9quoias qui m\u00ealent, foug\u00e8res, ficus, friches\u2026<\/p>\n<p>Le cr\u00e2ne est un champ de bataille. C\u2019est probablement ce que l\u2019artiste plasticien Miguel Marajo tente de toucher depuis plusieurs ann\u00e9es d\u00e9j\u00e0 : la dimension politique du cr\u00e2ne, de tout \u00e9l\u00e9ment cr\u00e9pu qu\u2019il soit v\u00e9g\u00e9tal, min\u00e9ral, organique\u2026<\/p>\n<p>Mais les \u00e9l\u00e9ments se lib\u00e8rent toujours dans l\u2019\u0153uvre de Marajo comme s\u2019ils rejoignaient les \u00e9tendues du monde. Dans\u00a0<em>Entrelacs Ella\u00a0<\/em>(2022), une bourrasque prend tout l\u2019espace et les vents deviennent des nattes qui s\u2019\u00e9mancipent. Dans\u00a0<em>D\u2019abord venue d\u2019ailleurs\u00a0<\/em>(2022), les motifs d\u00e9coratifs se m\u00ealent \u00e0 une V\u00e9nus ou \u00e0 une\u00a0<em>Manman Dlo<\/em>\u00a0qui est l\u2019esprit des profonds, la mer des Antilles qui d\u00e9cha\u00eene les lignes lisses o\u00f9 l\u2019on nous enferme.<\/p>\n<p>Apr\u00e8s notre contact avec l\u2019\u0153uvre de Marajo, nous ressortons convaincus de la magnificence de nos esth\u00e9tiques noires et imp\u00e9n\u00e9trables\u2026<\/p>\n<p>Chris Cyrille<br \/>\n<em>Critique d&#8217;art, curateur et chercheur\u00a0\u00a0<\/em><\/p>\n<p style=\"text-align: justify;\"><span style=\"color: #00ccff;\">\u00a0<\/span><\/p>\n<\/div><\/section><\/div>\n<style type=\"text\/css\" data-created_by=\"avia_inline_auto\" id=\"style-css-av-yq6jwd-8b7142a90ec02c0a6c9ad4c0fba49ce7\">\n.flex_column.av-yq6jwd-8b7142a90ec02c0a6c9ad4c0fba49ce7{\nborder-radius:0px 0px 0px 0px;\n-webkit-border-radius:0px 0px 0px 0px;\n-moz-border-radius:0px 0px 0px 0px;\n}\n<\/style>\n<div class='flex_column av-yq6jwd-8b7142a90ec02c0a6c9ad4c0fba49ce7 av_one_fifth  avia-builder-el-4  el_after_av_three_fifth  avia-builder-el-last  flex_column_div av-zero-column-padding '   ><\/div>\n\n<\/div><\/div><\/main><!-- close content main element --><\/div><\/div><div id='av_section_2'  class='avia-section av-x2c9vx-6f4ed3ab83c7e8157e2cda9d11bf2429 header_color avia-section-default avia-no-shadow  avia-builder-el-5  el_after_av_section  avia-builder-el-last  avia-bg-style-scroll  container_wrap sidebar_right'  ><div class='container av-section-cont-open' ><div class='template-page content  av-content-small alpha units'><div class='post-entry post-entry-type-page post-entry-5725'><div class='entry-content-wrapper clearfix'>\n<div class='flex_column_table av-us90zx-5f665d0ffd5ea71a5e8891e5bfdf347c sc-av_one_half av-equal-height-column-flextable'>\n<style type=\"text\/css\" data-created_by=\"avia_inline_auto\" id=\"style-css-av-us90zx-5f665d0ffd5ea71a5e8891e5bfdf347c\">\n.flex_column.av-us90zx-5f665d0ffd5ea71a5e8891e5bfdf347c{\nborder-radius:0px 0px 0px 0px;\n-webkit-border-radius:0px 0px 0px 0px;\n-moz-border-radius:0px 0px 0px 0px;\n}\n<\/style>\n<div class='flex_column av-us90zx-5f665d0ffd5ea71a5e8891e5bfdf347c av_one_half  avia-builder-el-6  el_before_av_one_half  avia-builder-el-first  first flex_column_table_cell av-equal-height-column av-align-top av-zero-column-padding '   ><p><div   data-size='large'  data-lightbox_size='large'  data-animation='fade'  data-conditional_play=''  data-ids='8088,8087'  data-video_counter='0'  data-autoplay='false'  data-bg_slider='false'  data-slide_height=''  data-handle='av_slideshow'  data-interval='6'  data-class=' avia-builder-el-7  el_before_av_hr  avia-builder-el-first  '  data-el_id=''  data-css_id=''  data-scroll_down=''  data-control_layout='av-control-default'  data-custom_markup=''  data-perma_caption=''  data-autoplay_stopper=''  data-image_attachment=''  data-min_height='0px'  data-lazy_loading='disabled'  data-img_scrset=''  class='avia-slideshow avia-slideshow-1  av-control-default av-default-height-applied avia-slideshow-large av_slideshow  avia-builder-el-7  el_before_av_hr  avia-builder-el-first   avia-fade-slider '  itemprop=\"image\" itemscope=\"itemscope\" itemtype=\"https:\/\/schema.org\/ImageObject\" ><ul class='avia-slideshow-inner ' style='padding-bottom: 83.516483516484%;' ><li  class=' slide-1 ' ><div data-rel='slideshow-1' class='avia-slide-wrap '   ><div class=\"avia-caption av-slideshow-caption\"><div class=\"avia-inner-caption\"><h2  class='avia-caption-title  '  itemprop=\"name\" >Miguel Marajo, D\u2019abord venus d\u2019ailleurs, 2022, Fusain sur papier Arches, 146 x 120, Courtesy Miguel Marajo et DDESSINPARIS<\/h2><\/div><\/div><img decoding=\"async\" class=\"wp-image-8088 avia-img-lazy-loading-not-8088\"  src=\"https:\/\/ddessinparis.com\/2023\/wp-content\/uploads\/2023\/03\/MarajoMiguel-DAbordVenusDAilleurs-fusain146x120-2022bd.jpg\" width=\"1001\" height=\"836\" title='MarajoMiguel-DAbordVenusDAilleurs-fusain146x120-2022bd' alt=''  itemprop=\"thumbnailUrl\" srcset=\"https:\/\/ddessinparis.com\/2023\/wp-content\/uploads\/2023\/03\/MarajoMiguel-DAbordVenusDAilleurs-fusain146x120-2022bd.jpg 1001w, https:\/\/ddessinparis.com\/2023\/wp-content\/uploads\/2023\/03\/MarajoMiguel-DAbordVenusDAilleurs-fusain146x120-2022bd-300x251.jpg 300w, https:\/\/ddessinparis.com\/2023\/wp-content\/uploads\/2023\/03\/MarajoMiguel-DAbordVenusDAilleurs-fusain146x120-2022bd-768x641.jpg 768w, https:\/\/ddessinparis.com\/2023\/wp-content\/uploads\/2023\/03\/MarajoMiguel-DAbordVenusDAilleurs-fusain146x120-2022bd-705x589.jpg 705w\" sizes=\"(max-width: 1001px) 100vw, 1001px\" \/><\/div><\/li><li  class=' slide-2 ' ><div data-rel='slideshow-1' class='avia-slide-wrap '   ><div class=\"avia-caption av-slideshow-caption\"><div class=\"avia-inner-caption\"><h2  class='avia-caption-title  '  itemprop=\"name\" >Miguel Marajo, Entrelacs Ella, 2022, Fusain sur papier Arches, 120 x 148 cm, Courtesy Miguel Marajo et DDESSINPARIS<\/h2><\/div><\/div><img decoding=\"async\" class=\"wp-image-8087 avia-img-lazy-loading-not-8087\"  src=\"https:\/\/ddessinparis.com\/2023\/wp-content\/uploads\/2023\/03\/MarajoMiguel-EntrelacsElla-Fusain120x148cm-2022bd-834x1030.jpg\" width=\"834\" height=\"1030\" title='MarajoMiguel-EntrelacsElla-Fusain120x148cm-2022bd' alt=''  itemprop=\"thumbnailUrl\" srcset=\"https:\/\/ddessinparis.com\/2023\/wp-content\/uploads\/2023\/03\/MarajoMiguel-EntrelacsElla-Fusain120x148cm-2022bd-834x1030.jpg 834w, https:\/\/ddessinparis.com\/2023\/wp-content\/uploads\/2023\/03\/MarajoMiguel-EntrelacsElla-Fusain120x148cm-2022bd-243x300.jpg 243w, https:\/\/ddessinparis.com\/2023\/wp-content\/uploads\/2023\/03\/MarajoMiguel-EntrelacsElla-Fusain120x148cm-2022bd-768x948.jpg 768w, https:\/\/ddessinparis.com\/2023\/wp-content\/uploads\/2023\/03\/MarajoMiguel-EntrelacsElla-Fusain120x148cm-2022bd-1244x1536.jpg 1244w, https:\/\/ddessinparis.com\/2023\/wp-content\/uploads\/2023\/03\/MarajoMiguel-EntrelacsElla-Fusain120x148cm-2022bd-1659x2048.jpg 1659w, https:\/\/ddessinparis.com\/2023\/wp-content\/uploads\/2023\/03\/MarajoMiguel-EntrelacsElla-Fusain120x148cm-2022bd-1215x1500.jpg 1215w, https:\/\/ddessinparis.com\/2023\/wp-content\/uploads\/2023\/03\/MarajoMiguel-EntrelacsElla-Fusain120x148cm-2022bd-571x705.jpg 571w, https:\/\/ddessinparis.com\/2023\/wp-content\/uploads\/2023\/03\/MarajoMiguel-EntrelacsElla-Fusain120x148cm-2022bd.jpg 2025w\" sizes=\"(max-width: 834px) 100vw, 834px\" \/><\/div><\/li><\/ul><div class='avia-slideshow-arrows avia-slideshow-controls' ><a href='#prev' class='prev-slide ' aria-hidden='true' data-av_icon='\ue87c' data-av_iconfont='entypo-fontello'  tabindex='-1'>Pr\u00e9c\u00e9dent<\/a><a href='#next' class='next-slide ' aria-hidden='true' data-av_icon='\ue87d' data-av_iconfont='entypo-fontello'  tabindex='-1'>Suivant<\/a><\/div><div class='avia-slideshow-dots avia-slideshow-controls'><a href='#1' class='goto-slide active' >1<\/a><a href='#2' class='goto-slide ' >2<\/a><\/div><\/div><br \/>\n\n<style type=\"text\/css\" data-created_by=\"avia_inline_auto\" id=\"style-css-av-ploul9-4c32227176234532e73b8854d99699ad\">\n#top .hr.hr-invisible.av-ploul9-4c32227176234532e73b8854d99699ad{\nheight:20px;\n}\n<\/style>\n<div  class='hr av-ploul9-4c32227176234532e73b8854d99699ad hr-invisible  avia-builder-el-8  el_after_av_slideshow  avia-builder-el-last  '><span class='hr-inner '><span class=\"hr-inner-style\"><\/span><\/span><\/div><\/p><\/div><div class='av-flex-placeholder'><\/div>\n<style type=\"text\/css\" data-created_by=\"avia_inline_auto\" id=\"style-css-av-f2evdp-5da290e51a71bd322abdc517dadf0f36\">\n.flex_column.av-f2evdp-5da290e51a71bd322abdc517dadf0f36{\nborder-radius:0px 0px 0px 0px;\n-webkit-border-radius:0px 0px 0px 0px;\n-moz-border-radius:0px 0px 0px 0px;\n}\n<\/style>\n<div class='flex_column av-f2evdp-5da290e51a71bd322abdc517dadf0f36 av_one_half  avia-builder-el-9  el_after_av_one_half  avia-builder-el-last  flex_column_table_cell av-equal-height-column av-align-top av-zero-column-padding '   ><section class=\"av_textblock_section \"  itemscope=\"itemscope\" itemtype=\"https:\/\/schema.org\/CreativeWork\" ><div class='avia_textblock  av_inherit_color '  style='color:#ffffff; '  itemprop=\"text\" ><div class=\"page\" title=\"Page 2\">\n<div class=\"section\">\n<div class=\"layoutArea\">\n<div>N\u00e9 au Havre, c\u2019est \u00e0 la Martinique que Miguel Marajo a v\u00e9cu la plus grande partie de son enfance et qu\u2019il a commenc\u00e9 sa vie d\u2019artiste.<\/div>\n<p>Fr\u00e9quentant le milieu intellectuel carib\u00e9en et sa diversit\u00e9, il compose avec toutes les cultures qui l\u2019habitent.<\/p>\n<p>Son \u0153uvre est de l\u2019ordre du paradoxe. C\u2019est pourquoi ses cr\u00e9ations sont toujours en mouvement ; elles mettent en jeu les flottements et les frictions, l\u2019id\u00e9e d\u2019une articulation mobile, d\u2019un jeu sensuel avec la couleur et les formes qui traduisent que, envers et contre tout ce qui pourrait limiter nos identit\u00e9s, il y a la pr\u00e9sence d\u2019une vie anonyme et sous-jacente en chacun de nous, d\u2019une vie qui bouge dans les profondeurs et qui se manifeste.<\/p>\n<p>Miguel Marajo vit et travaille en France.<\/p>\n<\/div>\n<\/div>\n<\/div>\n<\/div><\/section><\/div><\/div><!--close column table wrapper. Autoclose: 1 --><\/div><\/div><\/div><!-- close content main div --><\/div><\/div><div id='after_section_2'  class='main_color av_default_container_wrap container_wrap sidebar_right'  ><div class='container av-section-cont-open' ><div class='template-page content  av-content-small alpha units'><div class='post-entry post-entry-type-page post-entry-5725'><div class='entry-content-wrapper clearfix'>\n","protected":false},"excerpt":{"rendered":"","protected":false},"author":1,"featured_media":0,"parent":0,"menu_order":0,"comment_status":"closed","ping_status":"closed","template":"","meta":{"footnotes":""},"_links":{"self":[{"href":"https:\/\/ddessinparis.com\/2023\/wp-json\/wp\/v2\/pages\/5725"}],"collection":[{"href":"https:\/\/ddessinparis.com\/2023\/wp-json\/wp\/v2\/pages"}],"about":[{"href":"https:\/\/ddessinparis.com\/2023\/wp-json\/wp\/v2\/types\/page"}],"author":[{"embeddable":true,"href":"https:\/\/ddessinparis.com\/2023\/wp-json\/wp\/v2\/users\/1"}],"replies":[{"embeddable":true,"href":"https:\/\/ddessinparis.com\/2023\/wp-json\/wp\/v2\/comments?post=5725"}],"version-history":[{"count":84,"href":"https:\/\/ddessinparis.com\/2023\/wp-json\/wp\/v2\/pages\/5725\/revisions"}],"predecessor-version":[{"id":8098,"href":"https:\/\/ddessinparis.com\/2023\/wp-json\/wp\/v2\/pages\/5725\/revisions\/8098"}],"wp:attachment":[{"href":"https:\/\/ddessinparis.com\/2023\/wp-json\/wp\/v2\/media?parent=5725"}],"curies":[{"name":"wp","href":"https:\/\/api.w.org\/{rel}","templated":true}]}}