{"id":6387,"date":"2019-12-08T21:53:33","date_gmt":"2019-12-08T21:53:33","guid":{"rendered":"http:\/\/ddessinparis.fr\/2020\/?page_id=6387\/"},"modified":"2023-04-05T12:03:08","modified_gmt":"2023-04-05T12:03:08","slug":"candidatures-galeries-et-institutions","status":"publish","type":"page","link":"https:\/\/ddessinparis.com\/2023\/candidatures-galeries-et-institutions\/","title":{"rendered":"CANDIDATURES GALERIES ET INSTITUTIONS"},"content":{"rendered":"<div id='av_section_1'  class='avia-section av-bkdf4j-d5dc1383f67725c5d46e3413b825be91 main_color avia-section-default avia-no-shadow  avia-builder-el-0  avia-builder-el-no-sibling  avia-bg-style-scroll  container_wrap sidebar_right'  ><div class='container av-section-cont-open' ><main  role=\"main\" itemprop=\"mainContentOfPage\"  class='template-page content  av-content-small alpha units'><div class='post-entry post-entry-type-page post-entry-6387'><div class='entry-content-wrapper clearfix'>\n\n<style type=\"text\/css\" data-created_by=\"avia_inline_auto\" id=\"style-css-av-97ad2b-8ad6825b3edb732cd5d47ce612d31936\">\n.flex_column.av-97ad2b-8ad6825b3edb732cd5d47ce612d31936{\nborder-radius:0px 0px 0px 0px;\n-webkit-border-radius:0px 0px 0px 0px;\n-moz-border-radius:0px 0px 0px 0px;\n}\n<\/style>\n<div class='flex_column av-97ad2b-8ad6825b3edb732cd5d47ce612d31936 av_one_fifth  avia-builder-el-1  el_before_av_three_fifth  avia-builder-el-first  first flex_column_div av-zero-column-padding '   ><\/div>\n<style type=\"text\/css\" data-created_by=\"avia_inline_auto\" id=\"style-css-av-6ssiar-96ee155a080f023e84cff9090fbfd841\">\n.flex_column.av-6ssiar-96ee155a080f023e84cff9090fbfd841{\nborder-radius:0px 0px 0px 0px;\n-webkit-border-radius:0px 0px 0px 0px;\n-moz-border-radius:0px 0px 0px 0px;\n}\n<\/style>\n<div class='flex_column av-6ssiar-96ee155a080f023e84cff9090fbfd841 av_three_fifth  avia-builder-el-2  el_after_av_one_fifth  el_before_av_one_fifth  flex_column_div av-zero-column-padding '   ><section class=\"av_textblock_section \"  itemscope=\"itemscope\" itemtype=\"https:\/\/schema.org\/CreativeWork\" ><div class='avia_textblock  '   itemprop=\"text\" ><h3 style=\"text-align: center;\">Vous souhaitez candidater \u00e0 la 12\u00e8me \u00e9dition de DDESSINPARIS, DDESSIN {24} :<\/h3>\n<p style=\"text-align: center;\"><span style=\"font-size: 12pt;\">Merci de demander un dossier de candidature via le formulaire <strong>ci-dessous<\/strong><\/span><strong><span style=\"font-size: 12pt;\">.<br \/>\n<\/span><\/strong>Chaque candidature fera l\u2019objet d\u2019une r\u00e9ponse individuelle et d\u2019un suivi particulier.<\/p>\n<\/div><\/section><br \/>\n<\/p><\/div>\n<style type=\"text\/css\" data-created_by=\"avia_inline_auto\" id=\"style-css-av-3083k3-5eac02dcf4a4057172662eafc26cc3c4\">\n.flex_column.av-3083k3-5eac02dcf4a4057172662eafc26cc3c4{\nborder-radius:0px 0px 0px 0px;\n-webkit-border-radius:0px 0px 0px 0px;\n-moz-border-radius:0px 0px 0px 0px;\n}\n<\/style>\n<div class='flex_column av-3083k3-5eac02dcf4a4057172662eafc26cc3c4 av_one_fifth  avia-builder-el-5  el_after_av_three_fifth  avia-builder-el-last  flex_column_div av-zero-column-padding '   ><\/div><\/div><\/div><\/main><!-- close content main element --><\/div><\/div><div id='after_section_1'  class='main_color av_default_container_wrap container_wrap sidebar_right'  ><div class='container av-section-cont-open' ><div class='template-page content  av-content-small alpha units'><div class='post-entry post-entry-type-page post-entry-6387'><div class='entry-content-wrapper clearfix'>\n","protected":false},"excerpt":{"rendered":"","protected":false},"author":1,"featured_media":0,"parent":0,"menu_order":0,"comment_status":"closed","ping_status":"closed","template":"","meta":{"footnotes":""},"_links":{"self":[{"href":"https:\/\/ddessinparis.com\/2023\/wp-json\/wp\/v2\/pages\/6387"}],"collection":[{"href":"https:\/\/ddessinparis.com\/2023\/wp-json\/wp\/v2\/pages"}],"about":[{"href":"https:\/\/ddessinparis.com\/2023\/wp-json\/wp\/v2\/types\/page"}],"author":[{"embeddable":true,"href":"https:\/\/ddessinparis.com\/2023\/wp-json\/wp\/v2\/users\/1"}],"replies":[{"embeddable":true,"href":"https:\/\/ddessinparis.com\/2023\/wp-json\/wp\/v2\/comments?post=6387"}],"version-history":[{"count":6,"href":"https:\/\/ddessinparis.com\/2023\/wp-json\/wp\/v2\/pages\/6387\/revisions"}],"predecessor-version":[{"id":8142,"href":"https:\/\/ddessinparis.com\/2023\/wp-json\/wp\/v2\/pages\/6387\/revisions\/8142"}],"wp:attachment":[{"href":"https:\/\/ddessinparis.com\/2023\/wp-json\/wp\/v2\/media?parent=6387"}],"curies":[{"name":"wp","href":"https:\/\/api.w.org\/{rel}","templated":true}]}}