{"id":7569,"date":"2022-05-20T17:48:16","date_gmt":"2022-05-20T17:48:16","guid":{"rendered":"https:\/\/ddessinparis.com\/?page_id=7569"},"modified":"2023-04-05T11:31:43","modified_gmt":"2023-04-05T11:31:43","slug":"laureat-du-prix-ddessin-2023","status":"publish","type":"page","link":"https:\/\/ddessinparis.com\/2023\/laureat-du-prix-ddessin-2023\/","title":{"rendered":"Laur\u00e9at du PRIX DDESSIN 2023"},"content":{"rendered":"<div id='full_slider_1'  class='avia-fullwidth-slider main_color avia-shadow   avia-builder-el-0  el_before_av_section  avia-builder-el-first   container_wrap sidebar_right'  ><div   data-size='no scaling'  data-lightbox_size='large'  data-animation='slide'  data-conditional_play=''  data-ids='7571'  data-video_counter='0'  data-autoplay='false'  data-bg_slider='false'  data-slide_height=''  data-handle='av_slideshow_full'  data-interval='5'  data-class=' '  data-el_id=''  data-css_id=''  data-scroll_down=''  data-control_layout='av-control-default'  data-custom_markup=''  data-perma_caption=''  data-autoplay_stopper=''  data-image_attachment=''  data-min_height='0px'  data-lazy_loading='disabled'  data-src=''  data-position='top left'  data-repeat='no-repeat'  data-attach='scroll'  data-stretch=''  data-img_scrset=''  class='avia-slideshow avia-slideshow-1  av-control-default avia-slideshow-no scaling av_slideshow_full   avia-slide-slider '  itemprop=\"image\" itemscope=\"itemscope\" itemtype=\"https:\/\/schema.org\/ImageObject\" ><ul class='avia-slideshow-inner '  ><li  data-controls='' data-mute='aviaTBaviaTBvideo_mute' data-loop='aviaTBaviaTBvideo_loop' data-disable-autoplay=''  data-mobile-img='https:\/\/ddessinparis.com\/2023\/wp-content\/uploads\/2023\/01\/FOND_IMAGE.png' data-fallback-link='https:\/\/' data-video-ratio='1.7777777777778' class=' av-video-slide  av-video-service-html5  av-mute-video av-loop-video av-mobile-fallback-image av-single-slide slide-1 ' ><div data-rel='slideshow-1' class='avia-slide-wrap ' style='background-image:url(\"https:\/\/ddessinparis.com\/2023\/wp-content\/uploads\/2023\/01\/FOND_IMAGE.png\");'  ><div class = \"caption_fullwidth av-slideshow-caption caption_bottom caption_bottom_framed caption_framed\"><div class = \"container caption_container\"><div class = \"slideshow_caption\"><div class = \"slideshow_inner_caption\"><div class = \"slideshow_align_caption\"><h2  class='avia-caption-title  '  itemprop=\"name\" >UGO ARSAC LAUR\u00c9AT DU PRIX DDESSIN{23}<\/h2><div class='avia-caption-content  '  itemprop=\"description\"  ><p>IN URBE<br \/>\nDate de cr\u00e9ation 2020<br \/>\nDimensions Vid\u00e9o 360 \u00b0 dur\u00e9e Libre<br \/>\nSupport R\u00e9alit\u00e9 virtuelle, ambisonique<br \/>\nTechniques utilis\u00e9es<br \/>\nScan 3d, d\u00e9veloppement interactif.<br \/>\nProduction :<br \/>\nLe Fresnoy &#8211; Studio national des arts contemporains<\/p>\n<\/div><\/div><\/div><\/div><\/div><\/div><div class='av-click-overlay'><\/div><video class='avia_video' poster=\"https:\/\/ddessinparis.com\/2023\/wp-content\/uploads\/2023\/01\/FOND_IMAGE.png\" autoplay loop preload=\"metadata\" muted controls id='player_7569_532363154_516101650'><source src=\"https:\/\/ddessinparis.com\/2023\/VIDEOS\/in_urbe_teaser_VR.mp4\" type=\"video\/mp4\" \/><\/video><\/div><\/li><\/ul><\/div><\/div>\n\n<style type=\"text\/css\" data-created_by=\"avia_inline_auto\" id=\"style-css-av-l23dvh-c83aa462f6fa79d2ee725814f4077047\">\n.avia-section.av-l23dvh-c83aa462f6fa79d2ee725814f4077047{\nbackground-color:#000000;\n}\n<\/style>\n<div id='av_section_1'  class='avia-section av-l23dvh-c83aa462f6fa79d2ee725814f4077047 header_color avia-section-default avia-no-shadow  avia-builder-el-1  el_after_av_slideshow_full  el_before_av_two_fifth  avia-bg-style-scroll  container_wrap sidebar_right'  ><div class='container av-section-cont-open' ><div class='template-page content  av-content-small alpha units'><div class='post-entry post-entry-type-page post-entry-7569'><div class='entry-content-wrapper clearfix'>\n\n<style type=\"text\/css\" data-created_by=\"avia_inline_auto\" id=\"style-css-av-iz7hel-80fe36481026fe7608064d535520dc64\">\n.flex_column.av-iz7hel-80fe36481026fe7608064d535520dc64{\nborder-radius:0px 0px 0px 0px;\n-webkit-border-radius:0px 0px 0px 0px;\n-moz-border-radius:0px 0px 0px 0px;\n}\n<\/style>\n<div class='flex_column av-iz7hel-80fe36481026fe7608064d535520dc64 av_three_fifth  avia-builder-el-2  el_before_av_two_fifth  avia-builder-el-first  first flex_column_div av-zero-column-padding '   ><p><section class=\"av_textblock_section \"  itemscope=\"itemscope\" itemtype=\"https:\/\/schema.org\/CreativeWork\" ><div class='avia_textblock  av_inherit_color '  style='color:#ffffff; '  itemprop=\"text\" ><p><strong>Ugo Arsac,<\/strong> repr\u00e9sent\u00e9 par la <strong>Galerie Robet Dantec<\/strong> &#8211; qui participe pour la troisi\u00e8me ann\u00e9e cons\u00e9cutive \u00e0 la manifestation &#8211; a \u00e9t\u00e9 d\u00e9sign\u00e9 <strong>laur\u00e9at du prix DDESSINPARIS \/ INSTITUT FRAN\u00c7AIS DE SAINT-LOUIS DU S\u00c9N\u00c9GAL \/ VILLA NDAR<\/strong>, le samedi 25 mars 2023.<\/p>\n<p><strong>Ugo Arsac<\/strong> aura ainsi l\u2019opportunit\u00e9 de partir travailler en <strong>r\u00e9sidence de cr\u00e9ation<\/strong>, pour une dur\u00e9e d\u2019un mois \u00e0 la<strong> Villa Saint-Louis Ndar.<\/strong><\/p>\n<p style=\"text-align: justify;\"><strong>Membres du jury 2023 : <\/strong><\/p>\n<p><strong>Thomas Schlesser, Pr\u00e9sident<\/strong>, historien de l\u2019art et directeur de la Fondation Hartung-Bergman &#8211; Antibes, <strong>Dominique Agostini<\/strong>, Collectionneur, membre de l\u2019Adiaf, <strong>Alnoor Mitha de Bharat<\/strong>, Designer, <strong>Olivier Brachat,<\/strong> Collectionneur, <strong>H\u00e9l\u00e8ne Ang\u00e9lina Medori,<\/strong> charg\u00e9e de d\u00e9veloppement culturel d\u2019Arte, <strong>Barbara Newman,<\/strong> M\u00e9c\u00e8ne et collectionneuse, <strong>Maria Xypolopoulou,<\/strong> Critique d\u2019art.<\/p>\n<p style=\"text-align: left;\"><a href=\"https:\/\/ddessinparis.com\/2023\/wp-content\/uploads\/2023\/04\/DDessin23_CPLAUREAT_042023.pdf\"><span style=\"color: #00ffff;\"><span style=\"color: #00ccff;\">T\u00c9L\u00c9CHARGEZ LE COMMUNIQU\u00c9 DE PRESSE<\/span><\/span><\/a><\/p>\n<\/div><\/section><br \/>\n<div   data-size='no scaling'  data-lightbox_size='large'  data-animation='slide'  data-conditional_play=''  data-ids='7768'  data-video_counter='0'  data-autoplay='true'  data-bg_slider='false'  data-slide_height=''  data-handle='av_slideshow'  data-interval='5'  data-class=' avia-builder-el-4  el_after_av_textblock  avia-builder-el-last  '  data-el_id=''  data-css_id=''  data-scroll_down=''  data-control_layout='av-control-default'  data-custom_markup=''  data-perma_caption=''  data-autoplay_stopper=''  data-image_attachment=''  data-min_height='0px'  data-lazy_loading='disabled'  data-img_scrset=''  class='avia-slideshow avia-slideshow-2  av-control-default av-default-height-applied avia-slideshow-no scaling av_slideshow  avia-builder-el-4  el_after_av_textblock  avia-builder-el-last   avia-slide-slider '  itemprop=\"image\" itemscope=\"itemscope\" itemtype=\"https:\/\/schema.org\/ImageObject\" ><ul class='avia-slideshow-inner ' style='padding-bottom: 42.216216216216%;' ><li  class=' av-single-slide slide-1 ' ><div data-rel='slideshow-2' class='avia-slide-wrap '   ><img decoding=\"async\" class=\"wp-image-7768 avia-img-lazy-loading-not-7768\"  src=\"https:\/\/ddessinparis.com\/2023\/wp-content\/uploads\/2023\/01\/FOND_IMAGE.png\" width=\"1850\" height=\"781\" title='FOND_IMAGE' alt=''  itemprop=\"thumbnailUrl\" srcset=\"https:\/\/ddessinparis.com\/2023\/wp-content\/uploads\/2023\/01\/FOND_IMAGE.png 1850w, https:\/\/ddessinparis.com\/2023\/wp-content\/uploads\/2023\/01\/FOND_IMAGE-300x127.png 300w, https:\/\/ddessinparis.com\/2023\/wp-content\/uploads\/2023\/01\/FOND_IMAGE-1030x435.png 1030w, https:\/\/ddessinparis.com\/2023\/wp-content\/uploads\/2023\/01\/FOND_IMAGE-768x324.png 768w, https:\/\/ddessinparis.com\/2023\/wp-content\/uploads\/2023\/01\/FOND_IMAGE-1536x648.png 1536w, https:\/\/ddessinparis.com\/2023\/wp-content\/uploads\/2023\/01\/FOND_IMAGE-1500x633.png 1500w, https:\/\/ddessinparis.com\/2023\/wp-content\/uploads\/2023\/01\/FOND_IMAGE-705x298.png 705w\" sizes=\"(max-width: 1850px) 100vw, 1850px\" \/><\/div><\/li><\/ul><\/div><\/p><\/div>\n<style type=\"text\/css\" data-created_by=\"avia_inline_auto\" id=\"style-css-av-cshfpp-c0f96a1cb5a45f7ac59176c39c621f50\">\n.flex_column.av-cshfpp-c0f96a1cb5a45f7ac59176c39c621f50{\nborder-radius:0px 0px 0px 0px;\n-webkit-border-radius:0px 0px 0px 0px;\n-moz-border-radius:0px 0px 0px 0px;\n}\n<\/style>\n<div class='flex_column av-cshfpp-c0f96a1cb5a45f7ac59176c39c621f50 av_two_fifth  avia-builder-el-5  el_after_av_three_fifth  avia-builder-el-last  flex_column_div av-zero-column-padding '   ><section class=\"av_textblock_section \"  itemscope=\"itemscope\" itemtype=\"https:\/\/schema.org\/CreativeWork\" ><div class='avia_textblock  av_inherit_color '  style='color:#ffffff; '  itemprop=\"text\" ><p>Le travail de l\u2019artiste \u00e9tait pr\u00e9sent\u00e9 dans le cadre de la Black Box cr\u00e9\u00e9e en 2013 (premi\u00e8re \u00e9dition) par Eve de Medeiros, afin de proposer les nouvelles formes du dessin, et de montrer que les artistes repoussent sans cesse les fronti\u00e8res de ce m\u00e9dium fondateur. Le dessin sort depuis 10 ans de la feuille et s\u2019anime pour venir nous surprendre sur \u00e9cran. A travers la vid\u00e9o, qui offre aux artistes un terrain d\u2019exp\u00e9rimentation riche et r\u00e9solument contemporain, cette Black Box offre aux visiteurs de DDESSINPARIS l\u2019exp\u00e9rience immersive du dessin en mouvement.<\/p>\n<p>Pour son installation IN URBE, l\u2019artiste Ugo Arsac s\u2019est int\u00e9ress\u00e9 aux souterrains des villes. Sous nos pieds se cache en effet un vrai labyrinthe, tout un monde que l\u2019on ne devine pas \u00e0 la surface, compos\u00e9 de r\u00e9seaux d\u2019\u00e9gouts, de lignes de m\u00e9tro, de cryptes et de circuits \u00e9lectriques. Comme un explorateur, il a parcouru les souterrains de Paris pendant des jours, et a scann\u00e9 les espaces qu\u2019il a visit\u00e9s pour en cr\u00e9er une carte en 3D, un puzzle de diff\u00e9rents endroits. Le visiteur est invit\u00e9 \u00e0 explorer ces espaces inaccessibles et \u00e0 s\u2019immerger dans ce dessin virtuel \u00e0 l\u2019aide d\u2019un casque VR.<\/p>\n<p>La cr\u00e9ation sonore a \u00e9t\u00e9 con\u00e7ue \u00e0 l\u2019aide de mat\u00e9riel directement collect\u00e9 en souterrain gr\u00e2ce \u00e0 de petits micros exp\u00e9rimentaux. \u00c9lectromagn\u00e9tisme d\u2019une gaine, informations sonores d\u2019une source lumineuse, ou encore vibrations recueillies dans les murs ou le sol.<\/p>\n<\/div><\/section><\/div>\n<\/div><\/div><\/div><!-- close content main div --><\/div><\/div><div id='after_section_1'  class='main_color av_default_container_wrap container_wrap sidebar_right'  ><div class='container av-section-cont-open' ><div class='template-page content  av-content-small alpha units'><div class='post-entry post-entry-type-page post-entry-7569'><div class='entry-content-wrapper clearfix'>\n\n<style type=\"text\/css\" data-created_by=\"avia_inline_auto\" id=\"style-css-av-g5cuy5-44704bfcec6fc5de5cd729deabe57054\">\n.flex_column.av-g5cuy5-44704bfcec6fc5de5cd729deabe57054{\nborder-radius:0px 0px 0px 0px;\n-webkit-border-radius:0px 0px 0px 0px;\n-moz-border-radius:0px 0px 0px 0px;\n}\n<\/style>\n<div class='flex_column av-g5cuy5-44704bfcec6fc5de5cd729deabe57054 av_two_fifth  avia-builder-el-7  el_after_av_section  el_before_av_three_fifth  avia-builder-el-first  first flex_column_div av-zero-column-padding '   ><p>\n<style type=\"text\/css\" data-created_by=\"avia_inline_auto\" id=\"style-css-av-l3fm394c-b0ba7c6512f30c8d893e979fd2742350\">\n.avia-image-container.av-l3fm394c-b0ba7c6512f30c8d893e979fd2742350 .av-image-caption-overlay-center{\ncolor:#ffffff;\n}\n<\/style>\n<div  class='avia-image-container av-l3fm394c-b0ba7c6512f30c8d893e979fd2742350 av-styling- avia-align-left  avia-builder-el-8  el_before_av_textblock  avia-builder-el-first  '  itemprop=\"image\" itemscope=\"itemscope\" itemtype=\"https:\/\/schema.org\/ImageObject\" ><div class=\"avia-image-container-inner\"><div class=\"avia-image-overlay-wrap\"><img decoding=\"async\" class='wp-image-8123 avia-img-lazy-loading-not-8123 avia_image' src=\"https:\/\/ddessinparis.com\/2023\/wp-content\/uploads\/2023\/04\/UGOARSAC-300x295.jpeg\" alt='' title='UGOARSAC'  height=\"295\" width=\"300\"  itemprop=\"thumbnailUrl\" srcset=\"https:\/\/ddessinparis.com\/2023\/wp-content\/uploads\/2023\/04\/UGOARSAC-300x295.jpeg 300w, https:\/\/ddessinparis.com\/2023\/wp-content\/uploads\/2023\/04\/UGOARSAC-1030x1014.jpeg 1030w, https:\/\/ddessinparis.com\/2023\/wp-content\/uploads\/2023\/04\/UGOARSAC-80x80.jpeg 80w, https:\/\/ddessinparis.com\/2023\/wp-content\/uploads\/2023\/04\/UGOARSAC-768x756.jpeg 768w, https:\/\/ddessinparis.com\/2023\/wp-content\/uploads\/2023\/04\/UGOARSAC-36x36.jpeg 36w, https:\/\/ddessinparis.com\/2023\/wp-content\/uploads\/2023\/04\/UGOARSAC-705x694.jpeg 705w, https:\/\/ddessinparis.com\/2023\/wp-content\/uploads\/2023\/04\/UGOARSAC.jpeg 1170w\" sizes=\"(max-width: 300px) 100vw, 300px\" \/><\/div><\/div><\/div><br \/>\n<section class=\"av_textblock_section \"  itemscope=\"itemscope\" itemtype=\"https:\/\/schema.org\/CreativeWork\" ><div class='avia_textblock  av_inherit_color '  style='color:#000000; '  itemprop=\"text\" ><p>Ugo Arsac<\/p>\n<\/div><\/section><\/p><\/div>\n\n<style type=\"text\/css\" data-created_by=\"avia_inline_auto\" id=\"style-css-av-3kpfoh-5e4ade02237f8b985000f20a03fa0ca6\">\n.flex_column.av-3kpfoh-5e4ade02237f8b985000f20a03fa0ca6{\nborder-radius:0px 0px 0px 0px;\n-webkit-border-radius:0px 0px 0px 0px;\n-moz-border-radius:0px 0px 0px 0px;\n}\n<\/style>\n<div class='flex_column av-3kpfoh-5e4ade02237f8b985000f20a03fa0ca6 av_three_fifth  avia-builder-el-10  el_after_av_two_fifth  avia-builder-el-last  flex_column_div av-zero-column-padding '   ><section class=\"av_textblock_section \"  itemscope=\"itemscope\" itemtype=\"https:\/\/schema.org\/CreativeWork\" ><div class='avia_textblock  av_inherit_color '  style='color:#000000; '  itemprop=\"text\" ><h3 style=\"text-align: justify;\"><strong>Ugo Arsac<br \/>\n<\/strong><\/h3>\n<p><strong>Ugo Arsac<\/strong> est un artiste digital et plasticien. L\u2019artiste vit et travaille \u00e0 Marseille. Il a \u00e9tudi\u00e9 aux Beaux-Arts et aux Arts D\u00e9coratifs de Paris puis au Fresnoy. En associant urbain et humain, mythologie et anthropologie, il produit des films, des installations, des exp\u00e9riences immersives ainsi que des \u0153uvres graphiques. Il remporte le Prix \u00c9mergences (Scam) et le Prix des Amis du Fresnoy. Il a r\u00e9cemment \u00e9t\u00e9 expos\u00e9 \u00e0 l\u2019occasion de la Biennale Chroniques, Ososph\u00e8re, et pour la deuxi\u00e8me fois cons\u00e9cutive \u00e0 DDESSINPARIS Paris avec la Galerie Robet Dantec de Belfort.<\/p>\n<p>IN URBE, sa derni\u00e8re cr\u00e9ation, vient d\u2019\u00eatre acquise dans la collection de l\u2019Espace Multim\u00e9dia Gantner. Courant 2023 il sera notamment en r\u00e9sidence \u00e0 la Villa Albertine \u00e0 New York pour une nouvelle cr\u00e9ation digitale, et repr\u00e9sentera la France aux Jeux de la Francophonie \u00e0 Khinshasa 2023. D\u2019autres projets d\u2019acquisition de \u00ab In Urbe \u00bb sont en cours.<\/p>\n<p><em>\u00a0<\/em><\/p>\n<\/div><\/section><\/div>\n","protected":false},"excerpt":{"rendered":"","protected":false},"author":1,"featured_media":0,"parent":0,"menu_order":0,"comment_status":"closed","ping_status":"closed","template":"","meta":{"footnotes":""},"_links":{"self":[{"href":"https:\/\/ddessinparis.com\/2023\/wp-json\/wp\/v2\/pages\/7569"}],"collection":[{"href":"https:\/\/ddessinparis.com\/2023\/wp-json\/wp\/v2\/pages"}],"about":[{"href":"https:\/\/ddessinparis.com\/2023\/wp-json\/wp\/v2\/types\/page"}],"author":[{"embeddable":true,"href":"https:\/\/ddessinparis.com\/2023\/wp-json\/wp\/v2\/users\/1"}],"replies":[{"embeddable":true,"href":"https:\/\/ddessinparis.com\/2023\/wp-json\/wp\/v2\/comments?post=7569"}],"version-history":[{"count":26,"href":"https:\/\/ddessinparis.com\/2023\/wp-json\/wp\/v2\/pages\/7569\/revisions"}],"predecessor-version":[{"id":8131,"href":"https:\/\/ddessinparis.com\/2023\/wp-json\/wp\/v2\/pages\/7569\/revisions\/8131"}],"wp:attachment":[{"href":"https:\/\/ddessinparis.com\/2023\/wp-json\/wp\/v2\/media?parent=7569"}],"curies":[{"name":"wp","href":"https:\/\/api.w.org\/{rel}","templated":true}]}}