{"id":7815,"date":"2023-01-18T12:17:57","date_gmt":"2023-01-18T12:17:57","guid":{"rendered":"https:\/\/ddessinparis.com\/?page_id=7815"},"modified":"2023-01-18T12:19:51","modified_gmt":"2023-01-18T12:19:51","slug":"residence-de-rithika-merchant-laureate-2021-a-la-villa-ndar","status":"publish","type":"page","link":"https:\/\/ddessinparis.com\/2023\/residence-de-rithika-merchant-laureate-2021-a-la-villa-ndar\/","title":{"rendered":"R\u00e9sidence de Rithika Merchant &#8211; laur\u00e9ate 2021 &#8211; \u00e0 la Villa NDAR"},"content":{"rendered":"\n<style type=\"text\/css\" data-created_by=\"avia_inline_auto\" id=\"style-css-av-18ffn2g-6f0a09e0121182c9dd7adcac30742662\">\n.avia-section.av-18ffn2g-6f0a09e0121182c9dd7adcac30742662{\nbackground-color:#000000;\n}\n<\/style>\n<div id='av_section_1'  class='avia-section av-18ffn2g-6f0a09e0121182c9dd7adcac30742662 header_color avia-section-default avia-no-shadow  avia-builder-el-0  el_before_av_slideshow_full  avia-builder-el-first  avia-bg-style-scroll  av-minimum-height av-minimum-height-custom  container_wrap sidebar_right'  ><div class='container av-section-cont-open' style='height:100px'><main  role=\"main\" itemprop=\"mainContentOfPage\"  class='template-page content  av-content-small alpha units'><div class='post-entry post-entry-type-page post-entry-7815'><div class='entry-content-wrapper clearfix'>\n<section class=\"av_textblock_section \"  itemscope=\"itemscope\" itemtype=\"https:\/\/schema.org\/CreativeWork\" ><div class='avia_textblock  av_inherit_color '  style='color:#ffffff; '  itemprop=\"text\" ><h2>R\u00e9sidence de Rithika Merchant &#8211; laur\u00e9ate 2021 &#8211; \u00e0 la Villa NDAR<\/h2>\n<\/div><\/section>\n<\/div><\/div><\/main><!-- close content main element --><\/div><\/div><div id='full_slider_1'  class='avia-fullwidth-slider main_color avia-shadow   avia-builder-el-2  el_after_av_section  avia-builder-el-last   slider-not-first container_wrap sidebar_right'  ><div   data-size='featured_large'  data-lightbox_size='large'  data-animation='slide'  data-conditional_play=''  data-ids=''  data-video_counter='1'  data-autoplay='false'  data-bg_slider='false'  data-slide_height=''  data-handle='av_slideshow_full'  data-interval='5'  data-class=' '  data-el_id=''  data-css_id=''  data-scroll_down=''  data-control_layout='av-control-default'  data-custom_markup=''  data-perma_caption=''  data-autoplay_stopper=''  data-image_attachment=''  data-min_height='0px'  data-lazy_loading='disabled'  data-src=''  data-position='top left'  data-repeat='no-repeat'  data-attach='scroll'  data-stretch=''  data-img_scrset=''  data-default-height='42'  class='avia-slideshow avia-slideshow-1  av-control-default av-default-height-applied avia-slideshow-featured_large av_slideshow_full   avia-slide-slider '  itemprop=\"image\" itemscope=\"itemscope\" itemtype=\"https:\/\/schema.org\/ImageObject\" ><ul class='avia-slideshow-inner ' style='padding-bottom: 42%;' ><li  data-controls='' data-mute='aviaTBaviaTBvideo_mute' data-loop='' data-disable-autoplay=''  data-video-ratio='2.3809523809524' class=' av-video-slide  av-video-service-html5  av-mute-video av-mobile-fallback-image av-single-slide slide-1 ' ><div data-rel='slideshow-1' class='avia-slide-wrap '   ><div class='av-click-overlay'><\/div><video class='avia_video'  autoplay  preload=\"auto\" muted controls id='player_7815_83261414_566012009'><source src=\"https:\/\/ddessinparis.com\/2023\/VIDEOS\/Ritkha_villa_ndar_sl.mp4\" type=\"video\/mp4\" \/><\/video><div class='av-click-to-play-overlay'><div class=\"avia_playpause_icon\"><\/div><\/div><\/div><\/li><\/ul><\/div><\/div><\/p>\n","protected":false},"excerpt":{"rendered":"","protected":false},"author":1,"featured_media":0,"parent":0,"menu_order":0,"comment_status":"closed","ping_status":"closed","template":"","meta":{"footnotes":""},"_links":{"self":[{"href":"https:\/\/ddessinparis.com\/2023\/wp-json\/wp\/v2\/pages\/7815"}],"collection":[{"href":"https:\/\/ddessinparis.com\/2023\/wp-json\/wp\/v2\/pages"}],"about":[{"href":"https:\/\/ddessinparis.com\/2023\/wp-json\/wp\/v2\/types\/page"}],"author":[{"embeddable":true,"href":"https:\/\/ddessinparis.com\/2023\/wp-json\/wp\/v2\/users\/1"}],"replies":[{"embeddable":true,"href":"https:\/\/ddessinparis.com\/2023\/wp-json\/wp\/v2\/comments?post=7815"}],"version-history":[{"count":3,"href":"https:\/\/ddessinparis.com\/2023\/wp-json\/wp\/v2\/pages\/7815\/revisions"}],"predecessor-version":[{"id":7817,"href":"https:\/\/ddessinparis.com\/2023\/wp-json\/wp\/v2\/pages\/7815\/revisions\/7817"}],"wp:attachment":[{"href":"https:\/\/ddessinparis.com\/2023\/wp-json\/wp\/v2\/media?parent=7815"}],"curies":[{"name":"wp","href":"https:\/\/api.w.org\/{rel}","templated":true}]}}