{"id":7832,"date":"2023-01-20T20:28:58","date_gmt":"2023-01-20T20:28:58","guid":{"rendered":"https:\/\/ddessinparis.com\/?page_id=7832"},"modified":"2023-01-24T16:06:12","modified_gmt":"2023-01-24T16:06:12","slug":"galerie-frederic-moisan","status":"publish","type":"page","link":"https:\/\/ddessinparis.com\/2023\/galerie-frederic-moisan\/","title":{"rendered":"Galerie Fr\u00e9d\u00e9ric Moisan"},"content":{"rendered":"<div class='flex_column av-3t682a-8fac55d339d3ad52b1d6d06d999f06d3 av_two_third  avia-builder-el-0  el_before_av_one_third  avia-builder-el-first  first flex_column_div '   ><div id='av-masonry-1' class='av-masonry av-lcqgr136-d3a0682ab087e83ab54cdd376f6727f8 noHover av-flex-size av-large-gap av-hover-overlay-active av-masonry-animation-active av-masonry-col-2 av-caption-on-hover av-caption-style-overlay av-masonry-gallery   '><div class=\"av-masonry-container isotope av-js-disabled\"><div class='av-masonry-entry isotope-item av-masonry-item-no-image '><\/div><a href=\"https:\/\/ddessinparis.com\/2023\/wp-content\/uploads\/2023\/01\/Bernard_Guillot__Sans__Titre__gouache_sur_tirage_argentique_2.jpg\" data-srcset=\"https:\/\/ddessinparis.com\/2023\/wp-content\/uploads\/2023\/01\/Bernard_Guillot__Sans__Titre__gouache_sur_tirage_argentique_2.jpg 595w, https:\/\/ddessinparis.com\/2023\/wp-content\/uploads\/2023\/01\/Bernard_Guillot__Sans__Titre__gouache_sur_tirage_argentique_2-222x300.jpg 222w, https:\/\/ddessinparis.com\/2023\/wp-content\/uploads\/2023\/01\/Bernard_Guillot__Sans__Titre__gouache_sur_tirage_argentique_2-521x705.jpg 521w\" data-sizes=\"(max-width: 595px) 100vw, 595px\"  aria-label=\"image Bernard_Guillot__Sans__Titre__gouache_sur_tirage_argentique_2\"  id='av-masonry-1-item-7878' data-av-masonry-item='7878' class='av-masonry-entry isotope-item post-7878 attachment type-attachment status-inherit hentry  av-masonry-item-with-image' title=\"Bernard_Guillot__Sans__Titre__gouache_sur_tirage_argentique_2\" alt=\"\"   itemprop=\"thumbnailUrl\" ><div class='av-inner-masonry-sizer'><\/div><figure class='av-inner-masonry main_color'><div class=\"av-masonry-outerimage-container\"><div class='av-masonry-image-container'   ><img decoding=\"async\" width=\"521\" height=\"705\" class=\"wp-image-7878 avia-img-lazy-loading-not-7878\"  src=\"https:\/\/ddessinparis.com\/2023\/wp-content\/uploads\/2023\/01\/Bernard_Guillot__Sans__Titre__gouache_sur_tirage_argentique_2-521x705.jpg\" title=\"Bernard_Guillot__Sans__Titre__gouache_sur_tirage_argentique_2\" alt=\"\" srcset=\"https:\/\/ddessinparis.com\/2023\/wp-content\/uploads\/2023\/01\/Bernard_Guillot__Sans__Titre__gouache_sur_tirage_argentique_2-521x705.jpg 521w, https:\/\/ddessinparis.com\/2023\/wp-content\/uploads\/2023\/01\/Bernard_Guillot__Sans__Titre__gouache_sur_tirage_argentique_2-222x300.jpg 222w, https:\/\/ddessinparis.com\/2023\/wp-content\/uploads\/2023\/01\/Bernard_Guillot__Sans__Titre__gouache_sur_tirage_argentique_2.jpg 595w\" sizes=\"(max-width: 521px) 100vw, 521px\" \/><\/div><\/div><figcaption class='av-inner-masonry-content site-background'><div class='av-inner-masonry-content-pos'><div class='av-inner-masonry-content-pos-content'><div class='avia-arrow'><\/div><div class='av-masonry-entry-content entry-content'  itemprop=\"text\" >Bernard Guillot, Sans titre, gouache sur tirage argentique, Courtesy Galerie Fr\u00e9d\u00e9ric Moisan - Paris<\/div><\/div><\/div><\/figcaption><\/figure><\/a><!--end av-masonry entry--><a href=\"https:\/\/ddessinparis.com\/2023\/wp-content\/uploads\/2023\/01\/Les_Petits_Traits__Fevrier_Couronne__gouache_sur_papier__50x40cm__2021-799x1030.jpg\" data-srcset=\"https:\/\/ddessinparis.com\/2023\/wp-content\/uploads\/2023\/01\/Les_Petits_Traits__Fevrier_Couronne__gouache_sur_papier__50x40cm__2021-799x1030.jpg 799w, https:\/\/ddessinparis.com\/2023\/wp-content\/uploads\/2023\/01\/Les_Petits_Traits__Fevrier_Couronne__gouache_sur_papier__50x40cm__2021-233x300.jpg 233w, https:\/\/ddessinparis.com\/2023\/wp-content\/uploads\/2023\/01\/Les_Petits_Traits__Fevrier_Couronne__gouache_sur_papier__50x40cm__2021-768x989.jpg 768w, https:\/\/ddessinparis.com\/2023\/wp-content\/uploads\/2023\/01\/Les_Petits_Traits__Fevrier_Couronne__gouache_sur_papier__50x40cm__2021-1192x1536.jpg 1192w, https:\/\/ddessinparis.com\/2023\/wp-content\/uploads\/2023\/01\/Les_Petits_Traits__Fevrier_Couronne__gouache_sur_papier__50x40cm__2021-1590x2048.jpg 1590w, https:\/\/ddessinparis.com\/2023\/wp-content\/uploads\/2023\/01\/Les_Petits_Traits__Fevrier_Couronne__gouache_sur_papier__50x40cm__2021-1164x1500.jpg 1164w, https:\/\/ddessinparis.com\/2023\/wp-content\/uploads\/2023\/01\/Les_Petits_Traits__Fevrier_Couronne__gouache_sur_papier__50x40cm__2021-547x705.jpg 547w, https:\/\/ddessinparis.com\/2023\/wp-content\/uploads\/2023\/01\/Les_Petits_Traits__Fevrier_Couronne__gouache_sur_papier__50x40cm__2021-scaled.jpg 1987w\" data-sizes=\"(max-width: 799px) 100vw, 799px\"  aria-label=\"image Les_Petits_Traits__Fevrier_Couronne__gouache_sur_papier__50x40cm__2021\"  id='av-masonry-1-item-7879' data-av-masonry-item='7879' class='av-masonry-entry isotope-item post-7879 attachment type-attachment status-inherit hentry  av-masonry-item-with-image' title=\"Les_Petits_Traits__Fevrier_Couronne__gouache_sur_papier__50x40cm__2021\" alt=\"\"   itemprop=\"thumbnailUrl\" ><div class='av-inner-masonry-sizer'><\/div><figure class='av-inner-masonry main_color'><div class=\"av-masonry-outerimage-container\"><div class='av-masonry-image-container'   ><img decoding=\"async\" width=\"547\" height=\"705\" class=\"wp-image-7879 avia-img-lazy-loading-not-7879\"  src=\"https:\/\/ddessinparis.com\/2023\/wp-content\/uploads\/2023\/01\/Les_Petits_Traits__Fevrier_Couronne__gouache_sur_papier__50x40cm__2021-547x705.jpg\" title=\"Les_Petits_Traits__Fevrier_Couronne__gouache_sur_papier__50x40cm__2021\" alt=\"\" srcset=\"https:\/\/ddessinparis.com\/2023\/wp-content\/uploads\/2023\/01\/Les_Petits_Traits__Fevrier_Couronne__gouache_sur_papier__50x40cm__2021-547x705.jpg 547w, https:\/\/ddessinparis.com\/2023\/wp-content\/uploads\/2023\/01\/Les_Petits_Traits__Fevrier_Couronne__gouache_sur_papier__50x40cm__2021-233x300.jpg 233w, https:\/\/ddessinparis.com\/2023\/wp-content\/uploads\/2023\/01\/Les_Petits_Traits__Fevrier_Couronne__gouache_sur_papier__50x40cm__2021-799x1030.jpg 799w, https:\/\/ddessinparis.com\/2023\/wp-content\/uploads\/2023\/01\/Les_Petits_Traits__Fevrier_Couronne__gouache_sur_papier__50x40cm__2021-768x989.jpg 768w, https:\/\/ddessinparis.com\/2023\/wp-content\/uploads\/2023\/01\/Les_Petits_Traits__Fevrier_Couronne__gouache_sur_papier__50x40cm__2021-1192x1536.jpg 1192w, https:\/\/ddessinparis.com\/2023\/wp-content\/uploads\/2023\/01\/Les_Petits_Traits__Fevrier_Couronne__gouache_sur_papier__50x40cm__2021-1590x2048.jpg 1590w, https:\/\/ddessinparis.com\/2023\/wp-content\/uploads\/2023\/01\/Les_Petits_Traits__Fevrier_Couronne__gouache_sur_papier__50x40cm__2021-1164x1500.jpg 1164w, https:\/\/ddessinparis.com\/2023\/wp-content\/uploads\/2023\/01\/Les_Petits_Traits__Fevrier_Couronne__gouache_sur_papier__50x40cm__2021-scaled.jpg 1987w\" sizes=\"(max-width: 547px) 100vw, 547px\" \/><\/div><\/div><figcaption class='av-inner-masonry-content site-background'><div class='av-inner-masonry-content-pos'><div class='av-inner-masonry-content-pos-content'><div class='avia-arrow'><\/div><div class='av-masonry-entry-content entry-content'  itemprop=\"text\" >Les Petits Traits, F\u00e9vrier Couronne, gouache sur papier, 50x40cm, 2021, Courtesy Galerie Fr\u00e9d\u00e9ric Moisan - Paris<\/div><\/div><\/div><\/figcaption><\/figure><\/a><!--end av-masonry entry--><a href=\"https:\/\/ddessinparis.com\/2023\/wp-content\/uploads\/2023\/01\/Nicolas_Dieterle__Sans_Titre__encre_sur_papier__32x24cm-772x1030.jpg\" data-srcset=\"https:\/\/ddessinparis.com\/2023\/wp-content\/uploads\/2023\/01\/Nicolas_Dieterle__Sans_Titre__encre_sur_papier__32x24cm-772x1030.jpg 772w, https:\/\/ddessinparis.com\/2023\/wp-content\/uploads\/2023\/01\/Nicolas_Dieterle__Sans_Titre__encre_sur_papier__32x24cm-225x300.jpg 225w, https:\/\/ddessinparis.com\/2023\/wp-content\/uploads\/2023\/01\/Nicolas_Dieterle__Sans_Titre__encre_sur_papier__32x24cm-768x1024.jpg 768w, https:\/\/ddessinparis.com\/2023\/wp-content\/uploads\/2023\/01\/Nicolas_Dieterle__Sans_Titre__encre_sur_papier__32x24cm-1152x1536.jpg 1152w, https:\/\/ddessinparis.com\/2023\/wp-content\/uploads\/2023\/01\/Nicolas_Dieterle__Sans_Titre__encre_sur_papier__32x24cm-1535x2048.jpg 1535w, https:\/\/ddessinparis.com\/2023\/wp-content\/uploads\/2023\/01\/Nicolas_Dieterle__Sans_Titre__encre_sur_papier__32x24cm-1125x1500.jpg 1125w, https:\/\/ddessinparis.com\/2023\/wp-content\/uploads\/2023\/01\/Nicolas_Dieterle__Sans_Titre__encre_sur_papier__32x24cm-529x705.jpg 529w, https:\/\/ddessinparis.com\/2023\/wp-content\/uploads\/2023\/01\/Nicolas_Dieterle__Sans_Titre__encre_sur_papier__32x24cm-scaled.jpg 1919w\" data-sizes=\"(max-width: 772px) 100vw, 772px\"  aria-label=\"image Nicolas_Dieterle__Sans_Titre__encre_sur_papier__32x24cm\"  id='av-masonry-1-item-7880' data-av-masonry-item='7880' class='av-masonry-entry isotope-item post-7880 attachment type-attachment status-inherit hentry  av-masonry-item-with-image' title=\"Nicolas_Dieterle__Sans_Titre__encre_sur_papier__32x24cm\" alt=\"\"   itemprop=\"thumbnailUrl\" ><div class='av-inner-masonry-sizer'><\/div><figure class='av-inner-masonry main_color'><div class=\"av-masonry-outerimage-container\"><div class='av-masonry-image-container'   ><img decoding=\"async\" width=\"529\" height=\"705\" class=\"wp-image-7880 avia-img-lazy-loading-not-7880\"  src=\"https:\/\/ddessinparis.com\/2023\/wp-content\/uploads\/2023\/01\/Nicolas_Dieterle__Sans_Titre__encre_sur_papier__32x24cm-529x705.jpg\" title=\"Nicolas_Dieterle__Sans_Titre__encre_sur_papier__32x24cm\" alt=\"\" srcset=\"https:\/\/ddessinparis.com\/2023\/wp-content\/uploads\/2023\/01\/Nicolas_Dieterle__Sans_Titre__encre_sur_papier__32x24cm-529x705.jpg 529w, https:\/\/ddessinparis.com\/2023\/wp-content\/uploads\/2023\/01\/Nicolas_Dieterle__Sans_Titre__encre_sur_papier__32x24cm-225x300.jpg 225w, https:\/\/ddessinparis.com\/2023\/wp-content\/uploads\/2023\/01\/Nicolas_Dieterle__Sans_Titre__encre_sur_papier__32x24cm-772x1030.jpg 772w, https:\/\/ddessinparis.com\/2023\/wp-content\/uploads\/2023\/01\/Nicolas_Dieterle__Sans_Titre__encre_sur_papier__32x24cm-768x1024.jpg 768w, https:\/\/ddessinparis.com\/2023\/wp-content\/uploads\/2023\/01\/Nicolas_Dieterle__Sans_Titre__encre_sur_papier__32x24cm-1152x1536.jpg 1152w, https:\/\/ddessinparis.com\/2023\/wp-content\/uploads\/2023\/01\/Nicolas_Dieterle__Sans_Titre__encre_sur_papier__32x24cm-1535x2048.jpg 1535w, https:\/\/ddessinparis.com\/2023\/wp-content\/uploads\/2023\/01\/Nicolas_Dieterle__Sans_Titre__encre_sur_papier__32x24cm-1125x1500.jpg 1125w, https:\/\/ddessinparis.com\/2023\/wp-content\/uploads\/2023\/01\/Nicolas_Dieterle__Sans_Titre__encre_sur_papier__32x24cm-scaled.jpg 1919w\" sizes=\"(max-width: 529px) 100vw, 529px\" \/><\/div><\/div><figcaption class='av-inner-masonry-content site-background'><div class='av-inner-masonry-content-pos'><div class='av-inner-masonry-content-pos-content'><div class='avia-arrow'><\/div><div class='av-masonry-entry-content entry-content'  itemprop=\"text\" >Nicolas Dieterle, Sans titre, Encre sur papier, 32x24cm, Courtesy Galerie Fr\u00e9d\u00e9ric Moisan - Paris<\/div><\/div><\/div><\/figcaption><\/figure><\/a><!--end av-masonry entry--><a href=\"https:\/\/ddessinparis.com\/2023\/wp-content\/uploads\/2023\/01\/Sandra_Martagex__Tempe\u0302te__feutres_a\u0300_encres_et_aquarelles_sur_papier__20x28cm___2020-781x1030.jpg\" data-srcset=\"https:\/\/ddessinparis.com\/2023\/wp-content\/uploads\/2023\/01\/Sandra_Martagex__Tempe\u0302te__feutres_a\u0300_encres_et_aquarelles_sur_papier__20x28cm___2020-781x1030.jpg 781w, https:\/\/ddessinparis.com\/2023\/wp-content\/uploads\/2023\/01\/Sandra_Martagex__Tempe\u0302te__feutres_a\u0300_encres_et_aquarelles_sur_papier__20x28cm___2020-227x300.jpg 227w, https:\/\/ddessinparis.com\/2023\/wp-content\/uploads\/2023\/01\/Sandra_Martagex__Tempe\u0302te__feutres_a\u0300_encres_et_aquarelles_sur_papier__20x28cm___2020-768x1013.jpg 768w, https:\/\/ddessinparis.com\/2023\/wp-content\/uploads\/2023\/01\/Sandra_Martagex__Tempe\u0302te__feutres_a\u0300_encres_et_aquarelles_sur_papier__20x28cm___2020-534x705.jpg 534w, https:\/\/ddessinparis.com\/2023\/wp-content\/uploads\/2023\/01\/Sandra_Martagex__Tempe\u0302te__feutres_a\u0300_encres_et_aquarelles_sur_papier__20x28cm___2020.jpg 1115w\" data-sizes=\"(max-width: 781px) 100vw, 781px\"  aria-label=\"image Sandra_Martagex__Tempe\u0302te__feutres_a\u0300_encres_et_aquarelles_sur_papier__20x28cm___2020\"  id='av-masonry-1-item-7881' data-av-masonry-item='7881' class='av-masonry-entry isotope-item post-7881 attachment type-attachment status-inherit hentry  av-masonry-item-with-image' title=\"Sandra_Martagex__Tempe\u0302te__feutres_a\u0300_encres_et_aquarelles_sur_papier__20x28cm___2020\" alt=\"\"   itemprop=\"thumbnailUrl\" ><div class='av-inner-masonry-sizer'><\/div><figure class='av-inner-masonry main_color'><div class=\"av-masonry-outerimage-container\"><div class='av-masonry-image-container'   ><img decoding=\"async\" width=\"534\" height=\"705\" class=\"wp-image-7881 avia-img-lazy-loading-not-7881\"  src=\"https:\/\/ddessinparis.com\/2023\/wp-content\/uploads\/2023\/01\/Sandra_Martagex__Tempe\u0302te__feutres_a\u0300_encres_et_aquarelles_sur_papier__20x28cm___2020-534x705.jpg\" title=\"Sandra_Martagex__Tempe\u0302te__feutres_a\u0300_encres_et_aquarelles_sur_papier__20x28cm___2020\" alt=\"\" srcset=\"https:\/\/ddessinparis.com\/2023\/wp-content\/uploads\/2023\/01\/Sandra_Martagex__Tempe\u0302te__feutres_a\u0300_encres_et_aquarelles_sur_papier__20x28cm___2020-534x705.jpg 534w, https:\/\/ddessinparis.com\/2023\/wp-content\/uploads\/2023\/01\/Sandra_Martagex__Tempe\u0302te__feutres_a\u0300_encres_et_aquarelles_sur_papier__20x28cm___2020-227x300.jpg 227w, https:\/\/ddessinparis.com\/2023\/wp-content\/uploads\/2023\/01\/Sandra_Martagex__Tempe\u0302te__feutres_a\u0300_encres_et_aquarelles_sur_papier__20x28cm___2020-781x1030.jpg 781w, https:\/\/ddessinparis.com\/2023\/wp-content\/uploads\/2023\/01\/Sandra_Martagex__Tempe\u0302te__feutres_a\u0300_encres_et_aquarelles_sur_papier__20x28cm___2020-768x1013.jpg 768w, https:\/\/ddessinparis.com\/2023\/wp-content\/uploads\/2023\/01\/Sandra_Martagex__Tempe\u0302te__feutres_a\u0300_encres_et_aquarelles_sur_papier__20x28cm___2020.jpg 1115w\" sizes=\"(max-width: 534px) 100vw, 534px\" \/><\/div><\/div><figcaption class='av-inner-masonry-content site-background'><div class='av-inner-masonry-content-pos'><div class='av-inner-masonry-content-pos-content'><div class='avia-arrow'><\/div><div class='av-masonry-entry-content entry-content'  itemprop=\"text\" >Sandra Martagex, Temp\u00eate, feutres \u00e0 encres et aquarelles sur papier, 20x28cm, 2020, Courtesy Galerie Fr\u00e9d\u00e9ric Moisan - Paris<\/div><\/div><\/div><\/figcaption><\/figure><\/a><!--end av-masonry entry--><\/div><\/div><\/div><div class='flex_column av-2nu3j6-78909a6f0658d5f39d9283781d6553b5 av_one_third  avia-builder-el-2  el_after_av_two_third  avia-builder-el-last  flex_column_div '   ><p>\n<style type=\"text\/css\" data-created_by=\"avia_inline_auto\" id=\"style-css-av-lcqgfukh-cde8c6cc638cffcf1b3cdea09ae2e474\">\n#top .av-special-heading.av-lcqgfukh-cde8c6cc638cffcf1b3cdea09ae2e474{\npadding-bottom:10px;\n}\n.av-special-heading.av-lcqgfukh-cde8c6cc638cffcf1b3cdea09ae2e474 .av-subheading{\nfont-size:15px;\n}\n<\/style>\n<div  class='av-special-heading av-lcqgfukh-cde8c6cc638cffcf1b3cdea09ae2e474 av-special-heading-h2 blockquote modern-quote  avia-builder-el-3  el_before_av_hr  avia-builder-el-first  '><h2 class='av-special-heading-tag '  itemprop=\"headline\"  >Galerie Fr\u00e9d\u00e9ric Moisan<\/h2><div class='av-subheading av-subheading_below '><p>PARIS<\/p>\n<\/div><div class='special-heading-border'><div class='special-heading-inner-border'><\/div><\/div><\/div><br \/>\n\n<style type=\"text\/css\" data-created_by=\"avia_inline_auto\" id=\"style-css-av-lcqhetox-60710f246c2fed9d2952b3499ca79360\">\n#top .hr.hr-invisible.av-lcqhetox-60710f246c2fed9d2952b3499ca79360{\nheight:25px;\n}\n<\/style>\n<div  class='hr av-lcqhetox-60710f246c2fed9d2952b3499ca79360 hr-invisible  avia-builder-el-4  el_after_av_heading  el_before_av_textblock  '><span class='hr-inner '><span class=\"hr-inner-style\"><\/span><\/span><\/div><br \/>\n<section class=\"av_textblock_section \"  itemscope=\"itemscope\" itemtype=\"https:\/\/schema.org\/CreativeWork\" ><div class='avia_textblock  av_inherit_color '  style='color:#000000; '  itemprop=\"text\" ><div class=\"x_elementToProof\">\n<p><span style=\"color: #000000;\"><strong>ARTISTES EXPOS\u00c9S<br \/>\n<\/strong><\/span><span class=\"x_x_x_x_ContentPasted0 x_x_x_ContentPasted0 x_x_ContentPasted0 x_ContentPasted0 ContentPasted0\">Belem Julien et Matthieu Schmitt (Les petits traits), Bernard Guillot, Nicolas Dieterle, Sandra Martagex.<\/span><\/p>\n<\/div>\n<\/div><\/section><br \/>\n<section class=\"av_textblock_section \"  itemscope=\"itemscope\" itemtype=\"https:\/\/schema.org\/CreativeWork\" ><div class='avia_textblock  av_inherit_color '  style='color:#000000; '  itemprop=\"text\" ><p><strong>DIRECTEUR<\/strong><br \/>\n<span class=\"x_x_x_x_ContentPasted0 x_x_x_ContentPasted0 x_x_ContentPasted0 x_ContentPasted0 ContentPasted0\">Fr\u00e9d\u00e9ric Moisan<\/span><\/p>\n<p><strong>COORDONN\u00c9ES<br \/>\n<\/strong>46, rue Croix des Petits Champs<br \/>\n75001 Paris, France<br \/>\nSite internet : <span style=\"color: #00ccff;\"><a style=\"color: #00ccff;\" href=\"http:\/\/www.galerie-fmoisan.fr\">www.galerie-fmoisan.fr<br \/>\n<\/a><\/span><\/p>\n<\/div><\/section><\/p><\/div><\/p>\n","protected":false},"excerpt":{"rendered":"","protected":false},"author":1,"featured_media":0,"parent":0,"menu_order":0,"comment_status":"closed","ping_status":"closed","template":"","meta":{"footnotes":""},"_links":{"self":[{"href":"https:\/\/ddessinparis.com\/2023\/wp-json\/wp\/v2\/pages\/7832"}],"collection":[{"href":"https:\/\/ddessinparis.com\/2023\/wp-json\/wp\/v2\/pages"}],"about":[{"href":"https:\/\/ddessinparis.com\/2023\/wp-json\/wp\/v2\/types\/page"}],"author":[{"embeddable":true,"href":"https:\/\/ddessinparis.com\/2023\/wp-json\/wp\/v2\/users\/1"}],"replies":[{"embeddable":true,"href":"https:\/\/ddessinparis.com\/2023\/wp-json\/wp\/v2\/comments?post=7832"}],"version-history":[{"count":4,"href":"https:\/\/ddessinparis.com\/2023\/wp-json\/wp\/v2\/pages\/7832\/revisions"}],"predecessor-version":[{"id":7949,"href":"https:\/\/ddessinparis.com\/2023\/wp-json\/wp\/v2\/pages\/7832\/revisions\/7949"}],"wp:attachment":[{"href":"https:\/\/ddessinparis.com\/2023\/wp-json\/wp\/v2\/media?parent=7832"}],"curies":[{"name":"wp","href":"https:\/\/api.w.org\/{rel}","templated":true}]}}