{"id":7838,"date":"2023-01-20T20:31:56","date_gmt":"2023-01-20T20:31:56","guid":{"rendered":"https:\/\/ddessinparis.com\/?page_id=7838"},"modified":"2023-01-24T16:20:33","modified_gmt":"2023-01-24T16:20:33","slug":"galerie-cecile-dufay","status":"publish","type":"page","link":"https:\/\/ddessinparis.com\/2023\/galerie-cecile-dufay\/","title":{"rendered":"Galerie C\u00e9cile Dufay"},"content":{"rendered":"<div class='flex_column av-3t682a-8fac55d339d3ad52b1d6d06d999f06d3 av_two_third  avia-builder-el-0  el_before_av_one_third  avia-builder-el-first  first flex_column_div '   ><div id='av-masonry-1' class='av-masonry av-lcqgr136-c19964a4461e9e640c9eb43f5df18eb1 noHover av-flex-size av-large-gap av-hover-overlay-active av-masonry-animation-active av-masonry-col-2 av-caption-on-hover av-caption-style-overlay av-masonry-gallery   '><div class=\"av-masonry-container isotope av-js-disabled\"><div class='av-masonry-entry isotope-item av-masonry-item-no-image '><\/div><a href=\"https:\/\/ddessinparis.com\/2023\/wp-content\/uploads\/2023\/01\/DELPHINE_PERLSTEIN___Portrait_orange___2022___acrylique_sur_papier___42_x_297_cm___Courtoisie_Cecile_Dufay___copie-735x1030.jpg\" data-srcset=\"https:\/\/ddessinparis.com\/2023\/wp-content\/uploads\/2023\/01\/DELPHINE_PERLSTEIN___Portrait_orange___2022___acrylique_sur_papier___42_x_297_cm___Courtoisie_Cecile_Dufay___copie-735x1030.jpg 735w, https:\/\/ddessinparis.com\/2023\/wp-content\/uploads\/2023\/01\/DELPHINE_PERLSTEIN___Portrait_orange___2022___acrylique_sur_papier___42_x_297_cm___Courtoisie_Cecile_Dufay___copie-214x300.jpg 214w, https:\/\/ddessinparis.com\/2023\/wp-content\/uploads\/2023\/01\/DELPHINE_PERLSTEIN___Portrait_orange___2022___acrylique_sur_papier___42_x_297_cm___Courtoisie_Cecile_Dufay___copie-768x1077.jpg 768w, https:\/\/ddessinparis.com\/2023\/wp-content\/uploads\/2023\/01\/DELPHINE_PERLSTEIN___Portrait_orange___2022___acrylique_sur_papier___42_x_297_cm___Courtoisie_Cecile_Dufay___copie-1096x1536.jpg 1096w, https:\/\/ddessinparis.com\/2023\/wp-content\/uploads\/2023\/01\/DELPHINE_PERLSTEIN___Portrait_orange___2022___acrylique_sur_papier___42_x_297_cm___Courtoisie_Cecile_Dufay___copie-1461x2048.jpg 1461w, https:\/\/ddessinparis.com\/2023\/wp-content\/uploads\/2023\/01\/DELPHINE_PERLSTEIN___Portrait_orange___2022___acrylique_sur_papier___42_x_297_cm___Courtoisie_Cecile_Dufay___copie-1070x1500.jpg 1070w, https:\/\/ddessinparis.com\/2023\/wp-content\/uploads\/2023\/01\/DELPHINE_PERLSTEIN___Portrait_orange___2022___acrylique_sur_papier___42_x_297_cm___Courtoisie_Cecile_Dufay___copie-503x705.jpg 503w, https:\/\/ddessinparis.com\/2023\/wp-content\/uploads\/2023\/01\/DELPHINE_PERLSTEIN___Portrait_orange___2022___acrylique_sur_papier___42_x_297_cm___Courtoisie_Cecile_Dufay___copie-scaled.jpg 1826w\" data-sizes=\"(max-width: 735px) 100vw, 735px\"  aria-label=\"image DELPHINE_PERLSTEIN___Portrait_orange___2022___acrylique_sur_papier___42_x_29,7_cm___Courtoisie_Cecile_Dufay___copie\"  id='av-masonry-1-item-7866' data-av-masonry-item='7866' class='av-masonry-entry isotope-item post-7866 attachment type-attachment status-inherit hentry  av-masonry-item-with-image' title=\"DELPHINE_PERLSTEIN___Portrait_orange___2022___acrylique_sur_papier___42_x_29,7_cm___Courtoisie_Cecile_Dufay___copie\" alt=\"\"   itemprop=\"thumbnailUrl\" ><div class='av-inner-masonry-sizer'><\/div><figure class='av-inner-masonry main_color'><div class=\"av-masonry-outerimage-container\"><div class='av-masonry-image-container'   ><img decoding=\"async\" width=\"503\" height=\"705\" class=\"wp-image-7866 avia-img-lazy-loading-not-7866\"  src=\"https:\/\/ddessinparis.com\/2023\/wp-content\/uploads\/2023\/01\/DELPHINE_PERLSTEIN___Portrait_orange___2022___acrylique_sur_papier___42_x_297_cm___Courtoisie_Cecile_Dufay___copie-503x705.jpg\" title=\"DELPHINE_PERLSTEIN___Portrait_orange___2022___acrylique_sur_papier___42_x_29,7_cm___Courtoisie_Cecile_Dufay___copie\" alt=\"\" srcset=\"https:\/\/ddessinparis.com\/2023\/wp-content\/uploads\/2023\/01\/DELPHINE_PERLSTEIN___Portrait_orange___2022___acrylique_sur_papier___42_x_297_cm___Courtoisie_Cecile_Dufay___copie-503x705.jpg 503w, https:\/\/ddessinparis.com\/2023\/wp-content\/uploads\/2023\/01\/DELPHINE_PERLSTEIN___Portrait_orange___2022___acrylique_sur_papier___42_x_297_cm___Courtoisie_Cecile_Dufay___copie-214x300.jpg 214w, https:\/\/ddessinparis.com\/2023\/wp-content\/uploads\/2023\/01\/DELPHINE_PERLSTEIN___Portrait_orange___2022___acrylique_sur_papier___42_x_297_cm___Courtoisie_Cecile_Dufay___copie-735x1030.jpg 735w, https:\/\/ddessinparis.com\/2023\/wp-content\/uploads\/2023\/01\/DELPHINE_PERLSTEIN___Portrait_orange___2022___acrylique_sur_papier___42_x_297_cm___Courtoisie_Cecile_Dufay___copie-768x1077.jpg 768w, https:\/\/ddessinparis.com\/2023\/wp-content\/uploads\/2023\/01\/DELPHINE_PERLSTEIN___Portrait_orange___2022___acrylique_sur_papier___42_x_297_cm___Courtoisie_Cecile_Dufay___copie-1096x1536.jpg 1096w, https:\/\/ddessinparis.com\/2023\/wp-content\/uploads\/2023\/01\/DELPHINE_PERLSTEIN___Portrait_orange___2022___acrylique_sur_papier___42_x_297_cm___Courtoisie_Cecile_Dufay___copie-1461x2048.jpg 1461w, https:\/\/ddessinparis.com\/2023\/wp-content\/uploads\/2023\/01\/DELPHINE_PERLSTEIN___Portrait_orange___2022___acrylique_sur_papier___42_x_297_cm___Courtoisie_Cecile_Dufay___copie-1070x1500.jpg 1070w, https:\/\/ddessinparis.com\/2023\/wp-content\/uploads\/2023\/01\/DELPHINE_PERLSTEIN___Portrait_orange___2022___acrylique_sur_papier___42_x_297_cm___Courtoisie_Cecile_Dufay___copie-scaled.jpg 1826w\" sizes=\"(max-width: 503px) 100vw, 503px\" \/><\/div><\/div><figcaption class='av-inner-masonry-content site-background'><div class='av-inner-masonry-content-pos'><div class='av-inner-masonry-content-pos-content'><div class='avia-arrow'><\/div><div class='av-masonry-entry-content entry-content'  itemprop=\"text\" >Delphine Perlstein, Portrait orange 2022, acrylique sur papier, 42 x 29,7,cm, Courtesy Galerie Cecile Dufay - Paris<\/div><\/div><\/div><\/figcaption><\/figure><\/a><!--end av-masonry entry--><a href=\"https:\/\/ddessinparis.com\/2023\/wp-content\/uploads\/2023\/01\/Galerie_Cecile_Dufay___Barbara_Asei_Dantoni_2023_01_05__15.28.33.png\" data-srcset=\"https:\/\/ddessinparis.com\/2023\/wp-content\/uploads\/2023\/01\/Galerie_Cecile_Dufay___Barbara_Asei_Dantoni_2023_01_05__15.28.33.png 321w, https:\/\/ddessinparis.com\/2023\/wp-content\/uploads\/2023\/01\/Galerie_Cecile_Dufay___Barbara_Asei_Dantoni_2023_01_05__15.28.33-238x300.png 238w\" data-sizes=\"(max-width: 321px) 100vw, 321px\"  aria-label=\"image Galerie_Cecile_Dufay___Barbara_Asei_Dantoni_2023_01_05__15.28.33\"  id='av-masonry-1-item-7867' data-av-masonry-item='7867' class='av-masonry-entry isotope-item post-7867 attachment type-attachment status-inherit hentry  av-masonry-item-with-image' title=\"Galerie_Cecile_Dufay___Barbara_Asei_Dantoni_2023_01_05__15.28.33\" alt=\"\"   itemprop=\"thumbnailUrl\" ><div class='av-inner-masonry-sizer'><\/div><figure class='av-inner-masonry main_color'><div class=\"av-masonry-outerimage-container\"><div class='av-masonry-image-container'   ><img decoding=\"async\" width=\"321\" height=\"404\" class=\"wp-image-7867 avia-img-lazy-loading-not-7867\"  src=\"https:\/\/ddessinparis.com\/2023\/wp-content\/uploads\/2023\/01\/Galerie_Cecile_Dufay___Barbara_Asei_Dantoni_2023_01_05__15.28.33.png\" title=\"Galerie_Cecile_Dufay___Barbara_Asei_Dantoni_2023_01_05__15.28.33\" alt=\"\" srcset=\"https:\/\/ddessinparis.com\/2023\/wp-content\/uploads\/2023\/01\/Galerie_Cecile_Dufay___Barbara_Asei_Dantoni_2023_01_05__15.28.33.png 321w, https:\/\/ddessinparis.com\/2023\/wp-content\/uploads\/2023\/01\/Galerie_Cecile_Dufay___Barbara_Asei_Dantoni_2023_01_05__15.28.33-238x300.png 238w\" sizes=\"(max-width: 321px) 100vw, 321px\" \/><\/div><\/div><figcaption class='av-inner-masonry-content site-background'><div class='av-inner-masonry-content-pos'><div class='av-inner-masonry-content-pos-content'><div class='avia-arrow'><\/div><div class='av-masonry-entry-content entry-content'  itemprop=\"text\" >Barbara Asei Dantoni, Bless,, Acrylique sur toile, 90 x 115 x 2,5 cm, \u00a9 Barbara Asei Dantoni, Courtesy Barbara Asei Dantoni<\/div><\/div><\/div><\/figcaption><\/figure><\/a><!--end av-masonry entry--><a href=\"https:\/\/ddessinparis.com\/2023\/wp-content\/uploads\/2023\/01\/HAMID_FAKHOURY___Nora_detail___2022___Bronze_a\u0300_patine_noire_3_sur_8_signe_de_lartiste_sceau_de_la_fonderie_de_Coubertin___30_x_17_x_16_cm_h-1030x687.jpg\" data-srcset=\"https:\/\/ddessinparis.com\/2023\/wp-content\/uploads\/2023\/01\/HAMID_FAKHOURY___Nora_detail___2022___Bronze_a\u0300_patine_noire_3_sur_8_signe_de_lartiste_sceau_de_la_fonderie_de_Coubertin___30_x_17_x_16_cm_h-1030x687.jpg 1030w, https:\/\/ddessinparis.com\/2023\/wp-content\/uploads\/2023\/01\/HAMID_FAKHOURY___Nora_detail___2022___Bronze_a\u0300_patine_noire_3_sur_8_signe_de_lartiste_sceau_de_la_fonderie_de_Coubertin___30_x_17_x_16_cm_h-300x200.jpg 300w, https:\/\/ddessinparis.com\/2023\/wp-content\/uploads\/2023\/01\/HAMID_FAKHOURY___Nora_detail___2022___Bronze_a\u0300_patine_noire_3_sur_8_signe_de_lartiste_sceau_de_la_fonderie_de_Coubertin___30_x_17_x_16_cm_h-768x513.jpg 768w, https:\/\/ddessinparis.com\/2023\/wp-content\/uploads\/2023\/01\/HAMID_FAKHOURY___Nora_detail___2022___Bronze_a\u0300_patine_noire_3_sur_8_signe_de_lartiste_sceau_de_la_fonderie_de_Coubertin___30_x_17_x_16_cm_h-1536x1025.jpg 1536w, https:\/\/ddessinparis.com\/2023\/wp-content\/uploads\/2023\/01\/HAMID_FAKHOURY___Nora_detail___2022___Bronze_a\u0300_patine_noire_3_sur_8_signe_de_lartiste_sceau_de_la_fonderie_de_Coubertin___30_x_17_x_16_cm_h-2048x1367.jpg 2048w, https:\/\/ddessinparis.com\/2023\/wp-content\/uploads\/2023\/01\/HAMID_FAKHOURY___Nora_detail___2022___Bronze_a\u0300_patine_noire_3_sur_8_signe_de_lartiste_sceau_de_la_fonderie_de_Coubertin___30_x_17_x_16_cm_h-1500x1001.jpg 1500w, https:\/\/ddessinparis.com\/2023\/wp-content\/uploads\/2023\/01\/HAMID_FAKHOURY___Nora_detail___2022___Bronze_a\u0300_patine_noire_3_sur_8_signe_de_lartiste_sceau_de_la_fonderie_de_Coubertin___30_x_17_x_16_cm_h-705x471.jpg 705w\" data-sizes=\"(max-width: 1030px) 100vw, 1030px\"  aria-label=\"image HAMID_FAKHOURY___Nora,_detail___2022___Bronze_a\u0300_patine_noire,_3_sur_8,_signe_de_l&#8217;artiste,_sceau_de_la_fonderie_de_Coubertin___30_x_17_x_16_cm_h\"  id='av-masonry-1-item-7868' data-av-masonry-item='7868' class='av-masonry-entry isotope-item post-7868 attachment type-attachment status-inherit hentry  av-masonry-item-with-image' title=\"HAMID_FAKHOURY___Nora,_detail___2022___Bronze_a\u0300_patine_noire,_3_sur_8,_signe_de_l&#8217;artiste,_sceau_de_la_fonderie_de_Coubertin___30_x_17_x_16_cm_h\" alt=\"\"   itemprop=\"thumbnailUrl\" ><div class='av-inner-masonry-sizer'><\/div><figure class='av-inner-masonry main_color'><div class=\"av-masonry-outerimage-container\"><div class='av-masonry-image-container'   ><img decoding=\"async\" width=\"705\" height=\"471\" class=\"wp-image-7868 avia-img-lazy-loading-not-7868\"  src=\"https:\/\/ddessinparis.com\/2023\/wp-content\/uploads\/2023\/01\/HAMID_FAKHOURY___Nora_detail___2022___Bronze_a\u0300_patine_noire_3_sur_8_signe_de_lartiste_sceau_de_la_fonderie_de_Coubertin___30_x_17_x_16_cm_h-705x471.jpg\" title=\"HAMID_FAKHOURY___Nora,_detail___2022___Bronze_a\u0300_patine_noire,_3_sur_8,_signe_de_l&#8217;artiste,_sceau_de_la_fonderie_de_Coubertin___30_x_17_x_16_cm_h\" alt=\"\" srcset=\"https:\/\/ddessinparis.com\/2023\/wp-content\/uploads\/2023\/01\/HAMID_FAKHOURY___Nora_detail___2022___Bronze_a\u0300_patine_noire_3_sur_8_signe_de_lartiste_sceau_de_la_fonderie_de_Coubertin___30_x_17_x_16_cm_h-705x471.jpg 705w, https:\/\/ddessinparis.com\/2023\/wp-content\/uploads\/2023\/01\/HAMID_FAKHOURY___Nora_detail___2022___Bronze_a\u0300_patine_noire_3_sur_8_signe_de_lartiste_sceau_de_la_fonderie_de_Coubertin___30_x_17_x_16_cm_h-300x200.jpg 300w, https:\/\/ddessinparis.com\/2023\/wp-content\/uploads\/2023\/01\/HAMID_FAKHOURY___Nora_detail___2022___Bronze_a\u0300_patine_noire_3_sur_8_signe_de_lartiste_sceau_de_la_fonderie_de_Coubertin___30_x_17_x_16_cm_h-1030x687.jpg 1030w, https:\/\/ddessinparis.com\/2023\/wp-content\/uploads\/2023\/01\/HAMID_FAKHOURY___Nora_detail___2022___Bronze_a\u0300_patine_noire_3_sur_8_signe_de_lartiste_sceau_de_la_fonderie_de_Coubertin___30_x_17_x_16_cm_h-768x513.jpg 768w, https:\/\/ddessinparis.com\/2023\/wp-content\/uploads\/2023\/01\/HAMID_FAKHOURY___Nora_detail___2022___Bronze_a\u0300_patine_noire_3_sur_8_signe_de_lartiste_sceau_de_la_fonderie_de_Coubertin___30_x_17_x_16_cm_h-1536x1025.jpg 1536w, https:\/\/ddessinparis.com\/2023\/wp-content\/uploads\/2023\/01\/HAMID_FAKHOURY___Nora_detail___2022___Bronze_a\u0300_patine_noire_3_sur_8_signe_de_lartiste_sceau_de_la_fonderie_de_Coubertin___30_x_17_x_16_cm_h-2048x1367.jpg 2048w, https:\/\/ddessinparis.com\/2023\/wp-content\/uploads\/2023\/01\/HAMID_FAKHOURY___Nora_detail___2022___Bronze_a\u0300_patine_noire_3_sur_8_signe_de_lartiste_sceau_de_la_fonderie_de_Coubertin___30_x_17_x_16_cm_h-1500x1001.jpg 1500w\" sizes=\"(max-width: 705px) 100vw, 705px\" \/><\/div><\/div><figcaption class='av-inner-masonry-content site-background'><div class='av-inner-masonry-content-pos'><div class='av-inner-masonry-content-pos-content'><div class='avia-arrow'><\/div><div class='av-masonry-entry-content entry-content'  itemprop=\"text\" >Hamid Fakhoury, Nora, detail, 2022, Bronze \u00e0 patine noire, 3 sur 8, sign\u00e9 de l'artiste, sceau de la fonderie de Coubertin 30 x 17 x 16 cm, Courtesy Galerie C\u00e9cile Dufay - Paris<\/div><\/div><\/div><\/figcaption><\/figure><\/a><!--end av-masonry entry--><a href=\"https:\/\/ddessinparis.com\/2023\/wp-content\/uploads\/2023\/01\/LEODOLF_NEL___Head___2022___fusain_sur_papier_Fabriano___594_x_42_cm___courtoisie_Galerie_Cecile_Dufay___copie_2-757x1030.jpg\" data-srcset=\"https:\/\/ddessinparis.com\/2023\/wp-content\/uploads\/2023\/01\/LEODOLF_NEL___Head___2022___fusain_sur_papier_Fabriano___594_x_42_cm___courtoisie_Galerie_Cecile_Dufay___copie_2-757x1030.jpg 757w, https:\/\/ddessinparis.com\/2023\/wp-content\/uploads\/2023\/01\/LEODOLF_NEL___Head___2022___fusain_sur_papier_Fabriano___594_x_42_cm___courtoisie_Galerie_Cecile_Dufay___copie_2-221x300.jpg 221w, https:\/\/ddessinparis.com\/2023\/wp-content\/uploads\/2023\/01\/LEODOLF_NEL___Head___2022___fusain_sur_papier_Fabriano___594_x_42_cm___courtoisie_Galerie_Cecile_Dufay___copie_2-768x1045.jpg 768w, https:\/\/ddessinparis.com\/2023\/wp-content\/uploads\/2023\/01\/LEODOLF_NEL___Head___2022___fusain_sur_papier_Fabriano___594_x_42_cm___courtoisie_Galerie_Cecile_Dufay___copie_2-1129x1536.jpg 1129w, https:\/\/ddessinparis.com\/2023\/wp-content\/uploads\/2023\/01\/LEODOLF_NEL___Head___2022___fusain_sur_papier_Fabriano___594_x_42_cm___courtoisie_Galerie_Cecile_Dufay___copie_2-1506x2048.jpg 1506w, https:\/\/ddessinparis.com\/2023\/wp-content\/uploads\/2023\/01\/LEODOLF_NEL___Head___2022___fusain_sur_papier_Fabriano___594_x_42_cm___courtoisie_Galerie_Cecile_Dufay___copie_2-1103x1500.jpg 1103w, https:\/\/ddessinparis.com\/2023\/wp-content\/uploads\/2023\/01\/LEODOLF_NEL___Head___2022___fusain_sur_papier_Fabriano___594_x_42_cm___courtoisie_Galerie_Cecile_Dufay___copie_2-518x705.jpg 518w, https:\/\/ddessinparis.com\/2023\/wp-content\/uploads\/2023\/01\/LEODOLF_NEL___Head___2022___fusain_sur_papier_Fabriano___594_x_42_cm___courtoisie_Galerie_Cecile_Dufay___copie_2-scaled.jpg 1882w\" data-sizes=\"(max-width: 757px) 100vw, 757px\"  aria-label=\"image LEODOLF_NEL___Head___2022___fusain_sur_papier_Fabriano___59,4_x_42_cm___courtoisie_Galerie_Cecile_Dufay___copie_2\"  id='av-masonry-1-item-7869' data-av-masonry-item='7869' class='av-masonry-entry isotope-item post-7869 attachment type-attachment status-inherit hentry  av-masonry-item-with-image' title=\"LEODOLF_NEL___Head___2022___fusain_sur_papier_Fabriano___59,4_x_42_cm___courtoisie_Galerie_Cecile_Dufay___copie_2\" alt=\"\"   itemprop=\"thumbnailUrl\" ><div class='av-inner-masonry-sizer'><\/div><figure class='av-inner-masonry main_color'><div class=\"av-masonry-outerimage-container\"><div class='av-masonry-image-container'   ><img decoding=\"async\" width=\"518\" height=\"705\" class=\"wp-image-7869 avia-img-lazy-loading-not-7869\"  src=\"https:\/\/ddessinparis.com\/2023\/wp-content\/uploads\/2023\/01\/LEODOLF_NEL___Head___2022___fusain_sur_papier_Fabriano___594_x_42_cm___courtoisie_Galerie_Cecile_Dufay___copie_2-518x705.jpg\" title=\"LEODOLF_NEL___Head___2022___fusain_sur_papier_Fabriano___59,4_x_42_cm___courtoisie_Galerie_Cecile_Dufay___copie_2\" alt=\"\" srcset=\"https:\/\/ddessinparis.com\/2023\/wp-content\/uploads\/2023\/01\/LEODOLF_NEL___Head___2022___fusain_sur_papier_Fabriano___594_x_42_cm___courtoisie_Galerie_Cecile_Dufay___copie_2-518x705.jpg 518w, https:\/\/ddessinparis.com\/2023\/wp-content\/uploads\/2023\/01\/LEODOLF_NEL___Head___2022___fusain_sur_papier_Fabriano___594_x_42_cm___courtoisie_Galerie_Cecile_Dufay___copie_2-221x300.jpg 221w, https:\/\/ddessinparis.com\/2023\/wp-content\/uploads\/2023\/01\/LEODOLF_NEL___Head___2022___fusain_sur_papier_Fabriano___594_x_42_cm___courtoisie_Galerie_Cecile_Dufay___copie_2-757x1030.jpg 757w, https:\/\/ddessinparis.com\/2023\/wp-content\/uploads\/2023\/01\/LEODOLF_NEL___Head___2022___fusain_sur_papier_Fabriano___594_x_42_cm___courtoisie_Galerie_Cecile_Dufay___copie_2-768x1045.jpg 768w, https:\/\/ddessinparis.com\/2023\/wp-content\/uploads\/2023\/01\/LEODOLF_NEL___Head___2022___fusain_sur_papier_Fabriano___594_x_42_cm___courtoisie_Galerie_Cecile_Dufay___copie_2-1129x1536.jpg 1129w, https:\/\/ddessinparis.com\/2023\/wp-content\/uploads\/2023\/01\/LEODOLF_NEL___Head___2022___fusain_sur_papier_Fabriano___594_x_42_cm___courtoisie_Galerie_Cecile_Dufay___copie_2-1506x2048.jpg 1506w, https:\/\/ddessinparis.com\/2023\/wp-content\/uploads\/2023\/01\/LEODOLF_NEL___Head___2022___fusain_sur_papier_Fabriano___594_x_42_cm___courtoisie_Galerie_Cecile_Dufay___copie_2-1103x1500.jpg 1103w, https:\/\/ddessinparis.com\/2023\/wp-content\/uploads\/2023\/01\/LEODOLF_NEL___Head___2022___fusain_sur_papier_Fabriano___594_x_42_cm___courtoisie_Galerie_Cecile_Dufay___copie_2-scaled.jpg 1882w\" sizes=\"(max-width: 518px) 100vw, 518px\" \/><\/div><\/div><figcaption class='av-inner-masonry-content site-background'><div class='av-inner-masonry-content-pos'><div class='av-inner-masonry-content-pos-content'><div class='avia-arrow'><\/div><div class='av-masonry-entry-content entry-content'  itemprop=\"text\" >Leodolf Nel, Head, 2022, fusain sur papier Fabriano, 59,4 x 42 cm, Courtesy Galerie Cecile Dufay - Paris<\/div><\/div><\/div><\/figcaption><\/figure><\/a><!--end av-masonry entry--><\/div><\/div><\/div><div class='flex_column av-2nu3j6-78909a6f0658d5f39d9283781d6553b5 av_one_third  avia-builder-el-2  el_after_av_two_third  avia-builder-el-last  flex_column_div '   ><p>\n<style type=\"text\/css\" data-created_by=\"avia_inline_auto\" id=\"style-css-av-lcqgfukh-eb01a3a229b5ec26c26c289e3eb57cfb\">\n#top .av-special-heading.av-lcqgfukh-eb01a3a229b5ec26c26c289e3eb57cfb{\npadding-bottom:10px;\n}\n.av-special-heading.av-lcqgfukh-eb01a3a229b5ec26c26c289e3eb57cfb .av-subheading{\nfont-size:15px;\n}\n<\/style>\n<div  class='av-special-heading av-lcqgfukh-eb01a3a229b5ec26c26c289e3eb57cfb av-special-heading-h2 blockquote modern-quote  avia-builder-el-3  el_before_av_hr  avia-builder-el-first  '><h2 class='av-special-heading-tag '  itemprop=\"headline\"  >Galerie C\u00e9cile Dufay<\/h2><div class='av-subheading av-subheading_below '><p>PARIS<\/p>\n<\/div><div class='special-heading-border'><div class='special-heading-inner-border'><\/div><\/div><\/div><br \/>\n\n<style type=\"text\/css\" data-created_by=\"avia_inline_auto\" id=\"style-css-av-lcqhetox-60710f246c2fed9d2952b3499ca79360\">\n#top .hr.hr-invisible.av-lcqhetox-60710f246c2fed9d2952b3499ca79360{\nheight:25px;\n}\n<\/style>\n<div  class='hr av-lcqhetox-60710f246c2fed9d2952b3499ca79360 hr-invisible  avia-builder-el-4  el_after_av_heading  el_before_av_textblock  '><span class='hr-inner '><span class=\"hr-inner-style\"><\/span><\/span><\/div><br \/>\n<section class=\"av_textblock_section \"  itemscope=\"itemscope\" itemtype=\"https:\/\/schema.org\/CreativeWork\" ><div class='avia_textblock  av_inherit_color '  style='color:#000000; '  itemprop=\"text\" ><div class=\"x_elementToProof\">\n<p><span style=\"color: #000000;\"><strong>ARTISTES EXPOS\u00c9S<br \/>\n<\/strong><\/span> Barbara Asei Dantoni, Hamid Fakhoury, Leodolf Nel, Delphine Perlstein.<\/p>\n<\/div>\n<\/div><\/section><br \/>\n<section class=\"av_textblock_section \"  itemscope=\"itemscope\" itemtype=\"https:\/\/schema.org\/CreativeWork\" ><div class='avia_textblock  av_inherit_color '  style='color:#000000; '  itemprop=\"text\" ><p><strong>DIRECTRICE<\/strong><br \/>\n<span class=\"x_x_ContentPasted0 x_ContentPasted0 ContentPasted0\">C\u00e9cile Dufay<\/span><\/p>\n<p><strong>COORDONN\u00c9ES<br \/>\n<\/strong> 78, avenue de Suffren<br \/>\nVillage Suisse &#8211; 75015 Paris, France<br \/>\n+ <span id=\"OBJ_PREFIX_DWT437_com_zimbra_phone\" class=\"Object\" role=\"link\"><a href=\"callto:33 6 18 50 06 82\">33 6 18 50 06 82<\/a><\/span><br \/>\nSite internet : <span style=\"color: #00ccff;\"><span id=\"OBJ_PREFIX_DWT438_com_zimbra_url\" class=\"Object\" role=\"link\"><\/span><a href=\"http:\/\/www.galeriececiledufay.fr\" target=\"_blank\" rel=\"noopener\">www.galeriececiledufay.fr<\/a><\/span><\/p>\n<\/div><\/section><\/p><\/div><\/p>\n","protected":false},"excerpt":{"rendered":"","protected":false},"author":1,"featured_media":0,"parent":0,"menu_order":0,"comment_status":"closed","ping_status":"closed","template":"","meta":{"footnotes":""},"_links":{"self":[{"href":"https:\/\/ddessinparis.com\/2023\/wp-json\/wp\/v2\/pages\/7838"}],"collection":[{"href":"https:\/\/ddessinparis.com\/2023\/wp-json\/wp\/v2\/pages"}],"about":[{"href":"https:\/\/ddessinparis.com\/2023\/wp-json\/wp\/v2\/types\/page"}],"author":[{"embeddable":true,"href":"https:\/\/ddessinparis.com\/2023\/wp-json\/wp\/v2\/users\/1"}],"replies":[{"embeddable":true,"href":"https:\/\/ddessinparis.com\/2023\/wp-json\/wp\/v2\/comments?post=7838"}],"version-history":[{"count":4,"href":"https:\/\/ddessinparis.com\/2023\/wp-json\/wp\/v2\/pages\/7838\/revisions"}],"predecessor-version":[{"id":8055,"href":"https:\/\/ddessinparis.com\/2023\/wp-json\/wp\/v2\/pages\/7838\/revisions\/8055"}],"wp:attachment":[{"href":"https:\/\/ddessinparis.com\/2023\/wp-json\/wp\/v2\/media?parent=7838"}],"curies":[{"name":"wp","href":"https:\/\/api.w.org\/{rel}","templated":true}]}}